{"id":670,"date":"2022-10-26T00:24:58","date_gmt":"2022-10-25T16:24:58","guid":{"rendered":"https:\/\/zzlcmachinery.com\/?post_type=product&#038;p=670"},"modified":"2022-11-22T15:47:14","modified_gmt":"2022-11-22T07:47:14","slug":"lc-jk30-program-controlled-pattern-bender-metal-scroll-bending-machine","status":"publish","type":"product","link":"https:\/\/zzlcmachinery.com\/pt\/produto\/lc-jk30-program-controlled-pattern-bender-metal-scroll-bending-machine\/","title":{"rendered":"LC-JK30 Curvadora de padr\u00e3o controlado por programa M\u00e1quina de dobra de rolagem de metal"},"content":{"rendered":"","protected":false},"excerpt":{"rendered":"<p>LC-JK30 A m\u00e1quina de dobra de rolo de metal com dobrador de padr\u00e3o controlado por programa \u00e9 o pico do rei entre os muitos modelos da m\u00e1quina de dobra de rolo. Esta m\u00e1quina tem a maior gama de processamento entre todas as m\u00e1quinas do mesmo tipo. Pode ser usado para processar ferro plano, a\u00e7o quadrado, a\u00e7o redondo, tubo quadrado, tubo redondo e 6 conjuntos de dis vir\u00e3o com a m\u00e1quina quando a m\u00e1quina for enviada, esses 6 conjuntos de matrizes podem fazer padr\u00f5es P, S, C com um di\u00e2metro m\u00e1ximo de 50 cm. Os clientes podem personalizar os moldes de acordo com suas pr\u00f3prias necessidades. O di\u00e2metro m\u00e1ximo que pode ser personalizado nos moldes padr\u00e3o P, S, C \u00e9 de 100 cm.<br \/>\nA m\u00e1quina est\u00e1 equipada com um pedal. A opera\u00e7\u00e3o \u00e9 conveniente e r\u00e1pida, e o aprendizado de m\u00e1quina \u00e9 r\u00e1pido de aprender. Existem manuais e v\u00eddeos de opera\u00e7\u00e3o para todos os ferreiros aprenderem<br \/>\n24 horas de servi\u00e7o online, deixe-nos saber se voc\u00ea tiver alguma d\u00favida!<br \/>\n<strong>PAR\u00c2METRO T\u00c9CNICO<br \/>\n<\/strong><strong>Modelo: LC-JK30<br \/>\nFerro de passar:<\/strong>\u226480x20mm<br \/>\n<strong>A\u00e7o redondo:<\/strong> \u2264\u03c630mm<br \/>\n<strong>A\u00e7o Quadrado:<\/strong>\u226430x30mm<br \/>\n<strong>Tubo quadrado:<\/strong>\u226440x40mm Espessura do tubo quadrado\u22644mm<br \/>\n<strong>Tubo Redondo:<\/strong>\u2264\u03c642mm Espessura do tubo redondo\u22644mm<br \/>\n<strong>Velocidade de processamento:<\/strong> 200 unidades\/H<br \/>\n<strong>Poder:<\/strong> 5,5KW<br \/>\n<strong>Tens\u00e3o:<\/strong>\u00a0220 V\/380 V\/415 V<br \/>\n<strong>Dimens\u00e3o da embalagem:<\/strong> 1000\u00d71500\u00d71800mm<br \/>\n<strong>NW (kg):<\/strong> 750<br \/>\n<strong>PG (kg):<\/strong> 800<\/p>","protected":false},"featured_media":683,"template":"","meta":{"_kad_post_transparent":"default","_kad_post_title":"","_kad_post_layout":"default","_kad_post_sidebar_id":"","_kad_post_content_style":"default","_kad_post_vertical_padding":"default","_kad_post_feature":"","_kad_post_feature_position":"","_kad_post_header":false,"_kad_post_footer":false},"product_brand":[],"product_cat":[29,27],"product_tag":[195,191,182,188,187,186,184,183,185,190,192,194,189,111,193],"class_list":{"0":"post-670","1":"product","2":"type-product","3":"status-publish","4":"has-post-thumbnail","6":"product_cat-electric-wrought-iron-processing-machine","7":"product_cat-electric-scroll-bending-machine","8":"product_tag-automatoic-metal-craft-scroll-bender-machine","9":"product_tag-buy-wrought-iron-scroll-bending-machines","10":"product_tag-iron-pattern-bender","11":"product_tag-make-a-metal-scroll-bender","12":"product_tag-metal-craft-scroll-bending-machine-for-sale","13":"product_tag-ornamental-iron-machines","14":"product_tag-program-controiied-scroll-bending-machine","15":"product_tag-program-controlled-pattern-bender-metal-scroll-bending-machine","16":"product_tag-scroll-bending-machine-for-sale","17":"product_tag-scroll-bending-mchinae-programmed-controlled-panels","18":"product_tag-scroll-making-machine","19":"product_tag-scroll-pattern-bender-equipment","20":"product_tag-scroll-pattern-bending-machine","21":"product_tag-wrought-iron-machine","22":"product_tag-wrought-iron-scrolling-bending-machine","24":"first","25":"instock","26":"shipping-taxable","27":"product-type-simple","28":"entry","29":"content-bg","30":"loop-entry"},"_links":{"self":[{"href":"https:\/\/zzlcmachinery.com\/pt\/wp-json\/wp\/v2\/product\/670","targetHints":{"allow":["GET"]}}],"collection":[{"href":"https:\/\/zzlcmachinery.com\/pt\/wp-json\/wp\/v2\/product"}],"about":[{"href":"https:\/\/zzlcmachinery.com\/pt\/wp-json\/wp\/v2\/types\/product"}],"version-history":[{"count":0,"href":"https:\/\/zzlcmachinery.com\/pt\/wp-json\/wp\/v2\/product\/670\/revisions"}],"wp:featuredmedia":[{"embeddable":true,"href":"https:\/\/zzlcmachinery.com\/pt\/wp-json\/wp\/v2\/media\/683"}],"wp:attachment":[{"href":"https:\/\/zzlcmachinery.com\/pt\/wp-json\/wp\/v2\/media?parent=670"}],"wp:term":[{"taxonomy":"product_brand","embeddable":true,"href":"https:\/\/zzlcmachinery.com\/pt\/wp-json\/wp\/v2\/product_brand?post=670"},{"taxonomy":"product_cat","embeddable":true,"href":"https:\/\/zzlcmachinery.com\/pt\/wp-json\/wp\/v2\/product_cat?post=670"},{"taxonomy":"product_tag","embeddable":true,"href":"https:\/\/zzlcmachinery.com\/pt\/wp-json\/wp\/v2\/product_tag?post=670"}],"curies":[{"name":"wp","href":"https:\/\/api.w.org\/{rel}","templated":true}]}}