{"id":664,"date":"2022-10-25T23:47:44","date_gmt":"2022-10-25T15:47:44","guid":{"rendered":"https:\/\/zzlcmachinery.com\/?post_type=product&#038;p=664"},"modified":"2022-11-22T15:50:34","modified_gmt":"2022-11-22T07:50:34","slug":"lc-jk16-diy-wrought-iron-flat-steel-scrolling-bending-machine-metal-scroll-bender","status":"publish","type":"product","link":"https:\/\/zzlcmachinery.com\/pt\/produto\/lc-jk16-diy-wrought-iron-flat-steel-scrolling-bending-machine-metal-scroll-bender\/","title":{"rendered":"LC-JK16 M\u00e1quina de dobra de rolagem de a\u00e7o plano de ferro forjado fa\u00e7a voc\u00ea mesmo LC-JK16 Dobradora de rolagem de metal"},"content":{"rendered":"","protected":false},"excerpt":{"rendered":"<p>A m\u00e1quina de dobra de rolagem de a\u00e7o plano de ferro forjado DIY LC-JK16 tamb\u00e9m \u00e9 usada para fazer padr\u00f5es art\u00edsticos de ferro forjado em forma de C, em forma de P, em forma de S e em forma de U e adicionalmente equipado com bloqueio de \u03c650mm, \u03c6,30mm, \u03c620mm rodas, que s\u00e3o adequadas para o processamento de v\u00e1rios tamanhos de padr\u00f5es. A diferen\u00e7a \u00e9 que esta calandra pode processar n\u00e3o apenas ferro plano, a\u00e7o redondo, a\u00e7o quadrado, mas tamb\u00e9m tubo redondo e tubo quadrado.<br \/>\nEsta dobradeira scroll pode processar tubos quadrados de at\u00e9 20x20mm com espessura n\u00e3o superior a 3mm e di\u00e2metro de 20mm e tubo redondo com espessura n\u00e3o superior a 3mm.<br \/>\nA m\u00e1quina est\u00e1 equipada com 6 conjuntos de moldes gratuitamente.<br \/>\n24 horas de servi\u00e7o online, deixe-nos saber se voc\u00ea tiver alguma d\u00favida!<br \/>\n<strong>PAR\u00c2METRO T\u00c9CNICO<br \/>\n<\/strong><strong>Modelo: LC-JK16<br \/>\nFerro de passar:<\/strong>\u22648 \u00d7 50 mm<br \/>\n<strong>A\u00e7o redondo:<\/strong> \u2264\u03c616mm<br \/>\n<strong>A\u00e7o Quadrado:<\/strong>\u226416\u00d716mm<br \/>\n<strong>Tubo quadrado:<\/strong>\u226420\u00d720mm Espessura do tubo quadrado\u22643mm<br \/>\n<strong>Tubo Redondo:<\/strong>\u2264\u03c620mm Espessura do tubo redondo\u22643mm<br \/>\n<strong>Velocidade de processamento:<\/strong> 500 unidades\/H<br \/>\n<strong>Poder:<\/strong> 2,2KW<br \/>\n<strong>Tens\u00e3o:<\/strong>\u00a0220 V\/380 V\/415 V<br \/>\n<strong>Dimens\u00e3o da embalagem:<\/strong> 800\u00d7600\u00d71200mm<br \/>\n<strong>NW (kg):<\/strong> 350<br \/>\n<strong>PG (kg):<\/strong> 400<\/p>","protected":false},"featured_media":673,"template":"","meta":{"_kad_post_transparent":"default","_kad_post_title":"","_kad_post_layout":"default","_kad_post_sidebar_id":"","_kad_post_content_style":"default","_kad_post_vertical_padding":"default","_kad_post_feature":"","_kad_post_feature_position":"","_kad_post_header":false,"_kad_post_footer":false},"product_brand":[],"product_cat":[29,27],"product_tag":[178,180,175,76,49,182,177,179,72,181],"class_list":{"0":"post-664","1":"product","2":"type-product","3":"status-publish","4":"has-post-thumbnail","6":"product_cat-electric-wrought-iron-processing-machine","7":"product_cat-electric-scroll-bending-machine","8":"product_tag-buy-scroll-bender","9":"product_tag-china-wrought-iron-machine-and-metal-craft-machine","10":"product_tag-diy-wrought-iron-flat-steel-scrolling-bending-machine-metal-scroll-bender","11":"product_tag-electric-flat-iron-scroll-bending-machine","12":"product_tag-electric-scroll-bending-machine","13":"product_tag-iron-pattern-bender","14":"product_tag-manual-meta-scroll-bender","15":"product_tag-metal-craft-bending-tools","16":"product_tag-metal-scroll-bender","17":"product_tag-ornamental-iron-machine-manufacturer","19":"first","20":"instock","21":"shipping-taxable","22":"product-type-simple","23":"entry","24":"content-bg","25":"loop-entry"},"_links":{"self":[{"href":"https:\/\/zzlcmachinery.com\/pt\/wp-json\/wp\/v2\/product\/664","targetHints":{"allow":["GET"]}}],"collection":[{"href":"https:\/\/zzlcmachinery.com\/pt\/wp-json\/wp\/v2\/product"}],"about":[{"href":"https:\/\/zzlcmachinery.com\/pt\/wp-json\/wp\/v2\/types\/product"}],"version-history":[{"count":0,"href":"https:\/\/zzlcmachinery.com\/pt\/wp-json\/wp\/v2\/product\/664\/revisions"}],"wp:featuredmedia":[{"embeddable":true,"href":"https:\/\/zzlcmachinery.com\/pt\/wp-json\/wp\/v2\/media\/673"}],"wp:attachment":[{"href":"https:\/\/zzlcmachinery.com\/pt\/wp-json\/wp\/v2\/media?parent=664"}],"wp:term":[{"taxonomy":"product_brand","embeddable":true,"href":"https:\/\/zzlcmachinery.com\/pt\/wp-json\/wp\/v2\/product_brand?post=664"},{"taxonomy":"product_cat","embeddable":true,"href":"https:\/\/zzlcmachinery.com\/pt\/wp-json\/wp\/v2\/product_cat?post=664"},{"taxonomy":"product_tag","embeddable":true,"href":"https:\/\/zzlcmachinery.com\/pt\/wp-json\/wp\/v2\/product_tag?post=664"}],"curies":[{"name":"wp","href":"https:\/\/api.w.org\/{rel}","templated":true}]}}