{"id":653,"date":"2022-10-23T22:37:30","date_gmt":"2022-10-23T14:37:30","guid":{"rendered":"https:\/\/zzlcmachinery.com\/?post_type=product&#038;p=653"},"modified":"2022-11-22T15:52:22","modified_gmt":"2022-11-22T07:52:22","slug":"china-manufacture-metalcraft-hytraulic-moulder-wrought-iron-machine","status":"publish","type":"product","link":"https:\/\/zzlcmachinery.com\/pt\/produto\/china-manufacture-metalcraft-hytraulic-moulder-wrought-iron-machine\/","title":{"rendered":"M\u00e1quina de ferro forjado moldadora hidr\u00e1ulica Metalcraft de fabrica\u00e7\u00e3o chinesa"},"content":{"rendered":"","protected":false},"excerpt":{"rendered":"<p>LCYY16 China fabrica m\u00e1quina de ferro forjado moldador hidr\u00e1ulico de metalcraft com pre\u00e7o de f\u00e1brica, esta m\u00e1quina de conforma\u00e7\u00e3o hidr\u00e1ulica \u00e9 atualmente a m\u00e1quina de hidroconforma\u00e7\u00e3o mais funcional na ind\u00fastria de processamento de metal. Com base no processamento de ferro plano, a\u00e7o redondo e a\u00e7o quadrado, tamb\u00e9m pode processar tubos quadrados e redondos. O aumento de materiais de processamento pode expandir ainda mais a diversidade de padr\u00f5es de forma\u00e7\u00e3o. Este moldador hidr\u00e1ulico para artesanato em metal pode extrudar a\u00e7o quadrado, a\u00e7o redondo, ferro plano, tubo redondo e tubo quadrado em diferentes formas, como c\u00edrculo, arco e \u00e2ngulo ao mesmo tempo.<br \/>\nEste equipamento do pedal pode liberar as m\u00e3os do operador da m\u00e1quina, melhorar a efici\u00eancia do trabalho, economizar m\u00e3o de obra e a opera\u00e7\u00e3o simples e conveniente permite que voc\u00ea comece rapidamente.<br \/>\nA substitui\u00e7\u00e3o da ferramenta abrasiva pode ser conclu\u00edda em 5 minutos, e 4 conjuntos de moldes podem ser selecionados pelo cliente.<br \/>\nO moldador hidr\u00e1ulico acompanha-o aleatoriamente para quebrar 4 conjuntos de moldes livres (1 conjunto para dobrar \u00e2ngulos e moldes redondos ferventes, 1 conjunto de endireitar e alinhar arco, 2 conjuntos de moldes de forma\u00e7\u00e3o) e h\u00e1 moldes para os clientes escolherem.<br \/>\n24 horas de servi\u00e7o online, deixe-nos saber se voc\u00ea tiver alguma d\u00favida!<br \/>\n<strong>PAR\u00c2METRO T\u00c9CNICO<br \/>\n<\/strong><strong>Modelo: LC-YY16<br \/>\nCapacidade m\u00e1xima de trabalho:<\/strong> Chapinha\u226410x50mm<br \/>\nA\u00e7o redondo \u2264\u03a616mm A\u00e7o quadrado\u226416x16mm<br \/>\nTubo redondo\u2264\u03a680mm Tubo quadrado\u226480x80mm<br \/>\n<strong>Poder:<\/strong>7,5KW<br \/>\n<strong>Tens\u00e3o:<\/strong>\u00a0220 V\/380 V\/415 V<br \/>\n<strong>Dimens\u00e3o da embalagem:<\/strong> 1300\u00d7700\u00d71400mm<br \/>\n<strong>NW (kg):<\/strong> 780\u00a0 \u00a0 \u00a0 <strong>PG (kg):<\/strong> 850<\/p>","protected":false},"featured_media":659,"template":"","meta":{"_kad_post_transparent":"default","_kad_post_title":"","_kad_post_layout":"default","_kad_post_sidebar_id":"","_kad_post_content_style":"default","_kad_post_vertical_padding":"default","_kad_post_feature":"","_kad_post_feature_position":"","_kad_post_header":false,"_kad_post_footer":false},"product_brand":[],"product_cat":[29,23],"product_tag":[172,133,174,131,173,171,129,51,111],"class_list":{"0":"post-653","1":"product","2":"type-product","3":"status-publish","4":"has-post-thumbnail","6":"product_cat-electric-wrought-iron-processing-machine","7":"product_cat-wrought-iron-hydraulic-moulder","8":"product_tag-blacksmith-equipment","9":"product_tag-buy-metal-craft-hydraulic-moulder","10":"product_tag-china-iron-moulder","11":"product_tag-hydraulic-bending-machine","12":"product_tag-hydraulic-moulder-lanchen-reputable-wrought-iron-supplier","13":"product_tag-lc-yy16-china-manufacture-metalcraft-hytraulic-moulder-wrought-iron-machine","14":"product_tag-metal-craft-hydraulic-moulder","15":"product_tag-wrought-iron-bending-machine","16":"product_tag-wrought-iron-machine","18":"first","19":"instock","20":"shipping-taxable","21":"product-type-simple","22":"entry","23":"content-bg","24":"loop-entry"},"_links":{"self":[{"href":"https:\/\/zzlcmachinery.com\/pt\/wp-json\/wp\/v2\/product\/653","targetHints":{"allow":["GET"]}}],"collection":[{"href":"https:\/\/zzlcmachinery.com\/pt\/wp-json\/wp\/v2\/product"}],"about":[{"href":"https:\/\/zzlcmachinery.com\/pt\/wp-json\/wp\/v2\/types\/product"}],"version-history":[{"count":0,"href":"https:\/\/zzlcmachinery.com\/pt\/wp-json\/wp\/v2\/product\/653\/revisions"}],"wp:featuredmedia":[{"embeddable":true,"href":"https:\/\/zzlcmachinery.com\/pt\/wp-json\/wp\/v2\/media\/659"}],"wp:attachment":[{"href":"https:\/\/zzlcmachinery.com\/pt\/wp-json\/wp\/v2\/media?parent=653"}],"wp:term":[{"taxonomy":"product_brand","embeddable":true,"href":"https:\/\/zzlcmachinery.com\/pt\/wp-json\/wp\/v2\/product_brand?post=653"},{"taxonomy":"product_cat","embeddable":true,"href":"https:\/\/zzlcmachinery.com\/pt\/wp-json\/wp\/v2\/product_cat?post=653"},{"taxonomy":"product_tag","embeddable":true,"href":"https:\/\/zzlcmachinery.com\/pt\/wp-json\/wp\/v2\/product_tag?post=653"}],"curies":[{"name":"wp","href":"https:\/\/api.w.org\/{rel}","templated":true}]}}