{"id":645,"date":"2022-10-23T16:57:20","date_gmt":"2022-10-23T08:57:20","guid":{"rendered":"https:\/\/zzlcmachinery.com\/?post_type=product&#038;p=645"},"modified":"2022-11-22T15:55:02","modified_gmt":"2022-11-22T07:55:02","slug":"electric-decorative-metal-craft-wrought-iron-fishtail-making-machine","status":"publish","type":"product","link":"https:\/\/zzlcmachinery.com\/pt\/produto\/electric-decorative-metal-craft-wrought-iron-fishtail-making-machine\/","title":{"rendered":"M\u00e1quina de fazer rabo de peixe de ferro forjado para artesanato em metal decorativo el\u00e9trico"},"content":{"rendered":"","protected":false},"excerpt":{"rendered":"<p>LC-YW16 A m\u00e1quina el\u00e9trica para fabrica\u00e7\u00e3o de rabo de peixe em ferro forjado para artesanato em metal decorativo \u00e9 o super modelo do teste de pesquisa e desenvolvimento da nossa empresa e teste de experi\u00eancia em m\u00e1quinas de forjamento. Esta m\u00e1quina para fabricar rabo de peixe a quente pode processar tubo quadrado, a\u00e7o quadrado, ferro plano, a\u00e7o redondo e outros materiais.<br \/>\nEm particular, a fun\u00e7\u00e3o de processamento de tubos quadrados \u00e9 exclusiva desta m\u00e1quina para fabrica\u00e7\u00e3o de rabo de peixe artesanal de metal, pode processar tubos quadrados de tamanho 14x14mm, 16x16mm, 15x15mm, 20x20mm.<br \/>\nO produto processado muda apenas o comprimento e a largura, o que \u00e9 bonito e generoso. \u00c9 uma atualiza\u00e7\u00e3o das formula\u00e7\u00f5es F3 e F4, trocando o rolo exc\u00eantrico por um eixo exc\u00eantrico, fazendo com que o rolo mude para uma forma de tr\u00eas ranhuras e aumentando a vida \u00fatil em tr\u00eas vezes em compara\u00e7\u00e3o com outros.<br \/>\nOs rolos planos do lado de fora da cabe\u00e7a da m\u00e1quina rabo de peixe da prensa final de ferro forjado podem achatar, afiar e selar as barras quadradas e redondas.<br \/>\n24 horas de servi\u00e7o online, deixe-nos saber se voc\u00ea tiver alguma d\u00favida!<br \/>\n<strong>PAR\u00c2METRO T\u00c9CNICO<br \/>\n<\/strong><strong>Modelo: LC-YW16<br \/>\nFerro de passar:<\/strong> \u226410X60mm<br \/>\n<strong>A\u00e7o redondo:<\/strong> \u03c616mm<br \/>\n<strong>A\u00e7o Quadrado:<\/strong> \u226416\u00d716mm<br \/>\n<strong>Tubo quadrado:<\/strong>14x14mm, 16x16mm, 15x15mm, 20x20mm<br \/>\n<strong>Poder:<\/strong> 3KW<br \/>\n<strong>Tens\u00e3o:<\/strong>\u00a0220 V\/380 V\/415 V<br \/>\n<strong>Dimens\u00e3o da embalagem:<\/strong> 1000\u00d7600\u00d71110mm<br \/>\n<strong>NW (kg):<\/strong>380<br \/>\n<strong>PG (kg):<\/strong> 400<\/p>","protected":false},"featured_media":648,"template":"","meta":{"_kad_post_transparent":"default","_kad_post_title":"","_kad_post_layout":"default","_kad_post_sidebar_id":"","_kad_post_content_style":"default","_kad_post_vertical_padding":"default","_kad_post_feature":"","_kad_post_feature_position":"","_kad_post_header":false,"_kad_post_footer":false},"product_brand":[],"product_cat":[29,24],"product_tag":[163,165,167,166,168,162,169,170,164,161,111],"class_list":{"0":"post-645","1":"product","2":"type-product","3":"status-publish","4":"has-post-thumbnail","6":"product_cat-electric-wrought-iron-processing-machine","7":"product_cat-wrought-iron-fishtail-forging-machine","8":"product_tag-china-hot-roll-fishtail-machine-manufacturing-for-sale","9":"product_tag-end-hot-fishtail-for-wrought-iron","10":"product_tag-fishtail-iron-processing-machine","11":"product_tag-hot-roll-end-forging-machine","12":"product_tag-hot-roll-fishtail-machine","13":"product_tag-hot-roll-fishtail-making-machine","14":"product_tag-hot-roll-fishtail-mill","15":"product_tag-hot-rolling-fishtail-forming-machine","16":"product_tag-hot-roll-fishtail-coining-machine","17":"product_tag-wrought-iron-end-press-fishtail-machine","18":"product_tag-wrought-iron-machine","20":"first","21":"instock","22":"shipping-taxable","23":"product-type-simple","24":"entry","25":"content-bg","26":"loop-entry"},"_links":{"self":[{"href":"https:\/\/zzlcmachinery.com\/pt\/wp-json\/wp\/v2\/product\/645","targetHints":{"allow":["GET"]}}],"collection":[{"href":"https:\/\/zzlcmachinery.com\/pt\/wp-json\/wp\/v2\/product"}],"about":[{"href":"https:\/\/zzlcmachinery.com\/pt\/wp-json\/wp\/v2\/types\/product"}],"version-history":[{"count":0,"href":"https:\/\/zzlcmachinery.com\/pt\/wp-json\/wp\/v2\/product\/645\/revisions"}],"wp:featuredmedia":[{"embeddable":true,"href":"https:\/\/zzlcmachinery.com\/pt\/wp-json\/wp\/v2\/media\/648"}],"wp:attachment":[{"href":"https:\/\/zzlcmachinery.com\/pt\/wp-json\/wp\/v2\/media?parent=645"}],"wp:term":[{"taxonomy":"product_brand","embeddable":true,"href":"https:\/\/zzlcmachinery.com\/pt\/wp-json\/wp\/v2\/product_brand?post=645"},{"taxonomy":"product_cat","embeddable":true,"href":"https:\/\/zzlcmachinery.com\/pt\/wp-json\/wp\/v2\/product_cat?post=645"},{"taxonomy":"product_tag","embeddable":true,"href":"https:\/\/zzlcmachinery.com\/pt\/wp-json\/wp\/v2\/product_tag?post=645"}],"curies":[{"name":"wp","href":"https:\/\/api.w.org\/{rel}","templated":true}]}}