{"id":631,"date":"2022-10-20T00:48:38","date_gmt":"2022-10-19T16:48:38","guid":{"rendered":"https:\/\/zzlcmachinery.com\/?post_type=product&#038;p=631"},"modified":"2023-02-18T16:11:26","modified_gmt":"2023-02-18T08:11:26","slug":"buy-metal-craft-steel-coil-rolling-machine-ornament-iron-making-machine","status":"publish","type":"product","link":"https:\/\/zzlcmachinery.com\/pt\/produto\/buy-metal-craft-steel-coil-rolling-machine-ornament-iron-making-machine\/","title":{"rendered":"Compre m\u00e1quina de enrolar bobinas de a\u00e7o para artesanato em metal, m\u00e1quina de fazer ornamentos de ferro"},"content":{"rendered":"","protected":false},"excerpt":{"rendered":"<p>LC-CJ16 comprar m\u00e1quina de lamina\u00e7\u00e3o de bobina de a\u00e7o artesanal de metal ornamento m\u00e1quina de fabrica\u00e7\u00e3o de ferro, esta m\u00e1quina de lamina\u00e7\u00e3o de bobina hidr\u00e1ulica \u00e9 usada para a\u00e7o plano com cabe\u00e7a, a\u00e7o quadrado, a\u00e7o redondo e bobina final ap\u00f3s o aquecimento do tubo redondo. O material de ferro da cauda de peixe \u00e9 enrolado automaticamente. A forma da bobina \u00e9 um padr\u00e3o essencial em produtos de ferro forjado. Portanto, a laminadora \u00e9 uma m\u00e1quina importante adequada para arte em ferro, decora\u00e7\u00e3o, jardinagem, etc.<br \/>\nOs materiais de ferro podem ser laminados em rolos de flor de di\u00e2metro \u03a630, \u03a640, \u03a650mm, que podem basicamente atender ao ferro plano comum internacional, a\u00e7o redondo de a\u00e7o quadrado e tubo redondo (a extremidade traseira precisa ser processada em rabo de peixe) usado no processo de produ\u00e7\u00e3o de Portas, janelas, corrim\u00e3os e grades do tipo arte em estilo europeu.<br \/>\nEsta lamina\u00e7\u00e3o de bobina de ferro ornamental hidr\u00e1ulica tem as vantagens de lamina\u00e7\u00e3o r\u00e1pida, opera\u00e7\u00e3o conveniente, ampla gama de processamento, muitos materiais process\u00e1veis, rolos de alta qualidade e alta efici\u00eancia de produ\u00e7\u00e3o.<br \/>\n24 horas de servi\u00e7o online, deixe-nos saber se voc\u00ea tiver alguma d\u00favida!<br \/>\n<strong>PAR\u00c2METRO T\u00c9CNICO<br \/>\n<\/strong><strong>Modelo: LC-CJ16<br \/>\nCapacidade m\u00e1xima de trabalho:<\/strong> chapinha aquecida: 10x50mm<br \/>\nA\u00e7o quadrado \u226425x25mm<br \/>\nA\u00e7o redondo \u2264\u03a625mm<br \/>\nTubo redondo \u2264\u03a625mm<br \/>\n<strong>Poder:<\/strong> 1,1KW 6P<br \/>\n<strong>Tens\u00e3o:<\/strong>\u00a0220 V\/380 V\/415 V<br \/>\n<strong>Dimens\u00e3o da embalagem:<\/strong> 1000\u00d7600\u00d71300mm<br \/>\n<strong>NW (kg):<\/strong> 200\u00a0 \u00a0 \u00a0 <strong>PG (kg):<\/strong> 240<\/p>","protected":false},"featured_media":637,"template":"","meta":{"_kad_post_transparent":"default","_kad_post_title":"","_kad_post_layout":"default","_kad_post_sidebar_id":"","_kad_post_content_style":"default","_kad_post_vertical_padding":"default","_kad_post_feature":"","_kad_post_feature_position":"","_kad_post_header":false,"_kad_post_footer":false},"product_brand":[],"product_cat":[25,29],"product_tag":[160,158,155,153,152,159,124,157,156,154],"class_list":{"0":"post-631","1":"product","2":"type-product","3":"status-publish","4":"has-post-thumbnail","6":"product_cat-electric-make-coil-machine-for-metal-craft","7":"product_cat-electric-wrought-iron-processing-machine","8":"product_tag-automatic-blacksmith-coil-rolling-machine","9":"product_tag-buy-metal-craft-steel-coil-rolling-machine-ornament-iron-making-machine","10":"product_tag-electric-coil-rolling-machine","11":"product_tag-electric-making-coil-machine","12":"product_tag-iron-coils-making-machine","13":"product_tag-mechanical-metal-craft-flat-steel-coil-rolling-making-machine-price","14":"product_tag-metal-craft-steel-coil-rolling-machine","15":"product_tag-ornament-iron-making-machine","16":"product_tag-wrought-iron-coil-making","17":"product_tag-wrought-iron-electric-make-coil-machine-for-decorative","19":"first","20":"instock","21":"shipping-taxable","22":"product-type-simple","23":"entry","24":"content-bg","25":"loop-entry"},"_links":{"self":[{"href":"https:\/\/zzlcmachinery.com\/pt\/wp-json\/wp\/v2\/product\/631","targetHints":{"allow":["GET"]}}],"collection":[{"href":"https:\/\/zzlcmachinery.com\/pt\/wp-json\/wp\/v2\/product"}],"about":[{"href":"https:\/\/zzlcmachinery.com\/pt\/wp-json\/wp\/v2\/types\/product"}],"version-history":[{"count":0,"href":"https:\/\/zzlcmachinery.com\/pt\/wp-json\/wp\/v2\/product\/631\/revisions"}],"wp:featuredmedia":[{"embeddable":true,"href":"https:\/\/zzlcmachinery.com\/pt\/wp-json\/wp\/v2\/media\/637"}],"wp:attachment":[{"href":"https:\/\/zzlcmachinery.com\/pt\/wp-json\/wp\/v2\/media?parent=631"}],"wp:term":[{"taxonomy":"product_brand","embeddable":true,"href":"https:\/\/zzlcmachinery.com\/pt\/wp-json\/wp\/v2\/product_brand?post=631"},{"taxonomy":"product_cat","embeddable":true,"href":"https:\/\/zzlcmachinery.com\/pt\/wp-json\/wp\/v2\/product_cat?post=631"},{"taxonomy":"product_tag","embeddable":true,"href":"https:\/\/zzlcmachinery.com\/pt\/wp-json\/wp\/v2\/product_tag?post=631"}],"curies":[{"name":"wp","href":"https:\/\/api.w.org\/{rel}","templated":true}]}}