{"id":618,"date":"2022-10-19T15:15:26","date_gmt":"2022-10-19T07:15:26","guid":{"rendered":"https:\/\/zzlcmachinery.com\/?post_type=product&#038;p=618"},"modified":"2022-11-22T15:59:15","modified_gmt":"2022-11-22T07:59:15","slug":"lc-gp40-high-frequency-metal-induction-heater-for-sale","status":"publish","type":"product","link":"https:\/\/zzlcmachinery.com\/pt\/produto\/lc-gp40-high-frequency-metal-induction-heater-for-sale\/","title":{"rendered":"Aquecedor de indu\u00e7\u00e3o de metal de alta frequ\u00eancia LC-GP40 para venda"},"content":{"rendered":"","protected":false},"excerpt":{"rendered":"<p><strong>LC-GP40 Aquecedor de indu\u00e7\u00e3o de metal de alta frequ\u00eancia para venda.<\/strong><br \/>\nA nova gera\u00e7\u00e3o de aquecedor de alta frequ\u00eancia \u00e9 composta de duas partes: host de aquecimento e dispositivo de resfriamento. O tanque de \u00e1gua ampliado e quatro ventiladores podem fazer a m\u00e1quina funcionar por mais tempo, mesmo na \u00c1frica, onde a temperatura \u00e9 muito alta no mundo, pode ser usada por muito tempo.<br \/>\nEsta m\u00e1quina de aquecimento r\u00e1pido de metal. A fonte de alimenta\u00e7\u00e3o da m\u00e1quina \u00e9 continuamente ajust\u00e1vel de 2KW a 20KW. Diferentes KW podem ser selecionados de acordo com diferentes tamanhos de materiais, o que economiza muita energia. Normalmente, a m\u00e1quina est\u00e1 em estado de espera sem aquecimento e n\u00e3o desperdi\u00e7a eletricidade. O design de economia de eletricidade \u00e9 muito f\u00e1cil de usar.<br \/>\nAl\u00e9m disso, a m\u00e1quina de aquecimento de alta frequ\u00eancia est\u00e1 equipada com um pedal para liberar as m\u00e3os do trabalhador. Uma pessoa inexperiente pode aprender e operar esta m\u00e1quina em 10 minutos,<br \/>\nBaixos custos de manuten\u00e7\u00e3o, s\u00f3 precisa de um pouco de \u00e1gua pura e \u00f3leo lubrificante,<br \/>\nA m\u00e1quina pode ser usada n\u00e3o apenas para aquecer ferro comum, mas tamb\u00e9m para derreter ouro e prata.<br \/>\n24 horas de servi\u00e7o online, deixe-nos saber se voc\u00ea tiver alguma d\u00favida!<br \/>\n<strong>PAR\u00c2METRO T\u00c9CNICO<br \/>\n<\/strong><strong>Modelo: LC-GPIV36<br \/>\nCapacidade m\u00e1xima de trabalho:<\/strong> Chapinha\u22646x50mm<br \/>\nA\u00e7o quadrado \u226420X20mm<br \/>\nA\u00e7o redondo\u226420mm<br \/>\n<strong>Poder:<\/strong>corrente el\u00e9trica de surto de sa\u00edda: 300A-1400A<br \/>\nCorrente el\u00e9trica de entrada: 5-36A<br \/>\n<strong>Tens\u00e3o:<\/strong> A faixa de tens\u00e3o de entrada: 320-420v 50HZ<br \/>\n<strong>Dimens\u00e3o da embalagem:<\/strong> 500x700x700mm +1200x600x800mm<br \/>\n<strong>NW (kg):<\/strong> 180\u00a0 \u00a0 <strong>PG (kg):<\/strong> 200<\/p>","protected":false},"featured_media":626,"template":"","meta":{"_kad_post_transparent":"default","_kad_post_title":"","_kad_post_layout":"default","_kad_post_sidebar_id":"","_kad_post_content_style":"default","_kad_post_vertical_padding":"default","_kad_post_feature":"","_kad_post_feature_position":"","_kad_post_header":false,"_kad_post_footer":false},"product_brand":[],"product_cat":[29,32],"product_tag":[149,147,150,145,146,151,148],"class_list":{"0":"post-618","1":"product","2":"type-product","3":"status-publish","4":"has-post-thumbnail","6":"product_cat-electric-wrought-iron-processing-machine","7":"product_cat-power-of-iron-effcient-heater","8":"product_tag-application-of-high-frequency-metal-induction-heater-for-sale","9":"product_tag-featured-metal-induction-heater-for-sale","10":"product_tag-high-frequency-metal-induction-heater-for-sale","11":"product_tag-induction-heating-equipment","12":"product_tag-induction-heating-machine-for-metal-forging","13":"product_tag-the-power-of-iron-effcient-heater","14":"product_tag-wrought-iron-machine-induction-heating-forging-equipment","16":"first","17":"instock","18":"shipping-taxable","19":"product-type-simple","20":"entry","21":"content-bg","22":"loop-entry"},"_links":{"self":[{"href":"https:\/\/zzlcmachinery.com\/pt\/wp-json\/wp\/v2\/product\/618","targetHints":{"allow":["GET"]}}],"collection":[{"href":"https:\/\/zzlcmachinery.com\/pt\/wp-json\/wp\/v2\/product"}],"about":[{"href":"https:\/\/zzlcmachinery.com\/pt\/wp-json\/wp\/v2\/types\/product"}],"version-history":[{"count":0,"href":"https:\/\/zzlcmachinery.com\/pt\/wp-json\/wp\/v2\/product\/618\/revisions"}],"wp:featuredmedia":[{"embeddable":true,"href":"https:\/\/zzlcmachinery.com\/pt\/wp-json\/wp\/v2\/media\/626"}],"wp:attachment":[{"href":"https:\/\/zzlcmachinery.com\/pt\/wp-json\/wp\/v2\/media?parent=618"}],"wp:term":[{"taxonomy":"product_brand","embeddable":true,"href":"https:\/\/zzlcmachinery.com\/pt\/wp-json\/wp\/v2\/product_brand?post=618"},{"taxonomy":"product_cat","embeddable":true,"href":"https:\/\/zzlcmachinery.com\/pt\/wp-json\/wp\/v2\/product_cat?post=618"},{"taxonomy":"product_tag","embeddable":true,"href":"https:\/\/zzlcmachinery.com\/pt\/wp-json\/wp\/v2\/product_tag?post=618"}],"curies":[{"name":"wp","href":"https:\/\/api.w.org\/{rel}","templated":true}]}}