{"id":608,"date":"2022-10-18T17:16:42","date_gmt":"2022-10-18T09:16:42","guid":{"rendered":"https:\/\/zzlcmachinery.com\/?post_type=product&#038;p=608"},"modified":"2022-11-22T17:02:01","modified_gmt":"2022-11-22T09:02:01","slug":"iron-efficient-power-heater-for-wrought-iron","status":"publish","type":"product","link":"https:\/\/zzlcmachinery.com\/pt\/produto\/iron-efficient-power-heater-for-wrought-iron\/","title":{"rendered":"Aquecedor de energia eficiente para ferro forjado"},"content":{"rendered":"","protected":false},"excerpt":{"rendered":"<p>Aquecedor de energia eficiente para ferro forjado de f\u00e1brica para artesanato em metal.<br \/>\nO aquecedor de indu\u00e7\u00e3o de metal \u00e9 um m\u00e9todo de aquecimento r\u00e1pido, seguro e eficiente amplamente utilizado na ind\u00fastria de processamento e forjamento de metal. O equipamento adota aquecimento por indu\u00e7\u00e3o de alta frequ\u00eancia, resfriamento por \u00e1gua circulante, resfriamento por ventilador e outras tecnologias para permitir que a m\u00e1quina aque\u00e7a continuamente por um longo per\u00edodo de tempo. A m\u00e1quina de aquecimento de alta frequ\u00eancia \u00e9 amplamente utilizada em forjamento de metal, como aquecimento de ferro plano, a\u00e7o quadrado, a\u00e7o redondo em engenharia de aquecimento de arte de ferro, aquecimento de pe\u00e7as em processo de t\u00eampera,<br \/>\nA maior vantagem desta m\u00e1quina \u00e9 que ela pode completar o aquecimento de a\u00e7o quadrado de 16x16mm em 5 segundos, com menor consumo de energia, aquecimento r\u00e1pido, prote\u00e7\u00e3o de seguran\u00e7a e bobinas de aquecimento sobressalentes. \u00c9 profundamente amado por ferreiros e f\u00e1bricas de processamento de portas e janelas<br \/>\n24 horas de servi\u00e7o online, deixe-nos saber se voc\u00ea tiver alguma d\u00favida!<br \/>\n<strong>PAR\u00c2METRO T\u00c9CNICO<br \/>\n<\/strong><strong>Modelo: LC-GPIV36<br \/>\nCapacidade m\u00e1xima de trabalho:<\/strong> Chapinha\u226410x50mm<br \/>\nA\u00e7o quadrado \u226420X20mm<br \/>\nOutro di\u00e2metro da pe\u00e7a de trabalho\u226430mm<br \/>\n<strong>Poder:<\/strong>corrente el\u00e9trica de surto de sa\u00edda: 300A-1400A<br \/>\nCorrente el\u00e9trica de entrada: 4-36A<br \/>\n<strong>Tens\u00e3o:<\/strong> A faixa de tens\u00e3o de entrada: 320-420v 50HZ<br \/>\n<strong>Dimens\u00e3o da embalagem:<\/strong> 1050\u00d7680\u00d71520mm<br \/>\n<strong>NW (kg):<\/strong> 230\u00a0 \u00a0 \u00a0<strong>PG (kg):<\/strong> 260<\/p>","protected":false},"featured_media":610,"template":"","meta":{"_kad_post_transparent":"default","_kad_post_title":"","_kad_post_layout":"default","_kad_post_sidebar_id":"","_kad_post_content_style":"default","_kad_post_vertical_padding":"default","_kad_post_feature":"","_kad_post_feature_position":"","_kad_post_header":false,"_kad_post_footer":false},"product_brand":[],"product_cat":[29,32],"product_tag":[140,136,138,142,137,144,139,141,143],"class_list":{"0":"post-608","1":"product","2":"type-product","3":"status-publish","4":"has-post-thumbnail","6":"product_cat-electric-wrought-iron-processing-machine","7":"product_cat-power-of-iron-effcient-heater","8":"product_tag-china-the-power-of-iron-efficient-heate","9":"product_tag-high-frequency-heating-machine","10":"product_tag-iron-efficient-power-heater","11":"product_tag-metal-craft-machines","12":"product_tag-ornamental-iron-machine","13":"product_tag-reliable-quality-iron-effcient-heater","14":"product_tag-the-power-of-iron-efficienet-heater","15":"product_tag-wholesale-el-gp-iv-36-the-power-machine-of-iron-efficient-heater","16":"product_tag-wrought-iron-heating-machine","18":"first","19":"instock","20":"shipping-taxable","21":"product-type-simple","22":"entry","23":"content-bg","24":"loop-entry"},"_links":{"self":[{"href":"https:\/\/zzlcmachinery.com\/pt\/wp-json\/wp\/v2\/product\/608","targetHints":{"allow":["GET"]}}],"collection":[{"href":"https:\/\/zzlcmachinery.com\/pt\/wp-json\/wp\/v2\/product"}],"about":[{"href":"https:\/\/zzlcmachinery.com\/pt\/wp-json\/wp\/v2\/types\/product"}],"version-history":[{"count":0,"href":"https:\/\/zzlcmachinery.com\/pt\/wp-json\/wp\/v2\/product\/608\/revisions"}],"wp:featuredmedia":[{"embeddable":true,"href":"https:\/\/zzlcmachinery.com\/pt\/wp-json\/wp\/v2\/media\/610"}],"wp:attachment":[{"href":"https:\/\/zzlcmachinery.com\/pt\/wp-json\/wp\/v2\/media?parent=608"}],"wp:term":[{"taxonomy":"product_brand","embeddable":true,"href":"https:\/\/zzlcmachinery.com\/pt\/wp-json\/wp\/v2\/product_brand?post=608"},{"taxonomy":"product_cat","embeddable":true,"href":"https:\/\/zzlcmachinery.com\/pt\/wp-json\/wp\/v2\/product_cat?post=608"},{"taxonomy":"product_tag","embeddable":true,"href":"https:\/\/zzlcmachinery.com\/pt\/wp-json\/wp\/v2\/product_tag?post=608"}],"curies":[{"name":"wp","href":"https:\/\/api.w.org\/{rel}","templated":true}]}}