{"id":596,"date":"2022-10-16T20:39:30","date_gmt":"2022-10-16T12:39:30","guid":{"rendered":"https:\/\/zzlcmachinery.com\/?post_type=product&#038;p=596"},"modified":"2022-11-22T16:51:37","modified_gmt":"2022-11-22T08:51:37","slug":"wrought-iron-hydraulic-moulder-machine-for-metal-craft","status":"publish","type":"product","link":"https:\/\/zzlcmachinery.com\/pt\/produto\/wrought-iron-hydraulic-moulder-machine-for-metal-craft\/","title":{"rendered":"Moldadora hidr\u00e1ulica de ferro forjado para artesanato em metal"},"content":{"rendered":"","protected":false},"excerpt":{"rendered":"<p>M\u00e1quina de moldagem hidr\u00e1ulica de ferro forjado LCDY16 para artesanato de metal para ferro forjado com pre\u00e7o de f\u00e1brica, esta m\u00e1quina pode processar e dobrar a\u00e7o quadrado, a\u00e7o redondo e ferro plano. Tem tr\u00eas fun\u00e7\u00f5es: arco de dobra, endireitamento e dobra de \u00e2ngulo. O mecanismo pode ser dobrado em v\u00e1rios \u00e2ngulos. Alta efici\u00eancia de produ\u00e7\u00e3o, os produtos podem ser produzidos em lotes, \u00e9 um equipamento ideal para decora\u00e7\u00e3o, m\u00f3veis, jardins municipais, constru\u00e7\u00e3o e ferragens de portas e janelas.<br \/>\nA m\u00e1quina o acompanha aleatoriamente para quebrar 4 conjuntos de moldes livres (1 conjunto para moldes redondos de dobra e fervura, 1 conjunto de endireitamento e alinhamento de arco, 2 conjuntos de moldes de conforma\u00e7\u00e3o) e h\u00e1 moldes para o cliente escolher.<br \/>\n24 horas de servi\u00e7o online, deixe-nos saber se voc\u00ea tiver alguma d\u00favida!<br \/>\n<strong>PAR\u00c2METRO T\u00c9CNICO<br \/>\n<\/strong><strong>Modelo: LC-DY16A<br \/>\nCapacidade m\u00e1xima de trabalho:<\/strong> Chapinha\u226410x50mm<br \/>\nA\u00e7o redondo \u2264\u03a616mm A\u00e7o quadrado\u226416x16mm<br \/>\n<strong>Poder:<\/strong>7,5KW<br \/>\n<strong>Tens\u00e3o:<\/strong>\u00a0220 V\/380 V\/415 V<br \/>\n<strong>Dimens\u00e3o da embalagem:<\/strong> 1250\u00d7820\u00d71100mm<br \/>\n<strong>NW (kg):<\/strong> 750\u00a0 \u00a0 \u00a0 <strong>PG (kg):<\/strong> 850<\/p>","protected":false},"featured_media":599,"template":"","meta":{"_kad_post_transparent":"default","_kad_post_title":"","_kad_post_layout":"default","_kad_post_sidebar_id":"","_kad_post_content_style":"default","_kad_post_vertical_padding":"default","_kad_post_feature":"","_kad_post_feature_position":"","_kad_post_header":false,"_kad_post_footer":false},"product_brand":[],"product_cat":[29,23],"product_tag":[135,134,133,132,131,130,129,128],"class_list":{"0":"post-596","1":"product","2":"type-product","3":"status-publish","4":"has-post-thumbnail","6":"product_cat-electric-wrought-iron-processing-machine","7":"product_cat-wrought-iron-hydraulic-moulder","8":"product_tag-anbang-wrought-iron-hydraulic-moulder-blacksmith-machine","9":"product_tag-blacksmith-equipengt","10":"product_tag-buy-metal-craft-hydraulic-moulder","11":"product_tag-finished-prodect-of-wrought-iron-bending-machine","12":"product_tag-hydraulic-bending-machine","13":"product_tag-hydraulic-moulder-reputable-wrought-iron-supplier","14":"product_tag-metal-craft-hydraulic-moulder","15":"product_tag-moulds-of-hydraulic-moulder-machine-for-wrought-iron","17":"first","18":"instock","19":"shipping-taxable","20":"product-type-simple","21":"entry","22":"content-bg","23":"loop-entry"},"_links":{"self":[{"href":"https:\/\/zzlcmachinery.com\/pt\/wp-json\/wp\/v2\/product\/596","targetHints":{"allow":["GET"]}}],"collection":[{"href":"https:\/\/zzlcmachinery.com\/pt\/wp-json\/wp\/v2\/product"}],"about":[{"href":"https:\/\/zzlcmachinery.com\/pt\/wp-json\/wp\/v2\/types\/product"}],"version-history":[{"count":0,"href":"https:\/\/zzlcmachinery.com\/pt\/wp-json\/wp\/v2\/product\/596\/revisions"}],"wp:featuredmedia":[{"embeddable":true,"href":"https:\/\/zzlcmachinery.com\/pt\/wp-json\/wp\/v2\/media\/599"}],"wp:attachment":[{"href":"https:\/\/zzlcmachinery.com\/pt\/wp-json\/wp\/v2\/media?parent=596"}],"wp:term":[{"taxonomy":"product_brand","embeddable":true,"href":"https:\/\/zzlcmachinery.com\/pt\/wp-json\/wp\/v2\/product_brand?post=596"},{"taxonomy":"product_cat","embeddable":true,"href":"https:\/\/zzlcmachinery.com\/pt\/wp-json\/wp\/v2\/product_cat?post=596"},{"taxonomy":"product_tag","embeddable":true,"href":"https:\/\/zzlcmachinery.com\/pt\/wp-json\/wp\/v2\/product_tag?post=596"}],"curies":[{"name":"wp","href":"https:\/\/api.w.org\/{rel}","templated":true}]}}