{"id":586,"date":"2022-10-15T23:03:30","date_gmt":"2022-10-15T15:03:30","guid":{"rendered":"https:\/\/zzlcmachinery.com\/?post_type=product&#038;p=586"},"modified":"2023-02-09T20:09:36","modified_gmt":"2023-02-09T12:09:36","slug":"hot-metal-electric-coil-making-machine-for-wrought-iron-with-factory-price","status":"publish","type":"product","link":"https:\/\/zzlcmachinery.com\/pt\/produto\/hot-metal-electric-coil-making-machine-for-wrought-iron-with-factory-price\/","title":{"rendered":"M\u00e1quina de fabrica\u00e7\u00e3o de bobina de ferro el\u00e9trico de metal quente para ferro forjado com pre\u00e7o de f\u00e1brica"},"content":{"rendered":"","protected":false},"excerpt":{"rendered":"<p>LC-DDG12A M\u00e1quina de fabricar bobina el\u00e9trica de metal quente para ferro forjado com pre\u00e7o de f\u00e1brica, a laminadora hidr\u00e1ulica \u00e9 usada especialmente para processamento de lamina\u00e7\u00e3o de metal e usada na produ\u00e7\u00e3o de grades de portas e janelas. Ferro plano aquecido, a\u00e7o quadrado, a\u00e7o redondo (peixe formato de cauda) de diferentes especifica\u00e7\u00f5es pode ser enrolado firmemente em uma bobina de metal para formar uma forma como um estame bem embrulhado, o que melhora muito a elegante forma art\u00edstica do processamento de metal. , \u00e9 uma m\u00e1quina indispens\u00e1vel e importante na linha de produ\u00e7\u00e3o europeia de processamento de ferro,<br \/>\nEsta m\u00e1quina possui apenas um conjunto de moldes gratuitos enviados com a m\u00e1quina.<br \/>\nUsando o controle autom\u00e1tico do programa, o ajuste \u00e9 simples, a opera\u00e7\u00e3o \u00e9 f\u00e1cil e o produto \u00e9 formado de uma s\u00f3 vez, o que melhora muito a efici\u00eancia do trabalho.<br \/>\n24 horas de servi\u00e7o online, deixe-nos saber se voc\u00ea tiver alguma d\u00favida!<br \/>\n<strong>PAR\u00c2METRO T\u00c9CNICO<br \/>\n<\/strong><strong>Modelo: LC-DDG12A<br \/>\nCapacidade m\u00e1xima de trabalho:<\/strong> Chapinha: 12x4mm-50x8mm<br \/>\nA\u00e7o quadrado \u226412x12mm<br \/>\n<strong>Poder:<\/strong> 3,5 KW<br \/>\n<strong>Tens\u00e3o:<\/strong>\u00a0220 V\/380 V\/415 V<br \/>\n<strong>Dimens\u00e3o da embalagem:<\/strong> 1340\u00d7830\u00d71400mm<br \/>\n<strong>NW (kg):<\/strong> 436\u00a0 \u00a0 \u00a0 <strong>PG (kg):<\/strong> 486<\/p>","protected":false},"featured_media":591,"template":"","meta":{"_kad_post_transparent":"default","_kad_post_title":"","_kad_post_layout":"default","_kad_post_sidebar_id":"","_kad_post_content_style":"default","_kad_post_vertical_padding":"default","_kad_post_feature":"","_kad_post_feature_position":"","_kad_post_header":false,"_kad_post_footer":false},"product_brand":[],"product_cat":[25,29],"product_tag":[125,126,127,124,111],"class_list":{"0":"post-586","1":"product","2":"type-product","3":"status-publish","4":"has-post-thumbnail","6":"product_cat-electric-make-coil-machine-for-metal-craft","7":"product_cat-electric-wrought-iron-processing-machine","8":"product_tag-automatic-blacksmith-wrought-iron-coil-making-machine","9":"product_tag-electric-coil-making-machine-manufacturers-suppliers","10":"product_tag-electric-iron-worker-machine","11":"product_tag-metal-craft-steel-coil-rolling-machine","12":"product_tag-wrought-iron-machine","14":"first","15":"instock","16":"shipping-taxable","17":"product-type-simple","18":"entry","19":"content-bg","20":"loop-entry"},"_links":{"self":[{"href":"https:\/\/zzlcmachinery.com\/pt\/wp-json\/wp\/v2\/product\/586","targetHints":{"allow":["GET"]}}],"collection":[{"href":"https:\/\/zzlcmachinery.com\/pt\/wp-json\/wp\/v2\/product"}],"about":[{"href":"https:\/\/zzlcmachinery.com\/pt\/wp-json\/wp\/v2\/types\/product"}],"version-history":[{"count":0,"href":"https:\/\/zzlcmachinery.com\/pt\/wp-json\/wp\/v2\/product\/586\/revisions"}],"wp:featuredmedia":[{"embeddable":true,"href":"https:\/\/zzlcmachinery.com\/pt\/wp-json\/wp\/v2\/media\/591"}],"wp:attachment":[{"href":"https:\/\/zzlcmachinery.com\/pt\/wp-json\/wp\/v2\/media?parent=586"}],"wp:term":[{"taxonomy":"product_brand","embeddable":true,"href":"https:\/\/zzlcmachinery.com\/pt\/wp-json\/wp\/v2\/product_brand?post=586"},{"taxonomy":"product_cat","embeddable":true,"href":"https:\/\/zzlcmachinery.com\/pt\/wp-json\/wp\/v2\/product_cat?post=586"},{"taxonomy":"product_tag","embeddable":true,"href":"https:\/\/zzlcmachinery.com\/pt\/wp-json\/wp\/v2\/product_tag?post=586"}],"curies":[{"name":"wp","href":"https:\/\/api.w.org\/{rel}","templated":true}]}}