{"id":573,"date":"2022-10-15T19:38:39","date_gmt":"2022-10-15T11:38:39","guid":{"rendered":"https:\/\/zzlcmachinery.com\/?post_type=product&#038;p=573"},"modified":"2022-11-22T16:46:50","modified_gmt":"2022-11-22T08:46:50","slug":"lc-dn25d-program-controlled-metal-twisting-wrought-iron-machine","status":"publish","type":"product","link":"https:\/\/zzlcmachinery.com\/pt\/produto\/lc-dn25d-program-controlled-metal-twisting-wrought-iron-machine\/","title":{"rendered":"M\u00e1quina de ferro forjado de tor\u00e7\u00e3o de metal controlada por programa LC-DN25D"},"content":{"rendered":"","protected":false},"excerpt":{"rendered":"<p>A vantagem mais proeminente da m\u00e1quina de ferro forjado de tor\u00e7\u00e3o de metal controlada por programa LC-DN25D \u00e9 que ela n\u00e3o s\u00f3 tem fun\u00e7\u00e3o de tor\u00e7\u00e3o, mas tamb\u00e9m pode processar flores de gaiola de p\u00e1ssaro.<br \/>\nA m\u00e1quina \u00e9 usada para portas de estilo europeu, janelas, corrim\u00e3os e processamento de ferro e metal. Os materiais de processamento incluem ferro plano, a\u00e7o redondo e a\u00e7o quadrado de tamanhos comuns internacionais. A m\u00e1quina j\u00e1 definiu o programa de processamento e os clientes tamb\u00e9m podem mudar para seus pr\u00f3prios programas. configurar.<br \/>\nA m\u00e1quina fornecer\u00e1 13 conjuntos de moldes gratuitos aleatoriamente e um novo molde poder\u00e1 ser substitu\u00eddo em 5 minutos.<\/p>\n<p>Tor\u00e7\u00f5es com comprimento de 200-800 mm podem ser torcidas, e aquelas com comprimento superior a 800 mm podem ser torcidas em se\u00e7\u00f5es. alta produtividade.<\/p>\n<p>24 horas de servi\u00e7o online, deixe-nos saber se voc\u00ea tiver alguma d\u00favida!<br \/>\n<strong>PAR\u00c2METRO T\u00c9CNICO<br \/>\n<\/strong><strong>Modelo: LC-DN25C<br \/>\nCapacidade m\u00e1xima de trabalho:<\/strong> Comprimento\u2264200-800 mm<br \/>\n<strong>A\u00e7o quadrado<\/strong> \u226425\u00d725 mm<br \/>\n<strong>Ferro de passar<\/strong> \u226430x8mm<br \/>\n<strong>Poder:<\/strong> 4KW<br \/>\n<strong>Para dados gr\u00e1tis:<\/strong>6 conjuntos de matrizes de a\u00e7o quadradas, 3 conjuntos de matrizes de ferro plano<br \/>\n<strong>Tens\u00e3o:<\/strong>\u00a0220 V\/380 V\/415 V<br \/>\n<strong>Dimens\u00e3o da embalagem:<\/strong> 1400\u00d7620\u00d71100mm<br \/>\n<strong>NW (kg):<\/strong> 550\u00a0 \u00a0 \u00a0 <strong>PG (kg):<\/strong> 600<\/p>","protected":false},"featured_media":583,"template":"","meta":{"_kad_post_transparent":"default","_kad_post_title":"","_kad_post_layout":"default","_kad_post_sidebar_id":"","_kad_post_content_style":"default","_kad_post_vertical_padding":"default","_kad_post_feature":"","_kad_post_feature_position":"","_kad_post_header":false,"_kad_post_footer":false},"product_brand":[],"product_cat":[20,29],"product_tag":[122,123,121,119,120,115,114,116,117,118,111],"class_list":{"0":"post-573","1":"product","2":"type-product","3":"status-publish","4":"has-post-thumbnail","6":"product_cat-wrought-iron-twisting-machine","7":"product_cat-electric-wrought-iron-processing-machine","8":"product_tag-basket-flower-making-machine-for-wrought-iron","9":"product_tag-basket-twister-machine","10":"product_tag-buy-iron-twisting-machine-at-best-price","11":"product_tag-electric-wrought-iron-square-bar-twisting-machine","12":"product_tag-finished-product-of-metal-twister","13":"product_tag-lanchen-wrought-iron-machine-for-twist-square-steel-and-flat-iron","14":"product_tag-lc-dn25d-program-controlled-metal-twisting-wrought-iron-machine","15":"product_tag-metal-twisting-machine-for-sale","16":"product_tag-metal-twisting-wrought-iron-machine","17":"product_tag-twisting-mchine-for-metal-craft-precessing","18":"product_tag-wrought-iron-machine","20":"first","21":"instock","22":"shipping-taxable","23":"product-type-simple","24":"entry","25":"content-bg","26":"loop-entry"},"_links":{"self":[{"href":"https:\/\/zzlcmachinery.com\/pt\/wp-json\/wp\/v2\/product\/573","targetHints":{"allow":["GET"]}}],"collection":[{"href":"https:\/\/zzlcmachinery.com\/pt\/wp-json\/wp\/v2\/product"}],"about":[{"href":"https:\/\/zzlcmachinery.com\/pt\/wp-json\/wp\/v2\/types\/product"}],"version-history":[{"count":0,"href":"https:\/\/zzlcmachinery.com\/pt\/wp-json\/wp\/v2\/product\/573\/revisions"}],"wp:featuredmedia":[{"embeddable":true,"href":"https:\/\/zzlcmachinery.com\/pt\/wp-json\/wp\/v2\/media\/583"}],"wp:attachment":[{"href":"https:\/\/zzlcmachinery.com\/pt\/wp-json\/wp\/v2\/media?parent=573"}],"wp:term":[{"taxonomy":"product_brand","embeddable":true,"href":"https:\/\/zzlcmachinery.com\/pt\/wp-json\/wp\/v2\/product_brand?post=573"},{"taxonomy":"product_cat","embeddable":true,"href":"https:\/\/zzlcmachinery.com\/pt\/wp-json\/wp\/v2\/product_cat?post=573"},{"taxonomy":"product_tag","embeddable":true,"href":"https:\/\/zzlcmachinery.com\/pt\/wp-json\/wp\/v2\/product_tag?post=573"}],"curies":[{"name":"wp","href":"https:\/\/api.w.org\/{rel}","templated":true}]}}