{"id":552,"date":"2022-09-26T18:37:04","date_gmt":"2022-09-26T10:37:04","guid":{"rendered":"https:\/\/zzlcmachinery.com\/?post_type=product&#038;p=552"},"modified":"2022-11-22T16:42:46","modified_gmt":"2022-11-22T08:42:46","slug":"lc-dn25c-metal-processing-equipment-steel-bar-twisting-machine-for-wrought-iron","status":"publish","type":"product","link":"https:\/\/zzlcmachinery.com\/pt\/produto\/lc-dn25c-metal-processamento-equipamento-barra-de-aco-torcer-maquina-para-ferro-forjado\/","title":{"rendered":"LC-DN25C Equipamento de processamento de metal M\u00e1quina de tor\u00e7\u00e3o de barra de a\u00e7o para ferro forjado"},"content":{"rendered":"","protected":false},"excerpt":{"rendered":"<p>Equipamento de processamento de metal LC-DN25C m\u00e1quina de tor\u00e7\u00e3o de barra de a\u00e7o para ferro forjado usada principalmente para processamento de ferro e metal, como ferro plano, a\u00e7o redondo, a\u00e7o quadrado, a m\u00e1quina possui configura\u00e7\u00e3o manual e fun\u00e7\u00f5es de processamento de repeti\u00e7\u00e3o autom\u00e1tica, que podem garantir a uniformidade do processamento do produto , reduza o tempo de trabalho e a intensidade do trabalho, \u00e9 uma quest\u00e3o simples fazer o processamento de metal com as mesmas especifica\u00e7\u00f5es em lotes.<br \/>\nVelocidade do fuso uniforme, dobra grossa e garante que o perfil menor e a m\u00e1quina possam exercer sua capacidade m\u00e1xima de trabalho. A m\u00e1quina de tor\u00e7\u00e3o d\u00e1 aleatoriamente 9 conjuntos de moldes gr\u00e1tis, e 5 minutos s\u00e3o suficientes para substituir um novo molde.<br \/>\nTor\u00e7\u00e3o com um comprimento de 200-800mm matel pode ser torcida, e aqueles com comprimento de mais de 800mm podem ser torcidos em se\u00e7\u00f5es. Alta efici\u00eancia de produ\u00e7\u00e3o, 600 pe\u00e7as de a\u00e7o quadrado de 12x12mm podem ser torcidas por hora.<br \/>\n24 horas de servi\u00e7o online, deixe-nos saber se voc\u00ea tiver alguma d\u00favida!<br \/>\n<strong>PAR\u00c2METRO T\u00c9CNICO<br \/>\n<\/strong><strong>Modelo: LC-DN25C<br \/>\nCapacidade m\u00e1xima de trabalho:<\/strong> Comprimento\u2264200-800 mm<br \/>\n<strong>A\u00e7o quadrado<\/strong> \u226425\u00d725 mm<br \/>\n<strong>Ferro de passar<\/strong> \u226430x8mm<br \/>\n<strong>Poder:<\/strong> 4KW<br \/>\n<strong>Para dados gr\u00e1tis:<\/strong>6 conjuntos de matrizes de a\u00e7o quadradas, 3 conjuntos de matrizes de ferro plano<br \/>\n<strong>Tens\u00e3o:<\/strong>\u00a0220 V\/380 V\/415 V<br \/>\n<strong>Dimens\u00e3o da embalagem:<\/strong> 1400\u00d7620\u00d71100mm<br \/>\n<strong>NW (kg):<\/strong> 550\u00a0 \u00a0 \u00a0 <strong>PG (kg):<\/strong> 600<\/p>","protected":false},"featured_media":572,"template":"","meta":{"_kad_post_transparent":"default","_kad_post_title":"","_kad_post_layout":"default","_kad_post_sidebar_id":"","_kad_post_content_style":"default","_kad_post_vertical_padding":"default","_kad_post_feature":"","_kad_post_feature_position":"","_kad_post_header":false,"_kad_post_footer":false},"product_brand":[],"product_cat":[20,29],"product_tag":[113,112,107,108,109,110,111,106],"class_list":{"0":"post-552","1":"product","2":"type-product","3":"status-publish","4":"has-post-thumbnail","6":"product_cat-wrought-iron-twisting-machine","7":"product_cat-electric-wrought-iron-processing-machine","8":"product_tag-basket-iron-metal-twisting-machine","9":"product_tag-electric-twist-machine","10":"product_tag-electric-wrought-iron-end-folding-machine-for-sale","11":"product_tag-iron-bar-twisting-machine","12":"product_tag-torsion-and-twisting-machine","13":"product_tag-twisting-bending-machine","14":"product_tag-wrought-iron-machine","15":"product_tag-wrought-iron-picket-basket-twister-machine","17":"first","18":"instock","19":"shipping-taxable","20":"product-type-simple","21":"entry","22":"content-bg","23":"loop-entry"},"_links":{"self":[{"href":"https:\/\/zzlcmachinery.com\/pt\/wp-json\/wp\/v2\/product\/552","targetHints":{"allow":["GET"]}}],"collection":[{"href":"https:\/\/zzlcmachinery.com\/pt\/wp-json\/wp\/v2\/product"}],"about":[{"href":"https:\/\/zzlcmachinery.com\/pt\/wp-json\/wp\/v2\/types\/product"}],"version-history":[{"count":0,"href":"https:\/\/zzlcmachinery.com\/pt\/wp-json\/wp\/v2\/product\/552\/revisions"}],"wp:featuredmedia":[{"embeddable":true,"href":"https:\/\/zzlcmachinery.com\/pt\/wp-json\/wp\/v2\/media\/572"}],"wp:attachment":[{"href":"https:\/\/zzlcmachinery.com\/pt\/wp-json\/wp\/v2\/media?parent=552"}],"wp:term":[{"taxonomy":"product_brand","embeddable":true,"href":"https:\/\/zzlcmachinery.com\/pt\/wp-json\/wp\/v2\/product_brand?post=552"},{"taxonomy":"product_cat","embeddable":true,"href":"https:\/\/zzlcmachinery.com\/pt\/wp-json\/wp\/v2\/product_cat?post=552"},{"taxonomy":"product_tag","embeddable":true,"href":"https:\/\/zzlcmachinery.com\/pt\/wp-json\/wp\/v2\/product_tag?post=552"}],"curies":[{"name":"wp","href":"https:\/\/api.w.org\/{rel}","templated":true}]}}