{"id":544,"date":"2022-09-26T16:25:38","date_gmt":"2022-09-26T08:25:38","guid":{"rendered":"https:\/\/zzlcmachinery.com\/?post_type=product&#038;p=544"},"modified":"2023-02-09T20:13:17","modified_gmt":"2023-02-09T12:13:17","slug":"lc-c3-electric-hydraulic-pipe-bender-manufacturers-suppliers","status":"publish","type":"product","link":"https:\/\/zzlcmachinery.com\/pt\/produto\/lc-c3-electric-hydraulic-pipe-bender-manufacturers-suppliers\/","title":{"rendered":"Fabricantes e Fornecedores de Curvadora El\u00e9trica Hidr\u00e1ulica de Tubos LC-C3"},"content":{"rendered":"","protected":false},"excerpt":{"rendered":"<p>A principal fonte de energia para os fabricantes e fornecedores de m\u00e1quinas para dobrar tubos hidr\u00e1ulico-hidr\u00e1ulicos el\u00e9tricos LC-C3 \u00e9 o sistema hidr\u00e1ulico,<br \/>\nA principal fun\u00e7\u00e3o \u00e9 que pode ser usado para processar tubos curvos quadrados e redondos. S\u00f3 precisa de uma pessoa para operar e controlar toda a m\u00e1quina, e o molde pode ser substitu\u00eddo em 5 minutos, o que economiza custos de m\u00e3o de obra. Os produtos processados s\u00e3o amplamente utilizados na produ\u00e7\u00e3o de portas, janelas e grades. A m\u00e1quina n\u00e3o precisa estabelecer funda\u00e7\u00f5es e pode ser movida e transportada, o que pode atender \u00e0s necessidades dos clientes. Use-o em v\u00e1rios locais de trabalho.<br \/>\nA m\u00e1quina carrega um conjunto de 9 moldes combinados aleatoriamente, e os moldes podem ser personalizados gratuitamente de acordo com o tamanho do material do cliente.<br \/>\n24 horas de servi\u00e7o online, deixe-nos saber se voc\u00ea tiver alguma d\u00favida!<br \/>\n<strong>PAR\u00c2METRO T\u00c9CNICO<br \/>\n<\/strong><strong>Modelo: LC-C3<\/strong><br \/>\n<strong>A\u00e7o redondo:<\/strong> \u03c616mm-76mm<br \/>\n<strong>A\u00e7o Quadrado:<\/strong> \u226415\u00d715mm-80x80mm<br \/>\n<strong>Poder:<\/strong> 2,2KW<br \/>\n<strong>Tens\u00e3o:<\/strong>\u00a0220 V\/380 V\/415 V<br \/>\n<strong>Dimens\u00e3o da embalagem:<\/strong> 1000x700x1000mm<br \/>\n<strong>NW (kg):<\/strong> 404<br \/>\n<strong>PG (kg):<\/strong> 450<\/p>","protected":false},"featured_media":546,"template":"","meta":{"_kad_post_transparent":"default","_kad_post_title":"","_kad_post_layout":"default","_kad_post_sidebar_id":"","_kad_post_content_style":"default","_kad_post_vertical_padding":"default","_kad_post_feature":"","_kad_post_feature_position":"","_kad_post_header":false,"_kad_post_footer":false},"product_brand":[],"product_cat":[30,26],"product_tag":[91,93,95,98,102,103,104,105],"class_list":{"0":"post-544","1":"product","2":"type-product","3":"status-publish","4":"has-post-thumbnail","6":"product_cat-electric-pipe-processing-machine","7":"product_cat-electric-pipe-bending-machine","8":"product_tag-electric-hydraulic-pipe-bender-manufacturers-suppliers","9":"product_tag-electric-pipe-bender","10":"product_tag-electric-pipe-benders-for-sale","11":"product_tag-hydraulic-pipe-bender-for-sale","12":"product_tag-round-pipe-and-square-tube-moulds-for-pipe-bending-machine","13":"product_tag-round-pipe-bending-machine-for-sale","14":"product_tag-square-tube-bender-for-sale","15":"product_tag-tube-pipe-bending-machine-withe-cheapest-price","17":"first","18":"instock","19":"shipping-taxable","20":"product-type-simple","21":"entry","22":"content-bg","23":"loop-entry"},"_links":{"self":[{"href":"https:\/\/zzlcmachinery.com\/pt\/wp-json\/wp\/v2\/product\/544","targetHints":{"allow":["GET"]}}],"collection":[{"href":"https:\/\/zzlcmachinery.com\/pt\/wp-json\/wp\/v2\/product"}],"about":[{"href":"https:\/\/zzlcmachinery.com\/pt\/wp-json\/wp\/v2\/types\/product"}],"version-history":[{"count":0,"href":"https:\/\/zzlcmachinery.com\/pt\/wp-json\/wp\/v2\/product\/544\/revisions"}],"wp:featuredmedia":[{"embeddable":true,"href":"https:\/\/zzlcmachinery.com\/pt\/wp-json\/wp\/v2\/media\/546"}],"wp:attachment":[{"href":"https:\/\/zzlcmachinery.com\/pt\/wp-json\/wp\/v2\/media?parent=544"}],"wp:term":[{"taxonomy":"product_brand","embeddable":true,"href":"https:\/\/zzlcmachinery.com\/pt\/wp-json\/wp\/v2\/product_brand?post=544"},{"taxonomy":"product_cat","embeddable":true,"href":"https:\/\/zzlcmachinery.com\/pt\/wp-json\/wp\/v2\/product_cat?post=544"},{"taxonomy":"product_tag","embeddable":true,"href":"https:\/\/zzlcmachinery.com\/pt\/wp-json\/wp\/v2\/product_tag?post=544"}],"curies":[{"name":"wp","href":"https:\/\/api.w.org\/{rel}","templated":true}]}}