{"id":518,"date":"2022-09-21T19:15:14","date_gmt":"2022-09-21T11:15:14","guid":{"rendered":"https:\/\/zzlcmachinery.com\/?post_type=product&#038;p=518"},"modified":"2022-11-22T16:37:52","modified_gmt":"2022-11-22T08:37:52","slug":"lc-f4-electric-multifunction-flat-steel-fishtail-end-forming-machine-for-metal-craft","status":"publish","type":"product","link":"https:\/\/zzlcmachinery.com\/pt\/produto\/lc-f4-electric-multifunction-flat-steel-fishtail-end-forming-machine-for-metal-craft\/","title":{"rendered":"M\u00e1quina formadora de pontas rabo de peixe el\u00e9trica multifuncional el\u00e9trica LC-F4 para artesanato em metal"},"content":{"rendered":"","protected":false},"excerpt":{"rendered":"<p>Esta m\u00e1quina formadora de pontas de rabo de peixe el\u00e9trica multifuncional LC-F4 para artesanato em metal \u00e9 uma m\u00e1quina de processamento de rabo de peixe multifuncional, que pode n\u00e3o apenas processar ferro plano, a\u00e7o redondo, a\u00e7o quadrado na forma de rabo de peixe (rabo de peixe com padr\u00e3o fino ou rabo de peixe com padr\u00e3o grosso), mas tamb\u00e9m pode extrudar padr\u00f5es pontiagudos e planos. Esta m\u00e1quina \u00e9 muito econ\u00f4mica na compra de m\u00e1quinas de usinagem de rabo de peixe! Deve-se notar que esta m\u00e1quina de processamento de rabo de peixe LC-F4 precisa primeiro aquecer o material e depois process\u00e1-lo, que \u00e9 uma m\u00e1quina de prensagem a quente.<br \/>\nEsta m\u00e1quina \u00e9 projetada com um molde de eixo exc\u00eantrico especial, a vida \u00fatil \u00e9 tr\u00eas vezes maior que a da m\u00e1quina F3 fishtail.<br \/>\n24 horas de servi\u00e7o online, deixe-nos saber se voc\u00ea tiver alguma d\u00favida!<br \/>\n<strong>PAR\u00c2METRO T\u00c9CNICO<br \/>\n<\/strong><strong>Modelo: LC-F4<br \/>\nFerro de passar:<\/strong> \u22648 \u00d7 50 mm<br \/>\n<strong>A\u00e7o redondo:<\/strong> \u03c616mm<br \/>\n<strong>A\u00e7o Quadrado:<\/strong> \u226416\u00d716mm<br \/>\n<strong>Poder:<\/strong> 2,2KW<br \/>\n<strong>Tens\u00e3o:<\/strong>\u00a0220 V\/380 V\/415 V<br \/>\n<strong>Dimens\u00e3o da embalagem:<\/strong> 1220\u00d7600\u00d71250mm<br \/>\n<strong>NW (kg):<\/strong> 290<br \/>\n<strong>PG (kg):<\/strong> 340<\/p>","protected":false},"featured_media":522,"template":"","meta":{"_kad_post_transparent":"default","_kad_post_title":"","_kad_post_layout":"default","_kad_post_sidebar_id":"","_kad_post_content_style":"default","_kad_post_vertical_padding":"default","_kad_post_feature":"","_kad_post_feature_position":"","_kad_post_header":false,"_kad_post_footer":false},"product_brand":[],"product_cat":[29,24],"product_tag":[79,86,87,90,80,88,85,83,89],"class_list":{"0":"post-518","1":"product","2":"type-product","3":"status-publish","4":"has-post-thumbnail","6":"product_cat-electric-wrought-iron-processing-machine","7":"product_cat-wrought-iron-fishtail-forging-machine","8":"product_tag-blacksmith-rolling-mill-for-sale","9":"product_tag-china-hot-roll-fishtail-making-mchine","10":"product_tag-die-for-wrought-iron-fishtail-making-machine","11":"product_tag-electric-multifunction-flat-steel-fishtail-end-forming-machine-for-metal-craft","12":"product_tag-fishtail-end-forging-machine","13":"product_tag-fishtail-machine-supplier-and-manufacturer-in-china","14":"product_tag-flat-steel-fishtail-end-forming-machine","15":"product_tag-hot-roll-fishtail-mill-machine","16":"product_tag-metal-fishtail-coining-machine-wrought-iron-machine","18":"first","19":"instock","20":"shipping-taxable","21":"product-type-simple","22":"entry","23":"content-bg","24":"loop-entry"},"_links":{"self":[{"href":"https:\/\/zzlcmachinery.com\/pt\/wp-json\/wp\/v2\/product\/518","targetHints":{"allow":["GET"]}}],"collection":[{"href":"https:\/\/zzlcmachinery.com\/pt\/wp-json\/wp\/v2\/product"}],"about":[{"href":"https:\/\/zzlcmachinery.com\/pt\/wp-json\/wp\/v2\/types\/product"}],"version-history":[{"count":0,"href":"https:\/\/zzlcmachinery.com\/pt\/wp-json\/wp\/v2\/product\/518\/revisions"}],"wp:featuredmedia":[{"embeddable":true,"href":"https:\/\/zzlcmachinery.com\/pt\/wp-json\/wp\/v2\/media\/522"}],"wp:attachment":[{"href":"https:\/\/zzlcmachinery.com\/pt\/wp-json\/wp\/v2\/media?parent=518"}],"wp:term":[{"taxonomy":"product_brand","embeddable":true,"href":"https:\/\/zzlcmachinery.com\/pt\/wp-json\/wp\/v2\/product_brand?post=518"},{"taxonomy":"product_cat","embeddable":true,"href":"https:\/\/zzlcmachinery.com\/pt\/wp-json\/wp\/v2\/product_cat?post=518"},{"taxonomy":"product_tag","embeddable":true,"href":"https:\/\/zzlcmachinery.com\/pt\/wp-json\/wp\/v2\/product_tag?post=518"}],"curies":[{"name":"wp","href":"https:\/\/api.w.org\/{rel}","templated":true}]}}