{"id":514,"date":"2022-09-21T16:28:06","date_gmt":"2022-09-21T08:28:06","guid":{"rendered":"https:\/\/zzlcmachinery.com\/?post_type=product&#038;p=514"},"modified":"2022-11-22T16:23:12","modified_gmt":"2022-11-22T08:23:12","slug":"lc-c2-electric-multi-function-pipe-bending-machine-square-tube-round-pipe-bender","status":"publish","type":"product","link":"https:\/\/zzlcmachinery.com\/pt\/produto\/lc-c2-electric-multi-function-pipe-bending-machine-square-tube-round-pipe-bender\/","title":{"rendered":"M\u00e1quina el\u00e9trica multifuncional para dobrar tubos LC-C2 Curvadora de tubos redondos"},"content":{"rendered":"","protected":false},"excerpt":{"rendered":"<p>A principal fun\u00e7\u00e3o da dobradeira de tubo quadrado multifuncional el\u00e9trica LC-C2 \u00e9 que ela pode ser usada para processar tubos quadrados e redondos curvos. Ao ajustar a posi\u00e7\u00e3o do rolamento, a forma dos tubos quadrados e redondos pode ser alterada, de modo que o material processado possa ser moldado em c\u00edrculos e \u00e2ngulos com diferentes di\u00e2metros, o que \u00e9 f\u00e1cil de operar. Port\u00e1til e mais amplo.<br \/>\nA m\u00e1quina carrega aleatoriamente um conjunto de 9 moldes combinados, moldes personalizados gratuitos podem ser feitos de acordo com o tamanho do material do cliente<br \/>\n24 horas de servi\u00e7o online, deixe-nos saber se voc\u00ea tiver alguma d\u00favida!<br \/>\n<strong>PAR\u00c2METRO T\u00c9CNICO<br \/>\n<\/strong><strong>Modelo: LC-C2<\/strong><br \/>\n<strong>A\u00e7o redondo:<\/strong> \u03c616mm-76mm<br \/>\n<strong>A\u00e7o Quadrado:<\/strong> \u226415\u00d715mm-80x80mm<br \/>\n<strong>Poder:<\/strong> 1,1KW<br \/>\n<strong>Tens\u00e3o:<\/strong>\u00a0220 V\/380 V\/415 V<br \/>\n<strong>Dimens\u00e3o da embalagem:<\/strong> 1000x700x1000mm<br \/>\n<strong>NW (kg):<\/strong> 210<br \/>\n<strong>PG (kg):<\/strong> 270<\/p>","protected":false},"featured_media":536,"template":"","meta":{"_kad_post_transparent":"default","_kad_post_title":"","_kad_post_layout":"default","_kad_post_sidebar_id":"","_kad_post_content_style":"default","_kad_post_vertical_padding":"default","_kad_post_feature":"","_kad_post_feature_position":"","_kad_post_header":false,"_kad_post_footer":false},"product_brand":[],"product_cat":[30,26],"product_tag":[91,92,93,94,95,96,97,100,101,98,99],"class_list":{"0":"post-514","1":"product","2":"type-product","3":"status-publish","4":"has-post-thumbnail","6":"product_cat-electric-pipe-processing-machine","7":"product_cat-electric-pipe-bending-machine","8":"product_tag-electric-hydraulic-pipe-bender-manufacturers-suppliers","9":"product_tag-electric-multi-function-pipe-bending-machine-square-tube-round-pipe-bender","10":"product_tag-electric-pipe-bender","11":"product_tag-electric-pipe-bender-for-sale","12":"product_tag-electric-pipe-benders-for-sale","13":"product_tag-electric-pipe-tube-bender","14":"product_tag-electric-pipe-tube-bendng-machine","15":"product_tag-electric-round-tube-bending-machine","16":"product_tag-electric-square-tube-bending-machine","17":"product_tag-hydraulic-pipe-bender-for-sale","18":"product_tag-pipe-bending-solution-for-sale","20":"first","21":"instock","22":"shipping-taxable","23":"product-type-simple","24":"entry","25":"content-bg","26":"loop-entry"},"_links":{"self":[{"href":"https:\/\/zzlcmachinery.com\/pt\/wp-json\/wp\/v2\/product\/514","targetHints":{"allow":["GET"]}}],"collection":[{"href":"https:\/\/zzlcmachinery.com\/pt\/wp-json\/wp\/v2\/product"}],"about":[{"href":"https:\/\/zzlcmachinery.com\/pt\/wp-json\/wp\/v2\/types\/product"}],"version-history":[{"count":0,"href":"https:\/\/zzlcmachinery.com\/pt\/wp-json\/wp\/v2\/product\/514\/revisions"}],"wp:featuredmedia":[{"embeddable":true,"href":"https:\/\/zzlcmachinery.com\/pt\/wp-json\/wp\/v2\/media\/536"}],"wp:attachment":[{"href":"https:\/\/zzlcmachinery.com\/pt\/wp-json\/wp\/v2\/media?parent=514"}],"wp:term":[{"taxonomy":"product_brand","embeddable":true,"href":"https:\/\/zzlcmachinery.com\/pt\/wp-json\/wp\/v2\/product_brand?post=514"},{"taxonomy":"product_cat","embeddable":true,"href":"https:\/\/zzlcmachinery.com\/pt\/wp-json\/wp\/v2\/product_cat?post=514"},{"taxonomy":"product_tag","embeddable":true,"href":"https:\/\/zzlcmachinery.com\/pt\/wp-json\/wp\/v2\/product_tag?post=514"}],"curies":[{"name":"wp","href":"https:\/\/api.w.org\/{rel}","templated":true}]}}