{"id":491,"date":"2022-09-18T23:48:30","date_gmt":"2022-09-18T15:48:30","guid":{"rendered":"https:\/\/zzlcmachinery.com\/?post_type=product&#038;p=491"},"modified":"2022-11-22T16:09:22","modified_gmt":"2022-11-22T08:09:22","slug":"lc-f3-decorative-automatic-blacksmith-fishtail-making-machine-for-sale","status":"publish","type":"product","link":"https:\/\/zzlcmachinery.com\/pt\/produto\/lc-f3-decorative-automatic-blacksmith-fishtail-making-machine-for-sale\/","title":{"rendered":"M\u00e1quina de fazer rabo de peixe decorativa autom\u00e1tica LC-F3 para venda"},"content":{"rendered":"","protected":false},"excerpt":{"rendered":"<p>LC-F3 M\u00e1quina autom\u00e1tica decorativa para fabrica\u00e7\u00e3o de rabo de peixe para venda, esta m\u00e1quina pode ser usada diretamente para processar ferro plano, a\u00e7o redondo e a\u00e7o quadrado, sem a necessidade de achatar o material, porque o produto processado \u00e9 semelhante ao rabo de um peixe, por isso \u00e9 chamada de m\u00e1quina de fazer rabo de peixe. Esta m\u00e1quina de processamento de rabo de peixe est\u00e1 equipada com um redutor de ciclone, que tem um grande torque. Uma forma especial de transmiss\u00e3o de torque entre a caixa de engrenagens e a \u00e1rea de trabalho. Assegure a opera\u00e7\u00e3o suave e confi\u00e1vel do maquin\u00e1rio. A m\u00e1quina possui um dispositivo de posicionamento da pin\u00e7a e o comprimento de alimenta\u00e7\u00e3o pode ser definido conforme necess\u00e1rio. Ela pode fazer 300pcs 8x40mm rabos de peixe por hora, e a alta efici\u00eancia de produ\u00e7\u00e3o cria as condi\u00e7\u00f5es necess\u00e1rias para a produ\u00e7\u00e3o em massa de portas e janelas.<br \/>\n24 horas de servi\u00e7o online, deixe-nos saber se voc\u00ea tiver alguma d\u00favida!<br \/>\n<strong>PAR\u00c2METRO T\u00c9CNICO<br \/>\n<\/strong><strong>Modelo: LC-F3<br \/>\nFerro de passar:<\/strong> \u22648 \u00d7 50 mm<br \/>\n<strong>A\u00e7o redondo:<\/strong> \u03c616mm<br \/>\n<strong>A\u00e7o Quadrado:<\/strong> \u226416\u00d716mm<br \/>\n<strong>Poder:<\/strong> 2,2KW<br \/>\n<strong>Tens\u00e3o:<\/strong>\u00a0220 V\/380 V\/415 V<br \/>\n<strong>Dimens\u00e3o da embalagem:<\/strong> 1165\u00d7560\u00d71100mm<br \/>\n<strong>NW (kg):<\/strong> 350<br \/>\n<strong>PG (kg):<\/strong> 400<\/p>","protected":false},"featured_media":507,"template":"","meta":{"_kad_post_transparent":"default","_kad_post_title":"","_kad_post_layout":"default","_kad_post_sidebar_id":"","_kad_post_content_style":"default","_kad_post_vertical_padding":"default","_kad_post_feature":"","_kad_post_feature_position":"","_kad_post_header":false,"_kad_post_footer":false},"product_brand":[],"product_cat":[29,24],"product_tag":[79,80,82,81,83,84],"class_list":{"0":"post-491","1":"product","2":"type-product","3":"status-publish","4":"has-post-thumbnail","6":"product_cat-electric-wrought-iron-processing-machine","7":"product_cat-wrought-iron-fishtail-forging-machine","8":"product_tag-blacksmith-rolling-mill-for-sale","9":"product_tag-fishtail-end-forging-machine","10":"product_tag-fishtail-machine","11":"product_tag-fishtail-machine-manufacturer-supplier","12":"product_tag-hot-roll-fishtail-mill-machine","13":"product_tag-wrought-iron-forging-fishtail-making-machine","15":"first","16":"instock","17":"shipping-taxable","18":"product-type-simple","19":"entry","20":"content-bg","21":"loop-entry"},"_links":{"self":[{"href":"https:\/\/zzlcmachinery.com\/pt\/wp-json\/wp\/v2\/product\/491","targetHints":{"allow":["GET"]}}],"collection":[{"href":"https:\/\/zzlcmachinery.com\/pt\/wp-json\/wp\/v2\/product"}],"about":[{"href":"https:\/\/zzlcmachinery.com\/pt\/wp-json\/wp\/v2\/types\/product"}],"version-history":[{"count":0,"href":"https:\/\/zzlcmachinery.com\/pt\/wp-json\/wp\/v2\/product\/491\/revisions"}],"wp:featuredmedia":[{"embeddable":true,"href":"https:\/\/zzlcmachinery.com\/pt\/wp-json\/wp\/v2\/media\/507"}],"wp:attachment":[{"href":"https:\/\/zzlcmachinery.com\/pt\/wp-json\/wp\/v2\/media?parent=491"}],"wp:term":[{"taxonomy":"product_brand","embeddable":true,"href":"https:\/\/zzlcmachinery.com\/pt\/wp-json\/wp\/v2\/product_brand?post=491"},{"taxonomy":"product_cat","embeddable":true,"href":"https:\/\/zzlcmachinery.com\/pt\/wp-json\/wp\/v2\/product_cat?post=491"},{"taxonomy":"product_tag","embeddable":true,"href":"https:\/\/zzlcmachinery.com\/pt\/wp-json\/wp\/v2\/product_tag?post=491"}],"curies":[{"name":"wp","href":"https:\/\/api.w.org\/{rel}","templated":true}]}}