{"id":476,"date":"2022-09-18T16:47:50","date_gmt":"2022-09-18T08:47:50","guid":{"rendered":"https:\/\/zzlcmachinery.com\/?post_type=product&#038;p=476"},"modified":"2022-11-22T16:06:50","modified_gmt":"2022-11-22T08:06:50","slug":"lc-dw16d-wrought-iron-metal-scroll-bender-automatic-scroll-bending-machine-for-processing-gate-and-windows","status":"publish","type":"product","link":"https:\/\/zzlcmachinery.com\/pt\/produto\/lc-dw16d-wrought-iron-metal-scroll-bender-automatic-scroll-bending-machine-for-processing-gate-and-windows\/","title":{"rendered":"M\u00e1quina autom\u00e1tica de dobra de rolagem de metal de ferro forjado LC-DW16D para processamento de port\u00f5es e janelas"},"content":{"rendered":"","protected":false},"excerpt":{"rendered":"<p>Esta dobradeira autom\u00e1tica de rolagem de metal de ferro forjado LC-DW16D para processamento de port\u00e3o e janelas \u00e9 muito adequada para o bose que opera uma oficina de ferreiro ou uma institui\u00e7\u00e3o de treinamento para iniciantes em processamento de metal de estilo europeu. Esta m\u00e1quina vem com 9 conjuntos de moldes gratuitos , dos quais 6 conjuntos de matrizes s\u00e3o usados para dobrar padr\u00f5es \u201cC\u201d, \u201cP\u201d, \u201cS\u201d de v\u00e1rios tamanhos, e os outros 3 conjuntos de moldes s\u00e3o usados para processar padr\u00f5es de formatos especiais, como arcos curvos, cantos curvos , endireitados, pequenos c\u00edrculos curvados em lote, etc.<br \/>\n24 horas de servi\u00e7o online, aguardando sua consulta!<br \/>\n<strong>PAR\u00c2METRO T\u00c9CNICO<br \/>\n<\/strong><strong>Modelo: LC-DW16D<br \/>\nFerro de passar:<\/strong> \u22648 \u00d7 50 mm<br \/>\n<strong>A\u00e7o redondo:<\/strong> \u03c616mm<br \/>\n<strong>A\u00e7o Quadrado:<\/strong> \u226416\u00d716mm<br \/>\n<strong>Velocidade de rolamento:<\/strong> 500 unidades\/H<br \/>\n<strong>Poder:<\/strong> 2,2KW<br \/>\n<strong>Tens\u00e3o:<\/strong>\u00a0220 V\/380 V\/415 V<br \/>\n<strong>Dimens\u00e3o da embalagem:<\/strong> 1000\u00d7700\u00d71200mm<br \/>\n<strong>NW (kg):<\/strong> 420<br \/>\n<strong>PG (kg):<\/strong> 450<\/p>","protected":false},"featured_media":478,"template":"","meta":{"_kad_post_transparent":"default","_kad_post_title":"","_kad_post_layout":"default","_kad_post_sidebar_id":"","_kad_post_content_style":"default","_kad_post_vertical_padding":"default","_kad_post_feature":"","_kad_post_feature_position":"","_kad_post_header":false,"_kad_post_footer":false},"product_brand":[],"product_cat":[29,27],"product_tag":[68,64,65,66,67,51],"class_list":{"0":"post-476","1":"product","2":"type-product","3":"status-publish","4":"has-post-thumbnail","6":"product_cat-electric-wrought-iron-processing-machine","7":"product_cat-electric-scroll-bending-machine","8":"product_tag-3-special-shaped-device-molds-for-electric-scroll-bending-machine","9":"product_tag-electric-metal-bender-for-sale","10":"product_tag-induction-forge-for-sale","11":"product_tag-metal-roller-bender-for-sale","12":"product_tag-scroll-bender","13":"product_tag-wrought-iron-bending-machine","15":"first","16":"instock","17":"shipping-taxable","18":"product-type-simple","19":"entry","20":"content-bg","21":"loop-entry"},"_links":{"self":[{"href":"https:\/\/zzlcmachinery.com\/pt\/wp-json\/wp\/v2\/product\/476","targetHints":{"allow":["GET"]}}],"collection":[{"href":"https:\/\/zzlcmachinery.com\/pt\/wp-json\/wp\/v2\/product"}],"about":[{"href":"https:\/\/zzlcmachinery.com\/pt\/wp-json\/wp\/v2\/types\/product"}],"version-history":[{"count":0,"href":"https:\/\/zzlcmachinery.com\/pt\/wp-json\/wp\/v2\/product\/476\/revisions"}],"wp:featuredmedia":[{"embeddable":true,"href":"https:\/\/zzlcmachinery.com\/pt\/wp-json\/wp\/v2\/media\/478"}],"wp:attachment":[{"href":"https:\/\/zzlcmachinery.com\/pt\/wp-json\/wp\/v2\/media?parent=476"}],"wp:term":[{"taxonomy":"product_brand","embeddable":true,"href":"https:\/\/zzlcmachinery.com\/pt\/wp-json\/wp\/v2\/product_brand?post=476"},{"taxonomy":"product_cat","embeddable":true,"href":"https:\/\/zzlcmachinery.com\/pt\/wp-json\/wp\/v2\/product_cat?post=476"},{"taxonomy":"product_tag","embeddable":true,"href":"https:\/\/zzlcmachinery.com\/pt\/wp-json\/wp\/v2\/product_tag?post=476"}],"curies":[{"name":"wp","href":"https:\/\/api.w.org\/{rel}","templated":true}]}}