{"id":456,"date":"2022-09-16T14:18:00","date_gmt":"2022-09-16T06:18:00","guid":{"rendered":"https:\/\/zzlcmachinery.com\/?post_type=product&#038;p=456"},"modified":"2022-09-21T21:59:14","modified_gmt":"2022-09-21T13:59:14","slug":"lc-dl60c-metal-tube-wrought-iron-cold-rolling-embossing-machine-for-sale","status":"publish","type":"product","link":"https:\/\/zzlcmachinery.com\/pt\/produto\/lc-dl60c-metal-tube-wrought-iron-cold-rolling-embossing-machine-for-sale\/","title":{"rendered":"LC-DL60C tubo de metal ferro forjado m\u00e1quina de grava\u00e7\u00e3o a frio para venda"},"content":{"rendered":"","protected":false},"excerpt":{"rendered":"<p>Esta m\u00e1quina de grava\u00e7\u00e3o a frio de ferro forjado de tubo de metal LC-DL60C para venda \u00e9 um equipamento profissional para lamina\u00e7\u00e3o a frio ou forjamento de materiais met\u00e1licos. A fun\u00e7\u00e3o mais proeminente desta m\u00e1quina \u00e9 que ela pode processar tubos de corrim\u00e3o de escada e transformar um tubo redondo comum em um corrim\u00e3o de escada deformando o tubo redondo. forma, aleat\u00f3rio 2 conjuntos de moldes gratuitos para corrim\u00e3os de escada e 15 conjuntos de outros moldes gratuitos (moldes para ferro plano, a\u00e7o quadrado, a\u00e7o redondo, materiais de tubo quadrado), fornecemos servi\u00e7o de molde personalizado gratuito, aguardando sua consulta!<br \/>\n<strong>PAR\u00c2METRO T\u00c9CNICO<br \/>\n<\/strong><strong>Modelo:LC-DL60C<\/strong><br \/>\n<strong>Ferro de passar:<\/strong>\u00a0\u226410\u00d760mm<br \/>\n<strong>A\u00e7o Quadrado:<\/strong>\u00a0\u226425\u00d725mm<br \/>\n<strong>Tubo quadrado:<\/strong>\u00a0\u226460\u00d760mm<br \/>\n<strong>Velocidade de rolamento:<\/strong> 308 M\/H<br \/>\n<strong>Poder:<\/strong> 7,5KW<br \/>\n<strong>Tens\u00e3o:<\/strong> 220 V\/380 V\/415 V 50 Hz<br \/>\n<strong>Dimens\u00e3o da embalagem:<\/strong>\u00a01900\u00d7710\u00d71420mm<br \/>\n<strong>NW (kg):<\/strong> 1310<br \/>\n<strong>PG (kg):<\/strong> 1410<\/p>","protected":false},"featured_media":463,"template":"","meta":{"_kad_post_transparent":"default","_kad_post_title":"hide","_kad_post_layout":"fullwidth","_kad_post_sidebar_id":"","_kad_post_content_style":"unboxed","_kad_post_vertical_padding":"hide","_kad_post_feature":"hide","_kad_post_feature_position":"","_kad_post_header":false,"_kad_post_footer":false},"product_brand":[],"product_cat":[29,19],"product_tag":[47,62,61,63,45,60,58,59],"class_list":{"0":"post-456","1":"product","2":"type-product","3":"status-publish","4":"has-post-thumbnail","6":"product_cat-electric-wrought-iron-processing-machine","7":"product_cat-cold-rolling-embossing-machine","8":"product_tag-cold-rolling-embossing-machine","9":"product_tag-electric-wrought-iron-machine","10":"product_tag-iron-ornamental-embossing-machine","11":"product_tag-lc-dl60c-handrail-dies-options-for-round-pipe-embossing-machine","12":"product_tag-steel-pipe-roller-embossing-machine","13":"product_tag-the-round-tube-becomes-a-stair-handrail-after-being-processed-by-the-tube-embossing-machine","14":"product_tag-tube-embossing-machine","15":"product_tag-wrought-iron-cold-rolling-embossing-machine","17":"first","18":"instock","19":"shipping-taxable","20":"product-type-simple","21":"entry","22":"content-bg","23":"loop-entry"},"_links":{"self":[{"href":"https:\/\/zzlcmachinery.com\/pt\/wp-json\/wp\/v2\/product\/456","targetHints":{"allow":["GET"]}}],"collection":[{"href":"https:\/\/zzlcmachinery.com\/pt\/wp-json\/wp\/v2\/product"}],"about":[{"href":"https:\/\/zzlcmachinery.com\/pt\/wp-json\/wp\/v2\/types\/product"}],"version-history":[{"count":0,"href":"https:\/\/zzlcmachinery.com\/pt\/wp-json\/wp\/v2\/product\/456\/revisions"}],"wp:featuredmedia":[{"embeddable":true,"href":"https:\/\/zzlcmachinery.com\/pt\/wp-json\/wp\/v2\/media\/463"}],"wp:attachment":[{"href":"https:\/\/zzlcmachinery.com\/pt\/wp-json\/wp\/v2\/media?parent=456"}],"wp:term":[{"taxonomy":"product_brand","embeddable":true,"href":"https:\/\/zzlcmachinery.com\/pt\/wp-json\/wp\/v2\/product_brand?post=456"},{"taxonomy":"product_cat","embeddable":true,"href":"https:\/\/zzlcmachinery.com\/pt\/wp-json\/wp\/v2\/product_cat?post=456"},{"taxonomy":"product_tag","embeddable":true,"href":"https:\/\/zzlcmachinery.com\/pt\/wp-json\/wp\/v2\/product_tag?post=456"}],"curies":[{"name":"wp","href":"https:\/\/api.w.org\/{rel}","templated":true}]}}