{"id":446,"date":"2022-09-15T15:59:08","date_gmt":"2022-09-15T07:59:08","guid":{"rendered":"https:\/\/zzlcmachinery.com\/?post_type=product&#038;p=446"},"modified":"2022-09-21T21:54:50","modified_gmt":"2022-09-21T13:54:50","slug":"lc-dl60b-metalcraft-automatic-cold-rolling-embossing-machine","status":"publish","type":"product","link":"https:\/\/zzlcmachinery.com\/pt\/produto\/lc-dl60b-metalcraft-automatic-cold-rolling-embossing-machine\/","title":{"rendered":"M\u00e1quina autom\u00e1tica de estampagem a frio LC-DL60B Metalcraft"},"content":{"rendered":"","protected":false},"excerpt":{"rendered":"<p>A M\u00e1quina Autom\u00e1tica de Grava\u00e7\u00e3o e Lamina\u00e7\u00e3o a Frio Metalcraft LC-DL60B \u00e9 um equipamento profissional para a fabrica\u00e7\u00e3o de a\u00e7o forjado. Esta m\u00e1quina \u00e9 uma maneira muito r\u00e1pida de agregar valor ao material, gravando e texturizando superf\u00edcies met\u00e1licas. Ele pode processar a\u00e7o plano comum, a\u00e7o quadrado, tubo quadrado e barra redonda em v\u00e1rios materiais de forjamento, trocando diferentes matrizes. Permitir que os clientes dominem rapidamente o uso da m\u00e1quina e ocupar o mercado local \u00e9 a chave de ouro para criar riqueza.<br \/>\n<strong>PAR\u00c2METRO T\u00c9CNICO<br \/>\n<\/strong><strong>Modelo:LC-DL60B<\/strong><br \/>\n<strong>Ferro de passar:<\/strong>\u00a0\u226410\u00d760mm<br \/>\n<strong>A\u00e7o Quadrado:<\/strong>\u00a0\u226425\u00d725mm<br \/>\n<strong>Tubo quadrado:<\/strong>\u00a0\u226460\u00d760mm<br \/>\n<strong>Velocidade de rolamento:<\/strong> 1-408 M\/H<br \/>\n<strong>Poder:<\/strong> 7,5KW<br \/>\n<strong>Tens\u00e3o:<\/strong> 220 V\/380 V\/415 V 50 Hz<br \/>\n<strong>Dimens\u00e3o da embalagem:<\/strong>\u00a01900\u00d7710\u00d71420mm<br \/>\n<strong>NW (kg):<\/strong> 1180<br \/>\n<strong>PG (kg):<\/strong> 1300<\/p>","protected":false},"featured_media":453,"template":"","meta":{"_kad_post_transparent":"default","_kad_post_title":"hide","_kad_post_layout":"fullwidth","_kad_post_sidebar_id":"","_kad_post_content_style":"unboxed","_kad_post_vertical_padding":"hide","_kad_post_feature":"hide","_kad_post_feature_position":"","_kad_post_header":false,"_kad_post_footer":false},"product_brand":[],"product_cat":[29,19],"product_tag":[56,55,57,54,53],"class_list":{"0":"post-446","1":"product","2":"type-product","3":"status-publish","4":"has-post-thumbnail","6":"product_cat-electric-wrought-iron-processing-machine","7":"product_cat-cold-rolling-embossing-machine","8":"product_tag-black-smith-ornamental-iron-machine","9":"product_tag-cold-rolling-embossing-machine-in-china","10":"product_tag-metal-cold-embossing-machine-adjustable-processing-speed","11":"product_tag-roller-embosser-machine-for-sale","12":"product_tag-wrought-iron-machine-for-iron-work","14":"first","15":"instock","16":"shipping-taxable","17":"product-type-simple","18":"entry","19":"content-bg","20":"loop-entry"},"_links":{"self":[{"href":"https:\/\/zzlcmachinery.com\/pt\/wp-json\/wp\/v2\/product\/446","targetHints":{"allow":["GET"]}}],"collection":[{"href":"https:\/\/zzlcmachinery.com\/pt\/wp-json\/wp\/v2\/product"}],"about":[{"href":"https:\/\/zzlcmachinery.com\/pt\/wp-json\/wp\/v2\/types\/product"}],"version-history":[{"count":0,"href":"https:\/\/zzlcmachinery.com\/pt\/wp-json\/wp\/v2\/product\/446\/revisions"}],"wp:featuredmedia":[{"embeddable":true,"href":"https:\/\/zzlcmachinery.com\/pt\/wp-json\/wp\/v2\/media\/453"}],"wp:attachment":[{"href":"https:\/\/zzlcmachinery.com\/pt\/wp-json\/wp\/v2\/media?parent=446"}],"wp:term":[{"taxonomy":"product_brand","embeddable":true,"href":"https:\/\/zzlcmachinery.com\/pt\/wp-json\/wp\/v2\/product_brand?post=446"},{"taxonomy":"product_cat","embeddable":true,"href":"https:\/\/zzlcmachinery.com\/pt\/wp-json\/wp\/v2\/product_cat?post=446"},{"taxonomy":"product_tag","embeddable":true,"href":"https:\/\/zzlcmachinery.com\/pt\/wp-json\/wp\/v2\/product_tag?post=446"}],"curies":[{"name":"wp","href":"https:\/\/api.w.org\/{rel}","templated":true}]}}