{"id":361,"date":"2022-12-14T00:01:11","date_gmt":"2022-12-13T16:01:11","guid":{"rendered":"https:\/\/zzlcmachinery.com\/?post_type=product&#038;p=361"},"modified":"2022-12-14T00:41:27","modified_gmt":"2022-12-13T16:41:27","slug":"jk-100-metal-sheet-embossing-machine-manufacturers-suppliers","status":"publish","type":"product","link":"https:\/\/zzlcmachinery.com\/pt\/produto\/jk-100-metal-sheet-embossing-machine-manufacturers-suppliers\/","title":{"rendered":"JK-100 Fabricantes e Fornecedores de M\u00e1quinas para Gravar Folhas de Metal"},"content":{"rendered":"","protected":false},"excerpt":{"rendered":"<p>Os fabricantes e fornecedores de m\u00e1quinas de estampagem de chapas met\u00e1licas JK-100 s\u00e3o m\u00e1quinas profissionais para o processamento de chapas de ferro. Os materiais que podem ser processados s\u00e3o: chapa de ferro, chapa de alum\u00ednio, chapa de cobre, chapa de a\u00e7o inoxid\u00e1vel e assim por diante. Tem muitas vantagens que a tornam uma escolha de m\u00e1quina essencial para trabalhos em ferro forjado:<br \/>\n1. O padr\u00e3o pode ser escolhido livremente, oferecemos servi\u00e7o de personaliza\u00e7\u00e3o do molde.<br \/>\n2. A velocidade de processamento da m\u00e1quina pode ser ajustada.<br \/>\n3. Folha de metal laminada a frio, o padr\u00e3o \u00e9 requintado e n\u00e3o ser\u00e1 deformado.<br \/>\n4. A largura e a espessura do material de processamento da m\u00e1quina podem ser personalizadas de acordo com o material do cliente.<br \/>\n5. Pre\u00e7o barato de alta qualidade, pequeno CBM e frete barato.<br \/>\n<strong>PAR\u00c2METRO T\u00c9CNICO<\/strong><br \/>\n<strong>Material:<\/strong>\u00a0Chapa de ferro, chapa de alum\u00ednio, chapa de cobre, chapa de a\u00e7o inoxid\u00e1vel<br \/>\n<strong>Largura do material: 100<\/strong>mil\u00edmetros<br \/>\n<strong>Espessura do material<\/strong>: m\u00e1ximo 2 mm<br \/>\n<strong>Poder:<\/strong> 2.2KW (de acordo com a largura e espessura do material laminado de acordo com as necessidades reais dos clientes)<br \/>\n<strong>Tens\u00e3o:<\/strong>\u00a0220 V\/380 V\/415 V<br \/>\n<strong>Dimens\u00e3o da embalagem:<\/strong>\u00a01500\u00d7710\u00d7800mm<br \/>\n<strong>NW (kg):<\/strong>\u00a0350<br \/>\n<strong>PG (kg):<\/strong>\u00a0400<\/p>","protected":false},"featured_media":1542,"template":"","meta":{"_kad_post_transparent":"default","_kad_post_title":"","_kad_post_layout":"default","_kad_post_sidebar_id":"","_kad_post_content_style":"default","_kad_post_vertical_padding":"default","_kad_post_feature":"","_kad_post_feature_position":"","_kad_post_header":false,"_kad_post_footer":false},"product_brand":[],"product_cat":[19,29],"product_tag":[528,526,525,527,529,520,524,523],"class_list":{"0":"post-361","1":"product","2":"type-product","3":"status-publish","4":"has-post-thumbnail","6":"product_cat-cold-rolling-embossing-machine","7":"product_cat-electric-wrought-iron-processing-machine","8":"product_tag-china-metal-sheet-embossing-machine-factory-suppliers","9":"product_tag-low-price-automatic-metal-sheet-embossing-machine","10":"product_tag-metal-embossing-machine-line","11":"product_tag-metal-sheet-embossing-machine","12":"product_tag-metal-sheet-embossing-machine-at-best-price","13":"product_tag-metal-sheet-embossing-machine-manufacturers-suppliers","14":"product_tag-sheet-metal-embossing-machine","15":"product_tag-sheet-metal-manufacturing","17":"first","18":"instock","19":"shipping-taxable","20":"product-type-simple","21":"entry","22":"content-bg","23":"loop-entry"},"_links":{"self":[{"href":"https:\/\/zzlcmachinery.com\/pt\/wp-json\/wp\/v2\/product\/361","targetHints":{"allow":["GET"]}}],"collection":[{"href":"https:\/\/zzlcmachinery.com\/pt\/wp-json\/wp\/v2\/product"}],"about":[{"href":"https:\/\/zzlcmachinery.com\/pt\/wp-json\/wp\/v2\/types\/product"}],"version-history":[{"count":0,"href":"https:\/\/zzlcmachinery.com\/pt\/wp-json\/wp\/v2\/product\/361\/revisions"}],"wp:featuredmedia":[{"embeddable":true,"href":"https:\/\/zzlcmachinery.com\/pt\/wp-json\/wp\/v2\/media\/1542"}],"wp:attachment":[{"href":"https:\/\/zzlcmachinery.com\/pt\/wp-json\/wp\/v2\/media?parent=361"}],"wp:term":[{"taxonomy":"product_brand","embeddable":true,"href":"https:\/\/zzlcmachinery.com\/pt\/wp-json\/wp\/v2\/product_brand?post=361"},{"taxonomy":"product_cat","embeddable":true,"href":"https:\/\/zzlcmachinery.com\/pt\/wp-json\/wp\/v2\/product_cat?post=361"},{"taxonomy":"product_tag","embeddable":true,"href":"https:\/\/zzlcmachinery.com\/pt\/wp-json\/wp\/v2\/product_tag?post=361"}],"curies":[{"name":"wp","href":"https:\/\/api.w.org\/{rel}","templated":true}]}}