{"id":1552,"date":"2022-12-14T00:42:52","date_gmt":"2022-12-13T16:42:52","guid":{"rendered":"https:\/\/zzlcmachinery.com\/?post_type=product&#038;p=1552"},"modified":"2023-03-08T12:35:05","modified_gmt":"2023-03-08T04:35:05","slug":"jk-300-factory-directly-automatic-metal-sheet-embossing-machine","status":"publish","type":"product","link":"https:\/\/zzlcmachinery.com\/pt\/produto\/jk-300-factory-directly-automatic-metal-sheet-embossing-machine\/","title":{"rendered":"JK-300 M\u00e1quina de estampagem de chapa de metal diretamente autom\u00e1tica de f\u00e1brica"},"content":{"rendered":"","protected":false},"excerpt":{"rendered":"<p>Esta m\u00e1quina de estampagem autom\u00e1tica de chapas de metal JK-300 pode processar chapas de ferro laminadas a frio, chapas de alum\u00ednio, chapas de a\u00e7o inoxid\u00e1vel e chapas de cobre para os padr\u00f5es que os clientes desejam. Um conjunto de moldes vem aleatoriamente com a m\u00e1quina. Nossa equipe t\u00e9cnica pode fornecer servi\u00e7os gratuitos de design personalizado para moldes. Uma variedade de op\u00e7\u00f5es de padr\u00f5es definitivamente permitir\u00e1 que os clientes concorram no feroz mercado local. Destaca-se da concorr\u00eancia devido ao seu padr\u00e3o \u00fanico.<br \/>\nO produto acabado processado pode continuar a ser estampado no formato que o cliente desejar para o caixilho da porta, grade, caixilho da janela, painel da porta, corrim\u00e3o verde, etc. Todos podem ser usados em chapas finas de ferro com padr\u00f5es.<br \/>\n<strong>PAR\u00c2METRO T\u00c9CNICO<\/strong><br \/>\n<strong>Material:<\/strong>\u00a0Chapa de ferro, chapa de alum\u00ednio, chapa de cobre, chapa de a\u00e7o inoxid\u00e1vel<br \/>\n<strong>Largura do material: 300<\/strong>mil\u00edmetros<br \/>\n<strong>Espessura do material<\/strong>: m\u00e1ximo 2 mm<br \/>\n<strong>Poder:<\/strong> 4KW (de acordo com a largura e espessura do material laminado de acordo com as necessidades reais dos clientes)<br \/>\n<strong>Tens\u00e3o:<\/strong>\u00a0220 V\/380 V\/415 V<br \/>\n<strong>Dimens\u00e3o da embalagem:<\/strong>\u00a01500\u00d7710\u00d7800mm<br \/>\n<strong>NW (kg):<\/strong>\u00a0350<br \/>\n<strong>PG (kg):<\/strong>\u00a0400<\/p>","protected":false},"featured_media":1562,"template":"","meta":{"_kad_post_transparent":"default","_kad_post_title":"hide","_kad_post_layout":"fullwidth","_kad_post_sidebar_id":"","_kad_post_content_style":"unboxed","_kad_post_vertical_padding":"hide","_kad_post_feature":"hide","_kad_post_feature_position":"","_kad_post_header":false,"_kad_post_footer":false},"product_brand":[],"product_cat":[19,29],"product_tag":[537,535,533,531,530,536,532,538,534],"class_list":{"0":"post-1552","1":"product","2":"type-product","3":"status-publish","4":"has-post-thumbnail","6":"product_cat-cold-rolling-embossing-machine","7":"product_cat-electric-wrought-iron-processing-machine","8":"product_tag-aluminum-sheet-cold-embossing-machine","9":"product_tag-buy-cold-steel-sheet-embossing-machine","10":"product_tag-cold-roll-former-line","11":"product_tag-copper-sheet-embossing-machine","12":"product_tag-factory-directly-automatic-metal-sheet-embossing-machine","13":"product_tag-iron-sheet-cold-embossing-machine","14":"product_tag-roll-forming-machine-manufacturer","15":"product_tag-stainless-steel-sheet-cold-embossing-machine","16":"product_tag-steel-plate-embossing-machinery","18":"first","19":"instock","20":"shipping-taxable","21":"product-type-simple","22":"entry","23":"content-bg","24":"loop-entry"},"_links":{"self":[{"href":"https:\/\/zzlcmachinery.com\/pt\/wp-json\/wp\/v2\/product\/1552","targetHints":{"allow":["GET"]}}],"collection":[{"href":"https:\/\/zzlcmachinery.com\/pt\/wp-json\/wp\/v2\/product"}],"about":[{"href":"https:\/\/zzlcmachinery.com\/pt\/wp-json\/wp\/v2\/types\/product"}],"version-history":[{"count":0,"href":"https:\/\/zzlcmachinery.com\/pt\/wp-json\/wp\/v2\/product\/1552\/revisions"}],"wp:featuredmedia":[{"embeddable":true,"href":"https:\/\/zzlcmachinery.com\/pt\/wp-json\/wp\/v2\/media\/1562"}],"wp:attachment":[{"href":"https:\/\/zzlcmachinery.com\/pt\/wp-json\/wp\/v2\/media?parent=1552"}],"wp:term":[{"taxonomy":"product_brand","embeddable":true,"href":"https:\/\/zzlcmachinery.com\/pt\/wp-json\/wp\/v2\/product_brand?post=1552"},{"taxonomy":"product_cat","embeddable":true,"href":"https:\/\/zzlcmachinery.com\/pt\/wp-json\/wp\/v2\/product_cat?post=1552"},{"taxonomy":"product_tag","embeddable":true,"href":"https:\/\/zzlcmachinery.com\/pt\/wp-json\/wp\/v2\/product_tag?post=1552"}],"curies":[{"name":"wp","href":"https:\/\/api.w.org\/{rel}","templated":true}]}}