{"id":989,"date":"2022-11-19T00:04:14","date_gmt":"2022-11-18T16:04:14","guid":{"rendered":"https:\/\/zzlcmachinery.com\/?post_type=product&#038;p=989"},"modified":"2022-11-22T14:44:07","modified_gmt":"2022-11-22T06:44:07","slug":"widely-used-wrought-iron-blacksmith-750kg-forging-power-hammer","status":"publish","type":"product","link":"https:\/\/zzlcmachinery.com\/it\/prodotto\/martello-per-forgiatura-di-ferro-battuto-ampiamente-usato-750kg\/","title":{"rendered":"Fabbro in ferro battuto ampiamente usato 750 kg Martello per forgiatura"},"content":{"rendered":"","protected":false},"excerpt":{"rendered":"<p>Questo martello potente per forgiatura da 750 kg da fabbro in ferro battuto ampiamente utilizzato \u00e8 una sorta di attrezzatura per forgiatura gratuita. L&#039;aria viene compressa dal cilindro del compressore e inviata al cilindro di lavoro attraverso la valvola di distribuzione per azionare il pistone e la testa del martello per muoversi su e gi\u00f9 per martellare. Il funzionamento \u00e8 flessibile. Questo modello \u00e8 adatto a varie fucinature libere, come estensione, ribaltamento, punzonatura, tranciatura, saldatura per forgiatura, torsione, piegatura, ecc. Pu\u00f2 essere utilizzato per varie forgiature a stampo aperto. Le caratteristiche sono le seguenti:<br \/>\n1. Guidato dall&#039;aria compressa, la forza d&#039;urto e la frequenza possono essere controllate regolando la pressione dell&#039;aria per soddisfare le esigenze della produzione di sicurezza<br \/>\n2. Il corpo macchina \u00e8 realizzato in ghisa e l&#039;incudine del martello pneumatico di grande tonnellaggio \u00e8 realizzata in acciaio fuso<br \/>\n3. Il meccanismo \u00e8 semplice e non facile da danneggiare<br \/>\nPossiamo fornire 6 kg, 16 kg, 25 kg, 40 kg, 55 kg, 75 kg, 100 kg, 150 kg, 250 kg, 400 kg, 560 kg, 750 kg, 1000 kg, 2000 kg per scegliere in base alle diverse esigenze di lavoro di forgiatura .\u00c8 possibile scegliere il modello in base alle seguenti specifiche<\/p>\n<p><strong>PARAMETRO TECNICO<br \/>\nModello: C41-750KG<br \/>\nPeso delle parti in caduta (KG): 750<\/strong>KG<br \/>\n<strong>Tipo struttura:<\/strong>Martello pneumatico diviso\u00a0<strong><br \/>\nMax.Hit energia (KJ): 13.6<\/strong>KJ<strong><br \/>\nDimensione massima forgiata (diametro) su acciaio tondo:<\/strong>\u00d8300 mm<br \/>\n<strong>Dimensione massima forgiata (diametro) su acciaio quadrato:<\/strong>270*270 mm<br \/>\n<strong>Energia:<\/strong> 55KW<br \/>\n<strong>voltaggio:<\/strong>\u00a0220V\/380V<br \/>\n<strong>Dimensione dell&#039;imballaggio:<\/strong> 3095*1370*3175 mm<br \/>\n<strong>Peso Anwil<\/strong>: 9.000 KG<br \/>\n<strong>Totale GW (kg): 26.000<\/strong><\/p>","protected":false},"featured_media":999,"template":"","meta":{"_kad_post_transparent":"default","_kad_post_title":"hide","_kad_post_layout":"fullwidth","_kad_post_sidebar_id":"","_kad_post_content_style":"unboxed","_kad_post_vertical_padding":"hide","_kad_post_feature":"hide","_kad_post_feature_position":"","_kad_post_header":false,"_kad_post_footer":false},"product_brand":[],"product_cat":[28],"product_tag":[462,428,463,499,464],"class_list":{"0":"post-989","1":"product","2":"type-product","3":"status-publish","4":"has-post-thumbnail","6":"product_cat-blacksmith-power-hammer","7":"product_tag-750kg-air-hammer-metal-forging-hammer-for-sale","8":"product_tag-pneumatic-hammer-for-blacksmith","9":"product_tag-widely-used-iron-blacksmith-forging-air-hammer-machine","10":"product_tag-widely-used-wrought-iron-blacksmith-750kg-forging-power-hammer","11":"product_tag-wrought-iron-metal-forging-power-hammer-for-sale","13":"first","14":"instock","15":"shipping-taxable","16":"product-type-simple","17":"entry","18":"content-bg","19":"loop-entry"},"_links":{"self":[{"href":"https:\/\/zzlcmachinery.com\/it\/wp-json\/wp\/v2\/product\/989","targetHints":{"allow":["GET"]}}],"collection":[{"href":"https:\/\/zzlcmachinery.com\/it\/wp-json\/wp\/v2\/product"}],"about":[{"href":"https:\/\/zzlcmachinery.com\/it\/wp-json\/wp\/v2\/types\/product"}],"version-history":[{"count":0,"href":"https:\/\/zzlcmachinery.com\/it\/wp-json\/wp\/v2\/product\/989\/revisions"}],"wp:featuredmedia":[{"embeddable":true,"href":"https:\/\/zzlcmachinery.com\/it\/wp-json\/wp\/v2\/media\/999"}],"wp:attachment":[{"href":"https:\/\/zzlcmachinery.com\/it\/wp-json\/wp\/v2\/media?parent=989"}],"wp:term":[{"taxonomy":"product_brand","embeddable":true,"href":"https:\/\/zzlcmachinery.com\/it\/wp-json\/wp\/v2\/product_brand?post=989"},{"taxonomy":"product_cat","embeddable":true,"href":"https:\/\/zzlcmachinery.com\/it\/wp-json\/wp\/v2\/product_cat?post=989"},{"taxonomy":"product_tag","embeddable":true,"href":"https:\/\/zzlcmachinery.com\/it\/wp-json\/wp\/v2\/product_tag?post=989"}],"curies":[{"name":"wp","href":"https:\/\/api.w.org\/{rel}","templated":true}]}}