{"id":982,"date":"2022-11-18T23:57:53","date_gmt":"2022-11-18T15:57:53","guid":{"rendered":"https:\/\/zzlcmachinery.com\/?post_type=product&#038;p=982"},"modified":"2022-11-22T14:20:16","modified_gmt":"2022-11-22T06:20:16","slug":"c41-250kg-wrought-iron-metal-forging-power-hammer-for-sale","status":"publish","type":"product","link":"https:\/\/zzlcmachinery.com\/it\/prodotto\/c41-250kg-wrought-iron-metal-forging-power-hammer-for-sale\/","title":{"rendered":"C41-250KG Martello per forgiatura di metalli in ferro battuto in vendita"},"content":{"rendered":"","protected":false},"excerpt":{"rendered":"<p>Questo martello elettrico per forgiatura di metalli in ferro battuto C41-250KG in vendita \u00e8 una specie di martello per forgiatura gratuito. pu\u00f2 essere utilizzato per la forgiatura a stampo con matrici booster, ma non pu\u00f2 essere utilizzato per la forgiatura a stampo chiuso, poich\u00e9 l&#039;energia del colpo della forgiatura a stampo chiuso \u00e8 molto grande, l&#039;asta del martello, la guida, il cilindro di lavoro ... ect le parti principali saranno danneggiate.<br \/>\nPossiamo fornire 6 kg, 16 kg, 25 kg, 40 kg, 55 kg, 75 kg, 100 kg, 150 kg, 250 kg, 400 kg, 560 kg, 750 kg, 1000 kg, 2000 kg per scegliere in base alle diverse esigenze di lavoro di forgiatura .\u00c8 possibile scegliere il modello in base alle seguenti specifiche<\/p>\n<p><strong>PARAMETRO TECNICO<br \/>\nModello: C41-250 kg<br \/>\nPeso delle parti in caduta (KG): 250<\/strong>KG<br \/>\n<strong>Tipo struttura:<\/strong>Martello pneumatico diviso con base<strong><br \/>\nMax.Hit energia (KJ): 5.6<\/strong>KJ<strong><br \/>\nDimensione massima forgiata (diametro) su acciaio tondo:<\/strong>\u00d8175 mm<br \/>\n<strong>Dimensione massima forgiata (diametro) su acciaio quadrato:<\/strong>145*145 mm<br \/>\n<strong>Energia:<\/strong> 22KW<br \/>\n<strong>voltaggio:<\/strong>\u00a0220V\/380V<br \/>\n<strong>Dimensione dell&#039;imballaggio:<\/strong> 2875*1405*2570mm<br \/>\n<strong>Peso dell&#039;incudine:<\/strong>2800 kg<br \/>\n<strong>PE (kg):<\/strong> 8200<\/p>","protected":false},"featured_media":1016,"template":"","meta":{"_kad_post_transparent":"default","_kad_post_title":"hide","_kad_post_layout":"fullwidth","_kad_post_sidebar_id":"","_kad_post_content_style":"unboxed","_kad_post_vertical_padding":"hide","_kad_post_feature":"hide","_kad_post_feature_position":"","_kad_post_header":false,"_kad_post_footer":false},"product_brand":[],"product_cat":[28],"product_tag":[480,481,482,483,484,485,486,487],"class_list":{"0":"post-982","1":"product","2":"type-product","3":"status-publish","4":"has-post-thumbnail","6":"product_cat-blacksmith-power-hammer","7":"product_tag-16kg-2000kg-anyang-pneumatic-hammer-for-whole-world","8":"product_tag-250kg-air-planishing-hammer-for-blacksmith","9":"product_tag-blacksmith-anvil-wrought-iron-machinery-for-hammer","10":"product_tag-c41-40kg-75kg-150kg-250kg-blacksmith-air-forging-hammer-for-sale","11":"product_tag-hot-sale-250-kg-power-hammer-in-uk-usa","12":"product_tag-hot-sale-different-types-wrought-iron-metal-forging-air-hammer","13":"product_tag-hottest-sell-c41-250kg-electro-hydraulic-forging-hammer-for-sale","14":"product_tag-widely-used-iron-forging-250kg-air-pneumatic-hammer-with-ce","16":"first","17":"instock","18":"shipping-taxable","19":"product-type-simple","20":"entry","21":"content-bg","22":"loop-entry"},"_links":{"self":[{"href":"https:\/\/zzlcmachinery.com\/it\/wp-json\/wp\/v2\/product\/982","targetHints":{"allow":["GET"]}}],"collection":[{"href":"https:\/\/zzlcmachinery.com\/it\/wp-json\/wp\/v2\/product"}],"about":[{"href":"https:\/\/zzlcmachinery.com\/it\/wp-json\/wp\/v2\/types\/product"}],"version-history":[{"count":0,"href":"https:\/\/zzlcmachinery.com\/it\/wp-json\/wp\/v2\/product\/982\/revisions"}],"wp:featuredmedia":[{"embeddable":true,"href":"https:\/\/zzlcmachinery.com\/it\/wp-json\/wp\/v2\/media\/1016"}],"wp:attachment":[{"href":"https:\/\/zzlcmachinery.com\/it\/wp-json\/wp\/v2\/media?parent=982"}],"wp:term":[{"taxonomy":"product_brand","embeddable":true,"href":"https:\/\/zzlcmachinery.com\/it\/wp-json\/wp\/v2\/product_brand?post=982"},{"taxonomy":"product_cat","embeddable":true,"href":"https:\/\/zzlcmachinery.com\/it\/wp-json\/wp\/v2\/product_cat?post=982"},{"taxonomy":"product_tag","embeddable":true,"href":"https:\/\/zzlcmachinery.com\/it\/wp-json\/wp\/v2\/product_tag?post=982"}],"curies":[{"name":"wp","href":"https:\/\/api.w.org\/{rel}","templated":true}]}}