{"id":961,"date":"2022-11-17T23:45:25","date_gmt":"2022-11-17T15:45:25","guid":{"rendered":"https:\/\/zzlcmachinery.com\/?post_type=product&#038;p=961"},"modified":"2022-11-22T14:13:53","modified_gmt":"2022-11-22T06:13:53","slug":"c41-55kg-wrought-iron-forging-pneumatic-hammer-for-blacksmith","status":"publish","type":"product","link":"https:\/\/zzlcmachinery.com\/it\/prodotto\/c41-55kg-ferro-battuto-forgiatura-martello-pneumatico-per-fabbro\/","title":{"rendered":"Martello pneumatico per forgiatura in ferro battuto C41-55KG per fabbro"},"content":{"rendered":"","protected":false},"excerpt":{"rendered":"<p>Questo martello pneumatico forgiato in ferro battuto C41-55KG per fabbro martello pneumatico forgiato in ferro battuto C41-55KG \u00e8 di piccole dimensioni, silenzioso, semplice nella struttura, comodo da usare, flessibile in azione, comodo da maneggiare, installare e mantenere. Questa macchina \u00e8 essa stessa una macchina a struttura monoblocco con una base. Il vantaggio di un tale martello pneumatico \u00e8 che pu\u00f2 essere spostato in qualsiasi sito richiesto dal cliente per il lavoro ed \u00e8 molto flessibile. Il martello pneumatico superiore a 55 kg pu\u00f2 forgiare corpi metallici pi\u00f9 grandi. Questo modello \u00e8 adatto a varie forgiature libere: come ribaltamento, stiramento, punzonatura, piegatura, torsione, taglio a caldo, connessione terminale, ecc. \u00c8 adatto per la forgiatura libera di parti con forme diverse, in particolare per la forgiatura di falci, badins, ferri di cavallo, zappe, ecc. nelle imprese rurali e nelle famiglie professionali. Allo stesso tempo, varie fabbriche e miniere usano anche martelli pneumatici per forgiare sfere d&#039;acciaio, impalcature e altri materiali per la costruzione di fabbriche e miniere. Inoltre questa serie di martelli pneumatici \u00e8 anche uno strumento professionale in ferro battuto comunemente utilizzato dai fabbri. Pu\u00f2 realizzare vari stili di stampi e forgiare tutti i tipi di fiori e uccelli in ferro battuto e altre decorazioni squisite.<br \/>\nPossiamo fornire 6 kg, 16 kg, 25 kg, 40 kg, 55 kg, 75 kg, 100 kg, 150 kg, 250 kg, 400 kg, 560 kg, 750 kg, 1000 kg, 2000 kg per scegliere in base alle diverse esigenze di lavoro di forgiatura .\u00c8 possibile scegliere il modello in base alle seguenti specifiche<\/p>\n<p><strong>PARAMETRO TECNICO<br \/>\nModello: C41-55KG<br \/>\nPeso delle parti in caduta (KG): 55<\/strong>KG<br \/>\n<strong>Tipo struttura:<\/strong>Martello pneumatico diviso<strong><br \/>\nEnergia di Max.Hit (KJ):<\/strong>0,27KJ<strong><br \/>\nDimensione massima forgiata (diametro) su acciaio tondo:<\/strong>\u00d845 mm<br \/>\n<strong>Dimensione massima forgiata (diametro) su acciaio quadrato:<\/strong>40x40 mm<br \/>\n<strong>Energia:<\/strong> 3KW<br \/>\n<strong>voltaggio:<\/strong>\u00a0220V\/380V<br \/>\n<strong>Dimensione dell&#039;imballaggio:<\/strong> 980*510*1200<br \/>\n<strong>PE (kg):<\/strong> 560<\/p>","protected":false},"featured_media":967,"template":"","meta":{"_kad_post_transparent":"default","_kad_post_title":"hide","_kad_post_layout":"fullwidth","_kad_post_sidebar_id":"","_kad_post_content_style":"unboxed","_kad_post_vertical_padding":"hide","_kad_post_feature":"hide","_kad_post_feature_position":"","_kad_post_header":false,"_kad_post_footer":false},"product_brand":[],"product_cat":[28],"product_tag":[450,448,445,446,451,453,454,449,447,428,452],"class_list":{"0":"post-961","1":"product","2":"type-product","3":"status-publish","4":"has-post-thumbnail","6":"product_cat-blacksmith-power-hammer","7":"product_tag-c41-series-blacksmith-hydraulic-hammer-for-iron","8":"product_tag-c41-55kg-blacksmith-forging-hammer-for-sale","9":"product_tag-c41-55kg-hammer-strength-power-rack","10":"product_tag-c41-55kg-pneumatic-air-power-hammer-with-anvil-55kg","11":"product_tag-china-the-most-popular-c41-40kg-75kg-150kg-blacksmith-air-hammer-for-sale","12":"product_tag-factory-direct-sale-20kg-25kg-40kg-power-hammer-for-sale-south-africa","13":"product_tag-factory-direct-sale-c41-25kg-homemade-blacksmith-power-hammer","14":"product_tag-hot-sale-anyang-power-hammer-uk-from-ellsen","15":"product_tag-pneumatic-forging-hammer-for-wrought-iron-blacksmith","16":"product_tag-pneumatic-hammer-for-blacksmith","17":"product_tag-wrought-iron-air-power-hammer-for-sale","19":"first","20":"instock","21":"shipping-taxable","22":"product-type-simple","23":"entry","24":"content-bg","25":"loop-entry"},"_links":{"self":[{"href":"https:\/\/zzlcmachinery.com\/it\/wp-json\/wp\/v2\/product\/961","targetHints":{"allow":["GET"]}}],"collection":[{"href":"https:\/\/zzlcmachinery.com\/it\/wp-json\/wp\/v2\/product"}],"about":[{"href":"https:\/\/zzlcmachinery.com\/it\/wp-json\/wp\/v2\/types\/product"}],"version-history":[{"count":0,"href":"https:\/\/zzlcmachinery.com\/it\/wp-json\/wp\/v2\/product\/961\/revisions"}],"wp:featuredmedia":[{"embeddable":true,"href":"https:\/\/zzlcmachinery.com\/it\/wp-json\/wp\/v2\/media\/967"}],"wp:attachment":[{"href":"https:\/\/zzlcmachinery.com\/it\/wp-json\/wp\/v2\/media?parent=961"}],"wp:term":[{"taxonomy":"product_brand","embeddable":true,"href":"https:\/\/zzlcmachinery.com\/it\/wp-json\/wp\/v2\/product_brand?post=961"},{"taxonomy":"product_cat","embeddable":true,"href":"https:\/\/zzlcmachinery.com\/it\/wp-json\/wp\/v2\/product_cat?post=961"},{"taxonomy":"product_tag","embeddable":true,"href":"https:\/\/zzlcmachinery.com\/it\/wp-json\/wp\/v2\/product_tag?post=961"}],"curies":[{"name":"wp","href":"https:\/\/api.w.org\/{rel}","templated":true}]}}