{"id":929,"date":"2022-11-16T23:27:49","date_gmt":"2022-11-16T15:27:49","guid":{"rendered":"https:\/\/zzlcmachinery.com\/?post_type=product&#038;p=929"},"modified":"2022-11-22T14:07:45","modified_gmt":"2022-11-22T06:07:45","slug":"c41-20kg-professional-blacksmith-power-forging-air-hammer","status":"publish","type":"product","link":"https:\/\/zzlcmachinery.com\/it\/prodotto\/c41-20kg-fabbro-professionale-potenza-forgiatura-martello-pneumatico\/","title":{"rendered":"C41-20kg Martello pneumatico per forgiatura di potenza professionale del fabbro"},"content":{"rendered":"","protected":false},"excerpt":{"rendered":"<p>Questo martello pneumatico per forgiatura di potenza da fabbro professionale C41-20kg \u00e8 una struttura di design di tipo diviso. La macchina \u00e8 divisa in due parti, l&#039;incudine e la macchina principale. Il martello pneumatico di tipo split ha bisogno che il cliente costruisca una fondazione in cemento indurito secondo i disegni che forniamo. Il vantaggio del martello pneumatico di tipo diviso \u00e8 che ha una forte capacit\u00e0 di colpire e prestazioni stabili. I martelli pneumatici sono usati da molti fabbri per forgiare vari pezzi fucinati decorativi. Dopo che il ferro \u00e8 stato riscaldato, \u00e8 pi\u00f9 facile martellare e deformare la forma desiderata dal cliente. I martelli pneumatici possono essere utilizzati in diversi luoghi: incastonatura, stampaggio, taglio, foratura, rivettatura, stampaggio, ecc... tutti i tipi di metalli. I martelli pneumatici di Lanchen sono stati venduti negli Stati Uniti, Canada, Russia, Regno Unito, Francia, Spagna, Messico, Colombia, Sud Africa, Vietnam e altri paesi e hanno ottenuto elogi unanimi.<br \/>\nPossiamo fornire 6 kg, 16 kg, 25 kg, 40 kg, 55 kg, 75 kg, 100 kg, 150 kg, 250 kg, 400 kg, 560 kg, 750 kg, 1000 kg, 2000 kg per scegliere in base alle diverse esigenze di lavoro di forgiatura .\u00c8 possibile scegliere il modello in base alle seguenti specifiche<\/p>\n<p><strong>PARAMETRO TECNICO<br \/>\nModello: C41-20KG<br \/>\nPeso delle parti cadenti (KG):<\/strong>20 kg<br \/>\n<strong>Tipo struttura:<\/strong>Martello pneumatico diviso<strong><br \/>\nEnergia di Max.Hit (KJ):<\/strong>0,22KJ<strong><br \/>\nDimensione massima forgiata (diametro) su acciaio tondo:<\/strong>\u00d835 mm<br \/>\n<strong>Dimensione massima forgiata (diametro) su acciaio quadrato:<\/strong>30x30 mm<br \/>\n<strong>Energia:<\/strong> 2,2 kW<br \/>\n<strong>voltaggio:<\/strong>\u00a0220V\/380V<br \/>\n<strong>Dimensione dell&#039;imballaggio:<\/strong> 820*460*1110<br \/>\n<strong>PE (kg):<\/strong> 380<\/p>","protected":false},"featured_media":935,"template":"","meta":{"_kad_post_transparent":"default","_kad_post_title":"hide","_kad_post_layout":"fullwidth","_kad_post_sidebar_id":"","_kad_post_content_style":"unboxed","_kad_post_vertical_padding":"hide","_kad_post_feature":"hide","_kad_post_feature_position":"","_kad_post_header":false,"_kad_post_footer":false},"product_brand":[],"product_cat":[28],"product_tag":[426,416,423,418,414,422,424,421,419,427,407,425,415,420,417],"class_list":{"0":"post-929","1":"product","2":"type-product","3":"status-publish","4":"has-post-thumbnail","6":"product_cat-blacksmith-power-hammer","7":"product_tag-240volt-single-phase-motor-blacksmith-power-forging-hammer","8":"product_tag-air-hammer","9":"product_tag-air-power-chipping-hammer","10":"product_tag-air-power-forging-hammer-blacksmith","11":"product_tag-blacksmith-air-forging-power-hammer","12":"product_tag-c41-20kg-hydraulic-power-hammer-for-sale","13":"product_tag-c41-20kg-professional-blacksmith-power-forging-air-hammer","14":"product_tag-electric-power-hammer","15":"product_tag-forging-wrought-iron-machine","16":"product_tag-hammer-forging-ellsen-wrought-iron-machine-for-sale","17":"product_tag-power-hammer-for-blacksmith","18":"product_tag-profesonal-power-hammer-air-hammer-c41-20kg","19":"product_tag-professional-blacksmith-power-forging-air-hammer","20":"product_tag-small-power-hammer-manufacturers-suppliers","21":"product_tag-source-blacksmith-pneumatic-forging-power-hammer","23":"first","24":"instock","25":"shipping-taxable","26":"product-type-simple","27":"entry","28":"content-bg","29":"loop-entry"},"_links":{"self":[{"href":"https:\/\/zzlcmachinery.com\/it\/wp-json\/wp\/v2\/product\/929","targetHints":{"allow":["GET"]}}],"collection":[{"href":"https:\/\/zzlcmachinery.com\/it\/wp-json\/wp\/v2\/product"}],"about":[{"href":"https:\/\/zzlcmachinery.com\/it\/wp-json\/wp\/v2\/types\/product"}],"version-history":[{"count":0,"href":"https:\/\/zzlcmachinery.com\/it\/wp-json\/wp\/v2\/product\/929\/revisions"}],"wp:featuredmedia":[{"embeddable":true,"href":"https:\/\/zzlcmachinery.com\/it\/wp-json\/wp\/v2\/media\/935"}],"wp:attachment":[{"href":"https:\/\/zzlcmachinery.com\/it\/wp-json\/wp\/v2\/media?parent=929"}],"wp:term":[{"taxonomy":"product_brand","embeddable":true,"href":"https:\/\/zzlcmachinery.com\/it\/wp-json\/wp\/v2\/product_brand?post=929"},{"taxonomy":"product_cat","embeddable":true,"href":"https:\/\/zzlcmachinery.com\/it\/wp-json\/wp\/v2\/product_cat?post=929"},{"taxonomy":"product_tag","embeddable":true,"href":"https:\/\/zzlcmachinery.com\/it\/wp-json\/wp\/v2\/product_tag?post=929"}],"curies":[{"name":"wp","href":"https:\/\/api.w.org\/{rel}","templated":true}]}}