{"id":902,"date":"2022-11-14T18:55:11","date_gmt":"2022-11-14T10:55:11","guid":{"rendered":"https:\/\/zzlcmachinery.com\/?post_type=product&#038;p=902"},"modified":"2022-11-26T00:46:36","modified_gmt":"2022-11-25T16:46:36","slug":"lc-dl60-china-wrought-iron-machine-and-cold-rolling-embossing-machine","status":"publish","type":"product","link":"https:\/\/zzlcmachinery.com\/it\/prodotto\/lc-dl60-china-wrought-iron-machine-and-cold-rolling-embossing-machine\/","title":{"rendered":"LC-DL60 Cina Macchina per ferro battuto e goffratrice per laminazione a freddo"},"content":{"rendered":"","protected":false},"excerpt":{"rendered":"<p>Questa macchina in ferro battuto cinese LC-DL60 e la goffratrice a laminazione a freddo \u00e8 un&#039;attrezzatura professionale per la laminazione a freddo e la goffratrice. Questa macchina pu\u00f2 lavorare tubi quadrati, acciaio quadrato, iorn piatto, tubi in acciaio inossidabile, tubi rettangolari con dimensioni comuni internazionali, questa macchina pu\u00f2 modellare maschi nei quattro angoli del tubo quadrato, pu\u00f2 essere maschio nella ringhiera del tubo utilizzato per le scale. Funziona senza intoppi, sicuro e affidabile. Applicabile a edifici, attrazioni turistiche e decorazioni per la casa.<br \/>\nIl pi\u00f9 grande vantaggio di questa macchina \u00e8 che ha una serie di stampi combinati che possono essere utilizzati per lavorare tubi quadrati 20\u00d720-100x100 mm, tubi rettangolari e tubi in acciaio inossidabile. Finch\u00e9 \u00e8 il materiale che il cliente ha, pu\u00f2 essere lavorato e goffrato sullo stampo regolando la combinazione della guarnizione.<br \/>\nNon \u00e8 necessario pagare uno stampo di ogni dimensione per realizzare uno stampo separato. Risparmia tempo, denaro e fatica.<\/p>\n<p><strong>PARAMETRO TECNICO<br \/>\nModello:LC-DL60<\/strong><br \/>\n<strong>Ferro da stiro:<\/strong> \u226410\u00d760 mm<br \/>\n<strong>Acciaio quadrato:<\/strong>\u00a0\u226425\u00d725 mm<br \/>\n<strong>Tubo quadrato:<\/strong> \u2264100x100 mm<br \/>\n<strong>Energia:<\/strong> 7,5KW<br \/>\n<strong>voltaggio:<\/strong> 220V\/380V<br \/>\n<strong>Dimensione dell&#039;imballaggio:<\/strong> 1000\u00d7800\u00d71200 mm<br \/>\n<strong>NO (kg):<\/strong> 450<br \/>\n<strong>PE (kg):<\/strong> 500<\/p>","protected":false},"featured_media":909,"template":"","meta":{"_kad_post_transparent":"default","_kad_post_title":"hide","_kad_post_layout":"fullwidth","_kad_post_sidebar_id":"","_kad_post_content_style":"unboxed","_kad_post_vertical_padding":"hide","_kad_post_feature":"hide","_kad_post_feature_position":"","_kad_post_header":false,"_kad_post_footer":false},"product_brand":[],"product_cat":[29,19],"product_tag":[387,391,390,381,382,394,388,396,397,392,389,398,395,393],"class_list":{"0":"post-902","1":"product","2":"type-product","3":"status-publish","4":"has-post-thumbnail","6":"product_cat-electric-wrought-iron-processing-machine","7":"product_cat-cold-rolling-embossing-machine","8":"product_tag-blacksmith-embossing-metal-machine","9":"product_tag-buy-handrail-embossling-machine","10":"product_tag-china-iron-art-machine","11":"product_tag-china-metal-craft-embossing-equiment","12":"product_tag-china-wrought-iron-machine-and-cold-rolling-embossing-machine","13":"product_tag-cold-rolling-embossing-machine-for-wrought-iron-decoration","14":"product_tag-embossing-machine-for-rolling-forming-machine-manufacturer","15":"product_tag-flat-iron-embossing-machine","16":"product_tag-forged-square-tube-equipment","17":"product_tag-metal-embossing-handrail-embossing-machine","18":"product_tag-multifunction-adjustable-speed-handrail-cold-embossing-machine","19":"product_tag-ornamental-machine-for-sale","20":"product_tag-square-steel-embossing-machine","21":"product_tag-wrought-iron-decoration","23":"first","24":"instock","25":"featured","26":"shipping-taxable","27":"product-type-simple","28":"entry","29":"content-bg","30":"loop-entry"},"_links":{"self":[{"href":"https:\/\/zzlcmachinery.com\/it\/wp-json\/wp\/v2\/product\/902","targetHints":{"allow":["GET"]}}],"collection":[{"href":"https:\/\/zzlcmachinery.com\/it\/wp-json\/wp\/v2\/product"}],"about":[{"href":"https:\/\/zzlcmachinery.com\/it\/wp-json\/wp\/v2\/types\/product"}],"version-history":[{"count":0,"href":"https:\/\/zzlcmachinery.com\/it\/wp-json\/wp\/v2\/product\/902\/revisions"}],"wp:featuredmedia":[{"embeddable":true,"href":"https:\/\/zzlcmachinery.com\/it\/wp-json\/wp\/v2\/media\/909"}],"wp:attachment":[{"href":"https:\/\/zzlcmachinery.com\/it\/wp-json\/wp\/v2\/media?parent=902"}],"wp:term":[{"taxonomy":"product_brand","embeddable":true,"href":"https:\/\/zzlcmachinery.com\/it\/wp-json\/wp\/v2\/product_brand?post=902"},{"taxonomy":"product_cat","embeddable":true,"href":"https:\/\/zzlcmachinery.com\/it\/wp-json\/wp\/v2\/product_cat?post=902"},{"taxonomy":"product_tag","embeddable":true,"href":"https:\/\/zzlcmachinery.com\/it\/wp-json\/wp\/v2\/product_tag?post=902"}],"curies":[{"name":"wp","href":"https:\/\/api.w.org\/{rel}","templated":true}]}}