{"id":867,"date":"2022-11-10T00:20:57","date_gmt":"2022-11-09T16:20:57","guid":{"rendered":"https:\/\/zzlcmachinery.com\/?post_type=product&#038;p=867"},"modified":"2022-12-13T13:42:15","modified_gmt":"2022-12-13T05:42:15","slug":"jk-30-sheet-iron-plate-cold-embossing-machine","status":"publish","type":"product","link":"https:\/\/zzlcmachinery.com\/it\/prodotto\/jk-30-sheet-iron-plate-cold-embossing-machine\/","title":{"rendered":"Goffratrice a freddo per lamiera di ferro JK-30"},"content":{"rendered":"","protected":false},"excerpt":{"rendered":"<p>JK-30 Una goffratrice a freddo per lamiere di ferro \u00e8 un tipo di macchina che viene utilizzata per imprimere motivi o disegni su lastre di metallo senza l&#039;uso di calore. Questo viene fatto premendo la piastra metallica tra due stampi che sono incisi con il motivo desiderato o ricavati da uno stampo del disegno per le esigenze del cliente. La macchina esercita una pressione sulla piastra metallica, che le fa assumere la forma degli stampi e crea un motivo in rilievo sulla superficie del metallo. La goffratura a freddo \u00e8 una tecnica comune utilizzata nella produzione di prodotti come insegne in metallo, pannelli decorativi e altri prodotti che richiedono motivi in rilievo su lastre di metallo. La goffratura a freddo \u00e8 spesso preferita alla goffratura a caldo perch\u00e9 non comporta l&#039;uso del calore, che pu\u00f2 danneggiare o deformare il metallo.<br \/>\nLa larghezza della piastra in lamiera e il disegno dello stampo possono essere personalizzati gratuitamente!<br \/>\n<strong>PARAMETRO TECNICO<\/strong><br \/>\n<strong>Materiale:<\/strong> Lamiera di ferro, Lamiera di alluminio, Lamiera di rame, Lamiera di acciaio inossidabile<br \/>\n<strong>Larghezza del materiale\uff1a<\/strong>30 mm<br \/>\n<strong>Spessore materiale<\/strong>: massimo 2mm<br \/>\n<strong>Energia:<\/strong> 2.2KW (in base alla larghezza e allo spessore del materiale laminato in base alle effettive esigenze dei clienti)<br \/>\n<strong>voltaggio:<\/strong>\u00a0220V\/380V\/415V<br \/>\n<strong>Dimensione dell&#039;imballaggio:<\/strong> 1500\u00d7710\u00d7800 mm<br \/>\n<strong>NO (kg):<\/strong> 350<br \/>\n<strong>PE (kg):<\/strong> 400<\/p>","protected":false},"featured_media":1535,"template":"","meta":{"_kad_post_transparent":"default","_kad_post_title":"hide","_kad_post_layout":"fullwidth","_kad_post_sidebar_id":"","_kad_post_content_style":"unboxed","_kad_post_vertical_padding":"hide","_kad_post_feature":"hide","_kad_post_feature_position":"","_kad_post_header":false,"_kad_post_footer":false},"product_brand":[],"product_cat":[29,19],"product_tag":[47,521,519,518,520,517,522],"class_list":{"0":"post-867","1":"product","2":"type-product","3":"status-publish","4":"has-post-thumbnail","6":"product_cat-electric-wrought-iron-processing-machine","7":"product_cat-cold-rolling-embossing-machine","8":"product_tag-cold-rolling-embossing-machine","9":"product_tag-cold-rolling-sheet-embossing-machine-manufacturers","10":"product_tag-iorn-sheet-embossing-machine","11":"product_tag-iron-plate-cold-embossing-machine","12":"product_tag-metal-sheet-embossing-machine-manufacturers-suppliers","13":"product_tag-sheet-iron-plate-cold-embossing-machine","14":"product_tag-sheet-iron-plate-embossing-machine","16":"first","17":"instock","18":"shipping-taxable","19":"product-type-simple","20":"entry","21":"content-bg","22":"loop-entry"},"_links":{"self":[{"href":"https:\/\/zzlcmachinery.com\/it\/wp-json\/wp\/v2\/product\/867","targetHints":{"allow":["GET"]}}],"collection":[{"href":"https:\/\/zzlcmachinery.com\/it\/wp-json\/wp\/v2\/product"}],"about":[{"href":"https:\/\/zzlcmachinery.com\/it\/wp-json\/wp\/v2\/types\/product"}],"version-history":[{"count":0,"href":"https:\/\/zzlcmachinery.com\/it\/wp-json\/wp\/v2\/product\/867\/revisions"}],"wp:featuredmedia":[{"embeddable":true,"href":"https:\/\/zzlcmachinery.com\/it\/wp-json\/wp\/v2\/media\/1535"}],"wp:attachment":[{"href":"https:\/\/zzlcmachinery.com\/it\/wp-json\/wp\/v2\/media?parent=867"}],"wp:term":[{"taxonomy":"product_brand","embeddable":true,"href":"https:\/\/zzlcmachinery.com\/it\/wp-json\/wp\/v2\/product_brand?post=867"},{"taxonomy":"product_cat","embeddable":true,"href":"https:\/\/zzlcmachinery.com\/it\/wp-json\/wp\/v2\/product_cat?post=867"},{"taxonomy":"product_tag","embeddable":true,"href":"https:\/\/zzlcmachinery.com\/it\/wp-json\/wp\/v2\/product_tag?post=867"}],"curies":[{"name":"wp","href":"https:\/\/api.w.org\/{rel}","templated":true}]}}