{"id":832,"date":"2022-11-04T20:23:29","date_gmt":"2022-11-04T12:23:29","guid":{"rendered":"https:\/\/zzlcmachinery.com\/?post_type=product&#038;p=832"},"modified":"2022-11-26T00:47:32","modified_gmt":"2022-11-25T16:47:32","slug":"lc-jklg60-aotumatic-multi-function-round-pipe-twisting-machine","status":"publish","type":"product","link":"https:\/\/zzlcmachinery.com\/it\/prodotto\/lc-jklg60-aotumatic-multi-function-round-pipe-twisting-machine\/","title":{"rendered":"LC-JKLG60 Torcitrice automatica multifunzionale per tubi tondi"},"content":{"rendered":"","protected":false},"excerpt":{"rendered":"<p>Questa torcitrice automatica multifunzione per tubi tondi LC-JKLG60 \u00e8 in grado di disegnare ed elaborare tubi tondi a spirale, tubi quadrati lineari, tubi piatti con diversi spessori e modelli.<br \/>\nLa macchina pu\u00f2 produrre e lavorare tubi tondi con un diametro non superiore a 60 mm e uno spessore inferiore a 1,2 mm in tubi a spirale. Il tubo tondo pu\u00f2 essere trasformato in tubo quadrato, 6 tubi angolari, 8 tubi angolari, 16 tubi angolari e altri modelli.<br \/>\nTirando la macchina si possono lavorare vari modelli in acciaio inox sotto appositi stampi. Il materiale lavorato non \u00e8 solo bello nell&#039;aspetto, durevole e resistente, ma anche perch\u00e9 \u00e8 cavo. Il materiale sar\u00e0 il doppio del costo del materiale del materiale solido. \u00c8 una macchina indispensabile per la lavorazione di porte, finestre, scale, corrimano e recinzioni<br \/>\nServizio online 24 ore su 24, facci sapere se hai qualche domanda!<br \/>\n<strong>PARAMETRO TECNICO<br \/>\n<\/strong><strong>Modello: LC-JKLG60<br \/>\nMateriale di lavorazione: tubo tondo\u2264\u03a660mmx1.2mm<br \/>\nDimensioni del prodotto finito:<\/strong><br \/>\nGirare<strong> tubo<\/strong>\u2264\u03a660mmx1.2mm<br \/>\nTubo piatto \u2264 60x30x1,2 mm<br \/>\nTubo quadrato\u226415x15x1.2-60x60x1.2mm<br \/>\n<strong style=\"font-family: var(--global-body-font-family);\">Energia:<\/strong><span style=\"font-family: var(--global-body-font-family);\"> 7,5KW<br \/>\n<\/span><strong>Per matrici gratuite:<\/strong>6 set<br \/>\n<strong>voltaggio:<\/strong>\u00a0220V\/380V\/415V<br \/>\n<strong>Dimensione dell&#039;imballaggio:<\/strong>800*1200*700mm<strong><br \/>\n<\/strong><strong>NO (kg):<\/strong> 1100\u00a0 \u00a0 \u00a0<strong>PE (kg):<\/strong> 1150<\/p>","protected":false},"featured_media":848,"template":"","meta":{"_kad_post_transparent":"default","_kad_post_title":"","_kad_post_layout":"default","_kad_post_sidebar_id":"","_kad_post_content_style":"default","_kad_post_vertical_padding":"default","_kad_post_feature":"","_kad_post_feature_position":"","_kad_post_header":false,"_kad_post_footer":false},"product_brand":[],"product_cat":[20,31,29],"product_tag":[333,334,335,336,337,338,339,340,341,342,343,344,348,345,346,347],"class_list":{"0":"post-832","1":"product","2":"type-product","3":"status-publish","4":"has-post-thumbnail","6":"product_cat-wrought-iron-twisting-machine","7":"product_cat-electric-pipe-twisting-machine","8":"product_cat-electric-wrought-iron-processing-machine","9":"product_tag-aotumatic-multi-function-round-pipe-twisting-machine","10":"product_tag-automatic-rod-pipe-twisting-machine-equipment-with-best-price","11":"product_tag-automatic-tube-threading-pipe-twisting-machine","12":"product_tag-electric-metal-twisting-machine-twist-forming-metal-gate-door-processing-equipment","13":"product_tag-factory-hot-sale-automatic-round-stainless-steel-pipe-twisting-machine","14":"product_tag-finished-products-by-pipe-twisting-machine-2","15":"product_tag-fully-automatic-multi-functional-round-tube-twisting-machine","16":"product_tag-metal-wrought-iron-pipe-twisting-machine-with-factory-price","17":"product_tag-moulds-for-pipe-twisting-machine","18":"product_tag-new-automatic-round-pipe-twisting-machine-for-square-pipe-twisting-shape","19":"product_tag-ornamental-wrought-iron-round-pipe-twisting-making-machine","20":"product_tag-pipe-embossing-and-stretching-machine","21":"product_tag-round-pipe-twisting-machine","22":"product_tag-stainless-steel-pipe-twisting-forming-machine-with-square-pipe-twisting-shape","23":"product_tag-wrought-iron-pipe-twist-and-bend-machine-copper-pipe-twisting-machine","24":"product_tag-wrought-iron-tube-twisting-machine-for-steel-pipe","26":"first","27":"instock","28":"featured","29":"shipping-taxable","30":"product-type-simple","31":"entry","32":"content-bg","33":"loop-entry"},"_links":{"self":[{"href":"https:\/\/zzlcmachinery.com\/it\/wp-json\/wp\/v2\/product\/832","targetHints":{"allow":["GET"]}}],"collection":[{"href":"https:\/\/zzlcmachinery.com\/it\/wp-json\/wp\/v2\/product"}],"about":[{"href":"https:\/\/zzlcmachinery.com\/it\/wp-json\/wp\/v2\/types\/product"}],"version-history":[{"count":0,"href":"https:\/\/zzlcmachinery.com\/it\/wp-json\/wp\/v2\/product\/832\/revisions"}],"wp:featuredmedia":[{"embeddable":true,"href":"https:\/\/zzlcmachinery.com\/it\/wp-json\/wp\/v2\/media\/848"}],"wp:attachment":[{"href":"https:\/\/zzlcmachinery.com\/it\/wp-json\/wp\/v2\/media?parent=832"}],"wp:term":[{"taxonomy":"product_brand","embeddable":true,"href":"https:\/\/zzlcmachinery.com\/it\/wp-json\/wp\/v2\/product_brand?post=832"},{"taxonomy":"product_cat","embeddable":true,"href":"https:\/\/zzlcmachinery.com\/it\/wp-json\/wp\/v2\/product_cat?post=832"},{"taxonomy":"product_tag","embeddable":true,"href":"https:\/\/zzlcmachinery.com\/it\/wp-json\/wp\/v2\/product_tag?post=832"}],"curies":[{"name":"wp","href":"https:\/\/api.w.org\/{rel}","templated":true}]}}