{"id":755,"date":"2022-10-31T19:03:30","date_gmt":"2022-10-31T11:03:30","guid":{"rendered":"https:\/\/zzlcmachinery.com\/?post_type=product&#038;p=755"},"modified":"2022-11-22T15:16:02","modified_gmt":"2022-11-22T07:16:02","slug":"lc-w13-manual-metal-craft-wrought-iron-scroll-bender","status":"publish","type":"product","link":"https:\/\/zzlcmachinery.com\/it\/prodotto\/lc-w13-manual-metal-craft-wrought-iron-scroll-bender\/","title":{"rendered":"LC-W13 Piegatrice manuale per rotoli in ferro battuto artigianale in metallo"},"content":{"rendered":"","protected":false},"excerpt":{"rendered":"<p>La piegatrice per rotoli in ferro battuto artigianale in metallo LC-W13 \u00e8 uno strumento manuale fai-da-te per tagliare metallo, piegare e torcere il metallo. La curvatrice manuale pu\u00f2 essere utilizzata per lavorare ferro piatto, acciaio quadrato e acciaio tondo. Pu\u00f2 piegare ferro piatto, acciaio quadro e acciaio tondo con forma a \u201cS\u201d, \u201cC\u201d e \u201cP\u201d. Pu\u00f2 anche realizzare la funzione di realizzare cesti di fiori a quattro fili. Questo set di strumenti \u00e8 composto da 9 strumenti con diverse funzioni<br \/>\n6 strumenti di piegatura per piegare materiale metallico modello &quot;S&quot; &quot;C&quot; &quot;P&quot;.<br \/>\n1 utensile da taglio per il taglio di materiali metallici<br \/>\n1 strumento di torsione per far funzionare il cesto di fiori<br \/>\n1 utensile dalla forma speciale ha le funzioni di smussatura, arrotondamento e arco del metallo.<br \/>\nServizio online 24 ore su 24, facci sapere se hai qualche domanda!<br \/>\n<strong>PARAMETRO TECNICO<br \/>\n<\/strong><strong>Modello: LC-W13<br \/>\nFerro da stiro:<\/strong> \u226440*6mm,<br \/>\n<strong>Acciaio tondo:<\/strong> \u2264\u03c612mm,<br \/>\n<strong>Acciaio quadrato:<\/strong> \u226416*16mm<br \/>\n<strong>Energia:<\/strong> Manuale<br \/>\n<strong>Dimensione dell&#039;imballaggio:<\/strong> 500\u00d7500\u00d7500 mm<br \/>\n<strong>NO (kg):<\/strong>80<br \/>\n<strong>PE (kg): 80<\/strong><\/p>","protected":false},"featured_media":762,"template":"","meta":{"_kad_post_transparent":"default","_kad_post_title":"","_kad_post_layout":"default","_kad_post_sidebar_id":"","_kad_post_content_style":"default","_kad_post_vertical_padding":"default","_kad_post_feature":"","_kad_post_feature_position":"","_kad_post_header":false,"_kad_post_footer":false},"product_brand":[],"product_cat":[33,34],"product_tag":[273,268,271,274,188,261,272,276,250,72,275,265],"class_list":{"0":"post-755","1":"product","2":"type-product","3":"status-publish","4":"has-post-thumbnail","6":"product_cat-manual-wrounght-iron-processing-tools","7":"product_cat-manual-scroll-bender","8":"product_tag-bender-hand-tools","9":"product_tag-diy-metal-working-tools","10":"product_tag-diy-scroll-bender-without-welding-for-steel-brass-cooper-aluminum","11":"product_tag-homemade-metal-bender-tools","12":"product_tag-make-a-metal-scroll-bender","13":"product_tag-manual-metal-craft-scroll-bending-tools","14":"product_tag-manual-metal-craft-wrought-iron-scroll","15":"product_tag-metal-bender-tool","16":"product_tag-metal-craft-bending-tools-ornametal-scroll-bender","17":"product_tag-metal-scroll-bender","18":"product_tag-scroll-bender-plans","19":"product_tag-wrought-iron-metal-scroll-bender","21":"first","22":"instock","23":"shipping-taxable","24":"product-type-simple","25":"entry","26":"content-bg","27":"loop-entry"},"_links":{"self":[{"href":"https:\/\/zzlcmachinery.com\/it\/wp-json\/wp\/v2\/product\/755","targetHints":{"allow":["GET"]}}],"collection":[{"href":"https:\/\/zzlcmachinery.com\/it\/wp-json\/wp\/v2\/product"}],"about":[{"href":"https:\/\/zzlcmachinery.com\/it\/wp-json\/wp\/v2\/types\/product"}],"version-history":[{"count":0,"href":"https:\/\/zzlcmachinery.com\/it\/wp-json\/wp\/v2\/product\/755\/revisions"}],"wp:featuredmedia":[{"embeddable":true,"href":"https:\/\/zzlcmachinery.com\/it\/wp-json\/wp\/v2\/media\/762"}],"wp:attachment":[{"href":"https:\/\/zzlcmachinery.com\/it\/wp-json\/wp\/v2\/media?parent=755"}],"wp:term":[{"taxonomy":"product_brand","embeddable":true,"href":"https:\/\/zzlcmachinery.com\/it\/wp-json\/wp\/v2\/product_brand?post=755"},{"taxonomy":"product_cat","embeddable":true,"href":"https:\/\/zzlcmachinery.com\/it\/wp-json\/wp\/v2\/product_cat?post=755"},{"taxonomy":"product_tag","embeddable":true,"href":"https:\/\/zzlcmachinery.com\/it\/wp-json\/wp\/v2\/product_tag?post=755"}],"curies":[{"name":"wp","href":"https:\/\/api.w.org\/{rel}","templated":true}]}}