{"id":748,"date":"2022-10-31T16:14:20","date_gmt":"2022-10-31T08:14:20","guid":{"rendered":"https:\/\/zzlcmachinery.com\/?post_type=product&#038;p=748"},"modified":"2022-11-22T15:17:33","modified_gmt":"2022-11-22T07:17:33","slug":"lc-w9-china-factory-seller-manual-scroll-bender-for-sale","status":"publish","type":"product","link":"https:\/\/zzlcmachinery.com\/it\/prodotto\/lc-w9-china-fabbrica-venditore-manuale-scroll-bender-in-vendita\/","title":{"rendered":"LC-W9 China Factory Seller Manual Scroll Bender in vendita"},"content":{"rendered":"","protected":false},"excerpt":{"rendered":"<p>LC-W9 La piegatrice manuale per scorrimento manuale del venditore di fabbrica in Cina in vendita \u00e8 uno strumento manuale fai-da-te per tagliare metallo, piegare e torcere il metallo. La curvatrice manuale pu\u00f2 essere utilizzata per lavorare ferro piatto, acciaio quadrato e acciaio tondo. Pu\u00f2 piegare ferro piatto, acciaio quadro e acciaio tondo con forma a \u201cS\u201d, \u201cC\u201d e \u201cP\u201d. Pu\u00f2 anche realizzare la funzione di realizzare cesti di fiori a quattro fili. Questo set di strumenti \u00e8 composto da 9 strumenti con diverse funzioni<br \/>\n6 strumenti di piegatura per piegare materiale metallico modello &quot;S&quot; &quot;C&quot; &quot;P&quot;.<br \/>\n1 utensile da taglio per il taglio di materiali metallici<br \/>\n1 strumento di torsione per far funzionare il cesto di fiori<br \/>\n1 utensile dalla forma speciale ha le funzioni di smussatura, arrotondamento e arco del metallo.<br \/>\nServizio online 24 ore su 24, facci sapere se hai qualche domanda!<br \/>\n<strong>PARAMETRO TECNICO<br \/>\n<\/strong><strong>Modello:LC-W9<br \/>\nFerro piano: \u226440*6mm,<br \/>\nAcciaio tondo: \u2264\u03c612mm,<br \/>\nAcciaio quadrato: \u226416*16mm<\/strong><br \/>\n<strong>Energia:<\/strong> Manuale<br \/>\n<strong>Dimensione dell&#039;imballaggio:<\/strong> 500\u00d7500\u00d7500 mm<br \/>\n<strong>NO (kg):<\/strong>80<br \/>\n<strong>PE (kg): 80<\/strong><\/p>","protected":false},"featured_media":752,"template":"","meta":{"_kad_post_transparent":"default","_kad_post_title":"","_kad_post_layout":"default","_kad_post_sidebar_id":"","_kad_post_content_style":"default","_kad_post_vertical_padding":"default","_kad_post_feature":"","_kad_post_feature_position":"","_kad_post_header":false,"_kad_post_footer":false},"product_brand":[],"product_cat":[33,34],"product_tag":[260,270,268,258,262,261,264,267,269,259,263,266,265],"class_list":{"0":"post-748","1":"product","2":"type-product","3":"status-publish","4":"has-post-thumbnail","6":"product_cat-manual-wrounght-iron-processing-tools","7":"product_cat-manual-scroll-bender","8":"product_tag-buy-metal-craft-tool","9":"product_tag-diy-homework-metal-craft-processing-tools","10":"product_tag-diy-metal-working-tools","11":"product_tag-ellsen-wrought-iron-machinery-factory","12":"product_tag-iron-manual-scroll-bender","13":"product_tag-manual-metal-craft-scroll-bending-tools","14":"product_tag-manual-steel-scroll-bending-machine","15":"product_tag-metalcraft-tool-set-master","16":"product_tag-scroll-former-tool-metalcraft","17":"product_tag-steel-bender","18":"product_tag-steel-scroll-bender","19":"product_tag-wrought-iron-equiment","20":"product_tag-wrought-iron-metal-scroll-bender","22":"first","23":"instock","24":"shipping-taxable","25":"product-type-simple","26":"entry","27":"content-bg","28":"loop-entry"},"_links":{"self":[{"href":"https:\/\/zzlcmachinery.com\/it\/wp-json\/wp\/v2\/product\/748","targetHints":{"allow":["GET"]}}],"collection":[{"href":"https:\/\/zzlcmachinery.com\/it\/wp-json\/wp\/v2\/product"}],"about":[{"href":"https:\/\/zzlcmachinery.com\/it\/wp-json\/wp\/v2\/types\/product"}],"version-history":[{"count":0,"href":"https:\/\/zzlcmachinery.com\/it\/wp-json\/wp\/v2\/product\/748\/revisions"}],"wp:featuredmedia":[{"embeddable":true,"href":"https:\/\/zzlcmachinery.com\/it\/wp-json\/wp\/v2\/media\/752"}],"wp:attachment":[{"href":"https:\/\/zzlcmachinery.com\/it\/wp-json\/wp\/v2\/media?parent=748"}],"wp:term":[{"taxonomy":"product_brand","embeddable":true,"href":"https:\/\/zzlcmachinery.com\/it\/wp-json\/wp\/v2\/product_brand?post=748"},{"taxonomy":"product_cat","embeddable":true,"href":"https:\/\/zzlcmachinery.com\/it\/wp-json\/wp\/v2\/product_cat?post=748"},{"taxonomy":"product_tag","embeddable":true,"href":"https:\/\/zzlcmachinery.com\/it\/wp-json\/wp\/v2\/product_tag?post=748"}],"curies":[{"name":"wp","href":"https:\/\/api.w.org\/{rel}","templated":true}]}}