{"id":741,"date":"2022-10-31T00:04:18","date_gmt":"2022-10-30T16:04:18","guid":{"rendered":"https:\/\/zzlcmachinery.com\/?post_type=product&#038;p=741"},"modified":"2022-11-22T15:20:15","modified_gmt":"2022-11-22T07:20:15","slug":"lc-w3-manual-metal-craft-scroll-bender","status":"publish","type":"product","link":"https:\/\/zzlcmachinery.com\/it\/prodotto\/lc-w3-manual-metal-craft-scroll-bender\/","title":{"rendered":"LC-W3 Piegatrice per rotoli artigianale in metallo manuale"},"content":{"rendered":"","protected":false},"excerpt":{"rendered":"<p>LC-W3 Manual Metal Craft Scroll Bender, attraverso l&#039;integrazione tecnica e la modifica, questa piegatrice manuale combina pi\u00f9 piegatrici manuali originali in una piegatrice manuale multifunzionale, che \u00e8 passata dalla piccola capacit\u00e0 di elaborazione originale alla capacit\u00e0 di elaborazione che ora pu\u00f2 essere paragonabile a quello delle macchine elettriche. Migliora la precisione e la resistenza del prodotto e ci sono manuali, stampi per attrezzature e stampi per piegatrici elettriche che sono comuni, facili da usare, a risparmio energetico e rispettosi dell&#039;ambiente.<br \/>\nQuesto prodotto pu\u00f2 lavorare acciaio quadrato, tubo quadrato, ferro piatto, acciaio tondo, tubo tondo a forma di P, S, C, questi modelli possono essere ampiamente utilizzati nella lavorazione, cancelli, scale, recinzioni, mobili in ferro battuto, ecc. La piegatura manuale macchina \u00e8 sicuramente una buona scelta per la fase iniziale della carriera del fabbro.<br \/>\nServizio online 24 ore su 24, facci sapere se hai qualche domanda!<br \/>\n<strong>PARAMETRO TECNICO<br \/>\n<\/strong><strong>Modello:LC-W5<br \/>\nFerro da stiro:<\/strong>\u226430*5mm<br \/>\n<strong>Acciaio tondo:<\/strong> \u2264\u03c610mm<br \/>\n<strong>Acciaio quadrato:<\/strong>\u226410*10mm<br \/>\n<strong>Energia:<\/strong> Manuale<br \/>\n<strong>Dimensione dell&#039;imballaggio:<\/strong> 500\u00d7500\u00d7500 mm<br \/>\n<strong>NO (kg):<\/strong>40<br \/>\n<strong>PE (kg):<\/strong>45<\/p>","protected":false},"featured_media":743,"template":"","meta":{"_kad_post_transparent":"default","_kad_post_title":"","_kad_post_layout":"default","_kad_post_sidebar_id":"","_kad_post_content_style":"default","_kad_post_vertical_padding":"default","_kad_post_feature":"","_kad_post_feature_position":"","_kad_post_header":false,"_kad_post_footer":false},"product_brand":[],"product_cat":[33,34],"product_tag":[253,248,258,247,246,245,244,251,250,254,72,249,252,255,256,257],"class_list":{"0":"post-741","1":"product","2":"type-product","3":"status-publish","4":"has-post-thumbnail","6":"product_cat-manual-wrounght-iron-processing-tools","7":"product_cat-manual-scroll-bender","8":"product_tag-buy-wrought-iron-scroll-bender","9":"product_tag-diy-metal-scroll-bender-2022","10":"product_tag-ellsen-wrought-iron-machinery-factory","11":"product_tag-homemade-metal-scroll-bender-iron-projects","12":"product_tag-how-to-make-a-scroll-bender","13":"product_tag-manual-metal-craft-scroll-bender","14":"product_tag-manual-ornamental-iron-scroll-bender-tools","15":"product_tag-metal-bender-machine","16":"product_tag-metal-craft-bending-tools-ornametal-scroll-bender","17":"product_tag-metal-craft-hand-tools","18":"product_tag-metal-scroll-bender","19":"product_tag-metalcraft-scroll-bender","20":"product_tag-scroll-bender-manual","21":"product_tag-scroll-bender-product","22":"product_tag-scroll-benders-metal-tool-bender-machine","23":"product_tag-scrolls-fabrication-metalcraft","25":"first","26":"instock","27":"shipping-taxable","28":"product-type-simple","29":"entry","30":"content-bg","31":"loop-entry"},"_links":{"self":[{"href":"https:\/\/zzlcmachinery.com\/it\/wp-json\/wp\/v2\/product\/741","targetHints":{"allow":["GET"]}}],"collection":[{"href":"https:\/\/zzlcmachinery.com\/it\/wp-json\/wp\/v2\/product"}],"about":[{"href":"https:\/\/zzlcmachinery.com\/it\/wp-json\/wp\/v2\/types\/product"}],"version-history":[{"count":0,"href":"https:\/\/zzlcmachinery.com\/it\/wp-json\/wp\/v2\/product\/741\/revisions"}],"wp:featuredmedia":[{"embeddable":true,"href":"https:\/\/zzlcmachinery.com\/it\/wp-json\/wp\/v2\/media\/743"}],"wp:attachment":[{"href":"https:\/\/zzlcmachinery.com\/it\/wp-json\/wp\/v2\/media?parent=741"}],"wp:term":[{"taxonomy":"product_brand","embeddable":true,"href":"https:\/\/zzlcmachinery.com\/it\/wp-json\/wp\/v2\/product_brand?post=741"},{"taxonomy":"product_cat","embeddable":true,"href":"https:\/\/zzlcmachinery.com\/it\/wp-json\/wp\/v2\/product_cat?post=741"},{"taxonomy":"product_tag","embeddable":true,"href":"https:\/\/zzlcmachinery.com\/it\/wp-json\/wp\/v2\/product_tag?post=741"}],"curies":[{"name":"wp","href":"https:\/\/api.w.org\/{rel}","templated":true}]}}