{"id":708,"date":"2022-10-29T23:52:18","date_gmt":"2022-10-29T15:52:18","guid":{"rendered":"https:\/\/zzlcmachinery.com\/?post_type=product&#038;p=708"},"modified":"2022-11-22T15:31:38","modified_gmt":"2022-11-22T07:31:38","slug":"lc-jkdn25c-wrought-iron-metal-twisting-machine","status":"publish","type":"product","link":"https:\/\/zzlcmachinery.com\/it\/prodotto\/lc-jkdn25c-wrought-iron-metal-twisting-machine\/","title":{"rendered":"LC-JKDN25C Torcitrice per metalli in ferro battuto"},"content":{"rendered":"","protected":false},"excerpt":{"rendered":"<p>La torcitrice in ferro battuto LC-JKDN25C \u00e8 una macchina importante per realizzare cancelli, recinzioni, ringhiere, scale, mobili, letti in ferro, sedie e tavoli, barre di ferro forgiato, parti, teste di ghirlande per fabbro. La torcitrice migliora la tecnologia sulla base della torcitrice elettrica originale. Il programma della macchina viene corretto automaticamente, mantenendo tutti i prodotti uguali, quindi pu\u00f2 raggiungere lo scopo della produzione di massa,LC-JKDN25C questa macchina ha solo la funzione di torcere la torsione.<br \/>\nDopo aver migliorato la macchina. Questa macchina pu\u00f2 passare liberamente dal meccanismo del verricello alla contropunta originale. Smontare la guida di scorrimento telescopica del sedile a coda di torsione, quindi spingere il meccanismo del cesto di fiori per collegarlo alla presa di corrente originale per ruotare il cesto di fiori. Pertanto, i clienti possono prendere in considerazione questa macchina quando il budget \u00e8 limitato e quando il budget \u00e8 sufficiente, lo stampo pu\u00f2 essere integrato per ottenere la funzione di torcere la macchina per cesti di fiori.<br \/>\nNon solo puoi torcere la forma del pretzel, ma puoi anche torcere i cesti di fiori (gabbie per uccelli).<br \/>\nLo stampo viene fornito con la macchina per fornire 9 set di stampi.<br \/>\nServizio online 24 ore su 24, facci sapere se hai qualche domanda!<br \/>\n<strong>PARAMETRO TECNICO<br \/>\n<\/strong><strong>Modello: LC-JKDN25C<br \/>\nAbilit\u00e0 massima del lavoro:<\/strong> Lunghezza\u2264200-800 mm<br \/>\n<strong>Acciaio quadrato<\/strong> \u226425\u00d725 mm<br \/>\n<strong>Ferro da stiro<\/strong> \u226480x10mm<br \/>\n<strong>Energia:<\/strong> 5,2 kW<br \/>\n<strong>Per matrici gratuite:<\/strong>6 set di matrici quadrate in acciaio, 3 set di matrici piatte in ferro<br \/>\n<strong>voltaggio:<\/strong>\u00a0220V\/380V\/415V<br \/>\n<strong>Dimensione dell&#039;imballaggio:<\/strong> 1400\u00d7620\u00d71100 mm<br \/>\n<strong>NO (kg):<\/strong> 480\u00a0 \u00a0 \u00a0 <strong>PE (kg):<\/strong> 550<\/p>","protected":false},"featured_media":721,"template":"","meta":{"_kad_post_transparent":"default","_kad_post_title":"","_kad_post_layout":"default","_kad_post_sidebar_id":"","_kad_post_content_style":"default","_kad_post_vertical_padding":"default","_kad_post_feature":"","_kad_post_feature_position":"","_kad_post_header":false,"_kad_post_footer":false},"product_brand":[],"product_cat":[20,29],"product_tag":[196,230,229,204,197,209],"class_list":{"0":"post-708","1":"product","2":"type-product","3":"status-publish","4":"has-post-thumbnail","6":"product_cat-wrought-iron-twisting-machine","7":"product_cat-electric-wrought-iron-processing-machine","8":"product_tag-automatic-wrought-iron-twisting-machine","9":"product_tag-electric-metal-twisting-machine","10":"product_tag-finished-product-of-wrought-iron-twisting-machine","11":"product_tag-multifunctional-wrought-iron-machine","12":"product_tag-twisting-machine-at-best-price-in-china","13":"product_tag-wrought-iron-twist-machine","15":"first","16":"instock","17":"shipping-taxable","18":"product-type-simple","19":"entry","20":"content-bg","21":"loop-entry"},"_links":{"self":[{"href":"https:\/\/zzlcmachinery.com\/it\/wp-json\/wp\/v2\/product\/708","targetHints":{"allow":["GET"]}}],"collection":[{"href":"https:\/\/zzlcmachinery.com\/it\/wp-json\/wp\/v2\/product"}],"about":[{"href":"https:\/\/zzlcmachinery.com\/it\/wp-json\/wp\/v2\/types\/product"}],"version-history":[{"count":0,"href":"https:\/\/zzlcmachinery.com\/it\/wp-json\/wp\/v2\/product\/708\/revisions"}],"wp:featuredmedia":[{"embeddable":true,"href":"https:\/\/zzlcmachinery.com\/it\/wp-json\/wp\/v2\/media\/721"}],"wp:attachment":[{"href":"https:\/\/zzlcmachinery.com\/it\/wp-json\/wp\/v2\/media?parent=708"}],"wp:term":[{"taxonomy":"product_brand","embeddable":true,"href":"https:\/\/zzlcmachinery.com\/it\/wp-json\/wp\/v2\/product_brand?post=708"},{"taxonomy":"product_cat","embeddable":true,"href":"https:\/\/zzlcmachinery.com\/it\/wp-json\/wp\/v2\/product_cat?post=708"},{"taxonomy":"product_tag","embeddable":true,"href":"https:\/\/zzlcmachinery.com\/it\/wp-json\/wp\/v2\/product_tag?post=708"}],"curies":[{"name":"wp","href":"https:\/\/api.w.org\/{rel}","templated":true}]}}