{"id":707,"date":"2022-10-29T23:51:51","date_gmt":"2022-10-29T15:51:51","guid":{"rendered":"https:\/\/zzlcmachinery.com\/?post_type=product&#038;p=707"},"modified":"2022-11-22T15:34:49","modified_gmt":"2022-11-22T07:34:49","slug":"lc-jkdn25e-electric-8-wires-basket-twisting-machine-iron-craft-bird-cage-making-machine-wrought-iron-machine","status":"publish","type":"product","link":"https:\/\/zzlcmachinery.com\/it\/prodotto\/lc-jkdn25e-electric-8-wires-basket-twisting-machine-iron-craft-bird-cage-making-machine-wrought-iron-machine\/","title":{"rendered":"LC-JKDN25E Cestino elettrico a 8 fili che torce la gabbia per uccelli del mestiere del ferro che fa la macchina della macchina del ferro battuto"},"content":{"rendered":"","protected":false},"excerpt":{"rendered":"<p>LC-JKDN25E Macchina per torcere il cestello elettrico a 8 fili Macchina per la produzione di gabbie per uccelli in ferro battuto La macchina in ferro battuto \u00e8 uno strumento professionale per la lavorazione dei metalli utilizzato appositamente per la lavorazione di gabbie per uccelli multifilo. Pu\u00f2 elaborare cesti di fiori a 8 fili, cesti di fiori a 4 fili e cesti di fiori a 12 fili (cesto di fiori a 12 fili come opzione personalizzabile per i clienti). Durante la lavorazione, \u00e8 necessario lavorare prima 4 o 8 fili di materiale: le due estremit\u00e0 del materiale devono essere saldate insieme prima della lavorazione.<br \/>\nIn particolare, la produzione di cesti di fiori a 8 fili deve essere calcinata e raffreddata prima della lavorazione e il prodotto finito \u00e8 eccellente. Il diametro massimo di lavorazione di questa macchina \u00e8 di 25 mm di acciaio quadrato. La capacit\u00e0 massima di elaborazione di questa macchina \u00e8 di 12 linee di cesti di fiori. La macchina fornisce in modo casuale stampi gratuiti. 5 set di stampi per cesto di fiori sono forniti gratuitamente (inclusi cesto di fiori a 8 fili e cesto di fiori a 4 cesti): il diametro dello stampo di lavorazione \u00e8 12 mm, 14 mm, 18 mm, 20 mm. Servizio online 24 ore, facci sapere se hai qualche domanda!<br \/>\n<strong>PARAMETRO TECNICO<br \/>\n<\/strong><strong>Modello: LC-JKDN25D<br \/>\nAbilit\u00e0 massima del lavoro:<\/strong> Lunghezza\u2264200-800 mm<br \/>\n<strong>Acciaio quadrato<\/strong> \u226425\u00d725 mm Acciaio tondo: \u03a66mm, \u03a68mm<br \/>\n<strong>Ferro da stiro<\/strong> \u226480x10mm<br \/>\n<strong>Energia:<\/strong> 5,2 kW<br \/>\n<strong>Per matrici gratuite:<\/strong>6 set di matrici quadrate in acciaio, 3 set di matrici in ferro piatto, 5 set di matrici per fiori a cesto<br \/>\n<strong>voltaggio:<\/strong>\u00a0220V\/380V\/415V<br \/>\n<strong>Dimensione dell&#039;imballaggio:<\/strong> 1400\u00d7620\u00d71100 mm<br \/>\n<strong>NO (kg):<\/strong> 480\u00a0 \u00a0 \u00a0 <strong>PE (kg):<\/strong> 550<\/p>","protected":false},"featured_media":710,"template":"","meta":{"_kad_post_transparent":"default","_kad_post_title":"","_kad_post_layout":"default","_kad_post_sidebar_id":"","_kad_post_content_style":"default","_kad_post_vertical_padding":"default","_kad_post_feature":"","_kad_post_feature_position":"","_kad_post_header":false,"_kad_post_footer":false},"product_brand":[],"product_cat":[20,29],"product_tag":[214,223,221,228,212,210,226,219,211,225,216,220,222,218,227,224,213,215,111,217],"class_list":{"0":"post-707","1":"product","2":"type-product","3":"status-publish","4":"has-post-thumbnail","6":"product_cat-wrought-iron-twisting-machine","7":"product_cat-electric-wrought-iron-processing-machine","8":"product_tag-basket-maker","9":"product_tag-basket-twister","10":"product_tag-buy-basket-making-tool","11":"product_tag-buy-used-wrought-iron-machines","12":"product_tag-electric-4-wires-basket-twisting-machine","13":"product_tag-electric-8-wires-basket-making-machine","14":"product_tag-ellsen-metalcraft-machinery","15":"product_tag-ellsen-ornamental-wrought-iron","16":"product_tag-iron-craft-bird-cage-making-machine","17":"product_tag-metal-bar-twisting-basket-making-machine","18":"product_tag-metal-craft-basket-making-machine","19":"product_tag-metal-craft-making-attachemnt-steel-twister-tool","20":"product_tag-metal-craft-twister-tool","21":"product_tag-metal-twisting-machine","22":"product_tag-metal-twisting-wrought-iron-machine-for-making-wire-basket","23":"product_tag-steel-basket-twist-tool","24":"product_tag-wire-twister-machine","25":"product_tag-wrought-iron-basket-machine","26":"product_tag-wrought-iron-machine","27":"product_tag-wrought-iron-twisting-machine-manufacturers","29":"first","30":"instock","31":"shipping-taxable","32":"product-type-simple","33":"entry","34":"content-bg","35":"loop-entry"},"_links":{"self":[{"href":"https:\/\/zzlcmachinery.com\/it\/wp-json\/wp\/v2\/product\/707","targetHints":{"allow":["GET"]}}],"collection":[{"href":"https:\/\/zzlcmachinery.com\/it\/wp-json\/wp\/v2\/product"}],"about":[{"href":"https:\/\/zzlcmachinery.com\/it\/wp-json\/wp\/v2\/types\/product"}],"version-history":[{"count":0,"href":"https:\/\/zzlcmachinery.com\/it\/wp-json\/wp\/v2\/product\/707\/revisions"}],"wp:featuredmedia":[{"embeddable":true,"href":"https:\/\/zzlcmachinery.com\/it\/wp-json\/wp\/v2\/media\/710"}],"wp:attachment":[{"href":"https:\/\/zzlcmachinery.com\/it\/wp-json\/wp\/v2\/media?parent=707"}],"wp:term":[{"taxonomy":"product_brand","embeddable":true,"href":"https:\/\/zzlcmachinery.com\/it\/wp-json\/wp\/v2\/product_brand?post=707"},{"taxonomy":"product_cat","embeddable":true,"href":"https:\/\/zzlcmachinery.com\/it\/wp-json\/wp\/v2\/product_cat?post=707"},{"taxonomy":"product_tag","embeddable":true,"href":"https:\/\/zzlcmachinery.com\/it\/wp-json\/wp\/v2\/product_tag?post=707"}],"curies":[{"name":"wp","href":"https:\/\/api.w.org\/{rel}","templated":true}]}}