{"id":687,"date":"2022-10-28T18:36:53","date_gmt":"2022-10-28T10:36:53","guid":{"rendered":"https:\/\/zzlcmachinery.com\/?post_type=product&#038;p=687"},"modified":"2022-10-30T18:14:10","modified_gmt":"2022-10-30T10:14:10","slug":"lc-jkdn25d-muliti-function-wrought-iron-metal-twisting-machine-design-for-sale","status":"publish","type":"product","link":"https:\/\/zzlcmachinery.com\/it\/prodotto\/lc-jkdn25d-muliti-function-wrought-iron-metal-twisting-machine-design-for-sale\/","title":{"rendered":"LC-JKDN25D Muliti Function Design per torcitura in metallo in ferro battuto in vendita"},"content":{"rendered":"","protected":false},"excerpt":{"rendered":"<p>LC-JKDN25D Il design della torcitrice in metallo in ferro battuto con funzione Muliti in vendita \u00e8 la torcitrice in metallo pi\u00f9 versatile, che pu\u00f2 torcere ferro piatto, acciaio quadrato, acciaio tondo e tubo quadrato. Non solo \u00e8 in grado di elaborare materiali metallici a forma di torsione, ma anche di torcere pi\u00f9 acciaio quadrato o acciaio tondo insieme per formare pi\u00f9 motivi floreali Twist o basket che arricchiscono notevolmente la struttura artistica di lavorazione dei corrimano di porte e finestre.<br \/>\nIl massimo pu\u00f2 torcere acciaio quadrato 25x25mm, ferro piatto 30x8mm, pu\u00f2 torcere a turno 4 pezzi di acciaio tondo \u03a612mm, 4 pezzi di acciaio quadrato 12x12mm in una forma di cesto di fiori a 4 strati.<br \/>\nSono disponibili cestini a 4 fili, cestini a 8 fili e cestini a 12 fili. I materiali lavorati nel fiore del cesto sono anche acciai quadrati molto comuni con dimensioni di 4x4 mm, 6x6 mm, 7x7 mm, 8x8 mm e acciai rotondi con diametri di 6 mm e 8 mm.<br \/>\nQuesta macchina distribuisce in modo casuale 12 set di stampi e gli stampi per cesti di fiori a 8 e 12 fili devono essere acquistati dai clienti.<br \/>\nServizio online 24 ore su 24, facci sapere se hai qualche domanda!<br \/>\n<strong>PARAMETRO TECNICO<br \/>\n<\/strong><strong>Modello: LC-JKDN25D<br \/>\nAbilit\u00e0 massima del lavoro:<\/strong> Lunghezza\u2264200-800 mm<br \/>\n<strong>Acciaio quadrato<\/strong> \u226425\u00d725 mm Acciaio tondo: \u03a66mm, \u03a68mm<br \/>\n<strong>Ferro da stiro<\/strong> \u226480x10mm<br \/>\n<strong>Energia:<\/strong> 5,2 kW<br \/>\n<strong>Per matrici gratuite:<\/strong>6 set di matrici quadrate in acciaio, 3 set di matrici in ferro piatto, 4 set di matrici per fiori a cesto a 4 strati<br \/>\n<strong>voltaggio:<\/strong>\u00a0220V\/380V\/415V<br \/>\n<strong>Dimensione dell&#039;imballaggio:<\/strong> 1400\u00d7620\u00d71100 mm<br \/>\n<strong>NO (kg):<\/strong> 480\u00a0 \u00a0 \u00a0 <strong>PE (kg):<\/strong> 550<\/p>","protected":false},"featured_media":690,"template":"","meta":{"_kad_post_transparent":"default","_kad_post_title":"","_kad_post_layout":"default","_kad_post_sidebar_id":"","_kad_post_content_style":"default","_kad_post_vertical_padding":"default","_kad_post_feature":"","_kad_post_feature_position":"","_kad_post_header":false,"_kad_post_footer":false},"product_brand":[],"product_cat":[20,29],"product_tag":[207,208,196,198,206,202,205,200,204,203,197,199,201,209],"class_list":{"0":"post-687","1":"product","2":"type-product","3":"status-publish","4":"has-post-thumbnail","6":"product_cat-wrought-iron-twisting-machine","7":"product_cat-electric-wrought-iron-processing-machine","8":"product_tag-4-strand-flower-basket-electric-twisting-machine","9":"product_tag-8-strand-flower-basket-electric-twisting-machine","10":"product_tag-automatic-wrought-iron-twisting-machine","11":"product_tag-ellsen-wrought-iron-machine","12":"product_tag-flower-ball-twisting-machine-for-wrought-iron","13":"product_tag-high-quality-wrought-iron-twisting-machine","14":"product_tag-muliti-function-wrought-iron-metal-twisting-machine-design","15":"product_tag-multi-function-wrought-iron-machine-for-sale","16":"product_tag-multifunctional-wrought-iron-machine","17":"product_tag-twisting-machine","18":"product_tag-twisting-machine-at-best-price-in-china","19":"product_tag-twisting-machines","20":"product_tag-wrought-iron-metal-twisting-machine-for-sale","21":"product_tag-wrought-iron-twist-machine","23":"first","24":"instock","25":"shipping-taxable","26":"product-type-simple","27":"entry","28":"content-bg","29":"loop-entry"},"_links":{"self":[{"href":"https:\/\/zzlcmachinery.com\/it\/wp-json\/wp\/v2\/product\/687","targetHints":{"allow":["GET"]}}],"collection":[{"href":"https:\/\/zzlcmachinery.com\/it\/wp-json\/wp\/v2\/product"}],"about":[{"href":"https:\/\/zzlcmachinery.com\/it\/wp-json\/wp\/v2\/types\/product"}],"version-history":[{"count":0,"href":"https:\/\/zzlcmachinery.com\/it\/wp-json\/wp\/v2\/product\/687\/revisions"}],"wp:featuredmedia":[{"embeddable":true,"href":"https:\/\/zzlcmachinery.com\/it\/wp-json\/wp\/v2\/media\/690"}],"wp:attachment":[{"href":"https:\/\/zzlcmachinery.com\/it\/wp-json\/wp\/v2\/media?parent=687"}],"wp:term":[{"taxonomy":"product_brand","embeddable":true,"href":"https:\/\/zzlcmachinery.com\/it\/wp-json\/wp\/v2\/product_brand?post=687"},{"taxonomy":"product_cat","embeddable":true,"href":"https:\/\/zzlcmachinery.com\/it\/wp-json\/wp\/v2\/product_cat?post=687"},{"taxonomy":"product_tag","embeddable":true,"href":"https:\/\/zzlcmachinery.com\/it\/wp-json\/wp\/v2\/product_tag?post=687"}],"curies":[{"name":"wp","href":"https:\/\/api.w.org\/{rel}","templated":true}]}}