{"id":670,"date":"2022-10-26T00:24:58","date_gmt":"2022-10-25T16:24:58","guid":{"rendered":"https:\/\/zzlcmachinery.com\/?post_type=product&#038;p=670"},"modified":"2022-11-22T15:47:14","modified_gmt":"2022-11-22T07:47:14","slug":"lc-jk30-program-controlled-pattern-bender-metal-scroll-bending-machine","status":"publish","type":"product","link":"https:\/\/zzlcmachinery.com\/it\/prodotto\/lc-jk30-program-controlled-pattern-bender-metal-scroll-bending-machine\/","title":{"rendered":"LC-JK30 Macchina per piegare il rotolo del metallo della piegatrice del modello controllata da programma"},"content":{"rendered":"","protected":false},"excerpt":{"rendered":"<p>LC-JK30 La piegatrice a spirale in metallo con modello controllato da programma \u00e8 l&#039;apice del re tra i tanti modelli della piegatrice a spirale. Questa macchina ha la gamma di lavorazione pi\u00f9 ampia tra tutte le macchine dello stesso tipo. Pu\u00f2 essere utilizzato per lavorare ferro piatto, acciaio quadrato, acciaio tondo, tubo quadrato, tubo tondo e 6 set di stampi verranno forniti con la macchina quando la macchina verr\u00e0 spedita, questi 6 set di stampi possono realizzare modelli P, S, C con un diametro massimo di 50 cm. I clienti possono personalizzare gli stampi in base alle proprie esigenze. Il diametro massimo personalizzabile degli stampi modello P, S, C \u00e8 di 100 cm.<br \/>\nLa macchina \u00e8 dotata di un interruttore a pedale. L&#039;operazione \u00e8 comoda e veloce e l&#039;apprendimento automatico \u00e8 veloce da imparare. Ci sono manuali e video operativi che ogni fabbro pu\u00f2 imparare<br \/>\nServizio online 24 ore su 24, facci sapere se hai qualche domanda!<br \/>\n<strong>PARAMETRO TECNICO<br \/>\n<\/strong><strong>Modello: LC-JK30<br \/>\nFerro da stiro:<\/strong>\u226480x20mm<br \/>\n<strong>Acciaio tondo:<\/strong> \u2264\u03c630mm<br \/>\n<strong>Acciaio quadrato:<\/strong>\u226430x30mm<br \/>\n<strong>Tubo quadrato:<\/strong>\u226440x40mm Spessore del tubo quadrato\u22644mm<br \/>\n<strong>Tubo tondo:<\/strong>\u2264\u03c642mm Spessore del tubo tondo\u22644mm<br \/>\n<strong>Velocit\u00e0 di elaborazione:<\/strong> 200 pz\/H<br \/>\n<strong>Energia:<\/strong> 5,5KW<br \/>\n<strong>voltaggio:<\/strong>\u00a0220V\/380V\/415V<br \/>\n<strong>Dimensione dell&#039;imballaggio:<\/strong> 1000\u00d71500\u00d71800 mm<br \/>\n<strong>NO (kg):<\/strong> 750<br \/>\n<strong>PE (kg):<\/strong> 800<\/p>","protected":false},"featured_media":683,"template":"","meta":{"_kad_post_transparent":"default","_kad_post_title":"","_kad_post_layout":"default","_kad_post_sidebar_id":"","_kad_post_content_style":"default","_kad_post_vertical_padding":"default","_kad_post_feature":"","_kad_post_feature_position":"","_kad_post_header":false,"_kad_post_footer":false},"product_brand":[],"product_cat":[29,27],"product_tag":[195,191,182,188,187,186,184,183,185,190,192,194,189,111,193],"class_list":{"0":"post-670","1":"product","2":"type-product","3":"status-publish","4":"has-post-thumbnail","6":"product_cat-electric-wrought-iron-processing-machine","7":"product_cat-electric-scroll-bending-machine","8":"product_tag-automatoic-metal-craft-scroll-bender-machine","9":"product_tag-buy-wrought-iron-scroll-bending-machines","10":"product_tag-iron-pattern-bender","11":"product_tag-make-a-metal-scroll-bender","12":"product_tag-metal-craft-scroll-bending-machine-for-sale","13":"product_tag-ornamental-iron-machines","14":"product_tag-program-controiied-scroll-bending-machine","15":"product_tag-program-controlled-pattern-bender-metal-scroll-bending-machine","16":"product_tag-scroll-bending-machine-for-sale","17":"product_tag-scroll-bending-mchinae-programmed-controlled-panels","18":"product_tag-scroll-making-machine","19":"product_tag-scroll-pattern-bender-equipment","20":"product_tag-scroll-pattern-bending-machine","21":"product_tag-wrought-iron-machine","22":"product_tag-wrought-iron-scrolling-bending-machine","24":"first","25":"instock","26":"shipping-taxable","27":"product-type-simple","28":"entry","29":"content-bg","30":"loop-entry"},"_links":{"self":[{"href":"https:\/\/zzlcmachinery.com\/it\/wp-json\/wp\/v2\/product\/670","targetHints":{"allow":["GET"]}}],"collection":[{"href":"https:\/\/zzlcmachinery.com\/it\/wp-json\/wp\/v2\/product"}],"about":[{"href":"https:\/\/zzlcmachinery.com\/it\/wp-json\/wp\/v2\/types\/product"}],"version-history":[{"count":0,"href":"https:\/\/zzlcmachinery.com\/it\/wp-json\/wp\/v2\/product\/670\/revisions"}],"wp:featuredmedia":[{"embeddable":true,"href":"https:\/\/zzlcmachinery.com\/it\/wp-json\/wp\/v2\/media\/683"}],"wp:attachment":[{"href":"https:\/\/zzlcmachinery.com\/it\/wp-json\/wp\/v2\/media?parent=670"}],"wp:term":[{"taxonomy":"product_brand","embeddable":true,"href":"https:\/\/zzlcmachinery.com\/it\/wp-json\/wp\/v2\/product_brand?post=670"},{"taxonomy":"product_cat","embeddable":true,"href":"https:\/\/zzlcmachinery.com\/it\/wp-json\/wp\/v2\/product_cat?post=670"},{"taxonomy":"product_tag","embeddable":true,"href":"https:\/\/zzlcmachinery.com\/it\/wp-json\/wp\/v2\/product_tag?post=670"}],"curies":[{"name":"wp","href":"https:\/\/api.w.org\/{rel}","templated":true}]}}