{"id":653,"date":"2022-10-23T22:37:30","date_gmt":"2022-10-23T14:37:30","guid":{"rendered":"https:\/\/zzlcmachinery.com\/?post_type=product&#038;p=653"},"modified":"2022-11-22T15:52:22","modified_gmt":"2022-11-22T07:52:22","slug":"china-manufacture-metalcraft-hytraulic-moulder-wrought-iron-machine","status":"publish","type":"product","link":"https:\/\/zzlcmachinery.com\/it\/prodotto\/china-manufacture-metalcraft-hytraulic-moulder-wrought-iron-machine\/","title":{"rendered":"Fabbricazione in Cina Metalcraft Hytraulic Moulder macchina in ferro battuto"},"content":{"rendered":"","protected":false},"excerpt":{"rendered":"<p>LCYY16 La Cina produce macchine in ferro battuto per formatrici hytraulic metalcraft con prezzo di fabbrica, questa macchina per la formatura idraulica \u00e8 attualmente la macchina per idroformatura pi\u00f9 funzionale nell&#039;industria della lavorazione dei metalli. Sulla base della lavorazione del ferro piatto, dell&#039;acciaio tondo e dell&#039;acciaio quadrato, pu\u00f2 lavorare anche tubi quadrati e tubi tondi. L&#039;aumento dei materiali di lavorazione pu\u00f2 espandere ulteriormente la diversit\u00e0 dei modelli di formatura. Questa formatrice idraulica artigianale in metallo pu\u00f2 estrudere acciaio quadrato, acciaio tondo, ferro piatto, tubo tondo e tubo quadrato in diverse forme contemporaneamente come cerchio, arco e angolo.<br \/>\nQuesta attrezzatura dell&#039;interruttore a pedale pu\u00f2 liberare le mani dell&#039;operatore della macchina, migliorare l&#039;efficienza del lavoro, risparmiare manodopera e l&#039;operazione comoda e semplice pu\u00f2 farti iniziare rapidamente.<br \/>\nLa sostituzione dell&#039;utensile abrasivo pu\u00f2 essere completata in 5 minuti e il cliente pu\u00f2 selezionare 4 set di stampi.<br \/>\nLa formatrice idraulica lo accompagna casualmente a rompere 4 set di stampi gratuiti (1 set per piegatura angolare e stampi rotondi a fuoco lento, 1 set di raddrizzatura e allineamento dell&#039;arco, 2 set di stampi per formatura) e ci sono stampi che i clienti possono scegliere.<br \/>\nServizio online 24 ore su 24, facci sapere se hai qualche domanda!<br \/>\n<strong>PARAMETRO TECNICO<br \/>\n<\/strong><strong>Modello: LC-YY16<br \/>\nAbilit\u00e0 massima del lavoro:<\/strong> Ferro piatto\u226410x50mm<br \/>\nAcciaio tondo \u2264\u03a616mm Acciaio quadrato\u226416x16mm<br \/>\nTubo tondo\u2264\u03a680mm Tubo quadrato\u226480x80mm<br \/>\n<strong>Energia:<\/strong>7,5KW<br \/>\n<strong>voltaggio:<\/strong>\u00a0220V\/380V\/415V<br \/>\n<strong>Dimensione dell&#039;imballaggio:<\/strong> 1300\u00d7700\u00d71400 mm<br \/>\n<strong>NO (kg):<\/strong> 780\u00a0 \u00a0 \u00a0 <strong>PE (kg):<\/strong> 850<\/p>","protected":false},"featured_media":659,"template":"","meta":{"_kad_post_transparent":"default","_kad_post_title":"","_kad_post_layout":"default","_kad_post_sidebar_id":"","_kad_post_content_style":"default","_kad_post_vertical_padding":"default","_kad_post_feature":"","_kad_post_feature_position":"","_kad_post_header":false,"_kad_post_footer":false},"product_brand":[],"product_cat":[29,23],"product_tag":[172,133,174,131,173,171,129,51,111],"class_list":{"0":"post-653","1":"product","2":"type-product","3":"status-publish","4":"has-post-thumbnail","6":"product_cat-electric-wrought-iron-processing-machine","7":"product_cat-wrought-iron-hydraulic-moulder","8":"product_tag-blacksmith-equipment","9":"product_tag-buy-metal-craft-hydraulic-moulder","10":"product_tag-china-iron-moulder","11":"product_tag-hydraulic-bending-machine","12":"product_tag-hydraulic-moulder-lanchen-reputable-wrought-iron-supplier","13":"product_tag-lc-yy16-china-manufacture-metalcraft-hytraulic-moulder-wrought-iron-machine","14":"product_tag-metal-craft-hydraulic-moulder","15":"product_tag-wrought-iron-bending-machine","16":"product_tag-wrought-iron-machine","18":"first","19":"instock","20":"shipping-taxable","21":"product-type-simple","22":"entry","23":"content-bg","24":"loop-entry"},"_links":{"self":[{"href":"https:\/\/zzlcmachinery.com\/it\/wp-json\/wp\/v2\/product\/653","targetHints":{"allow":["GET"]}}],"collection":[{"href":"https:\/\/zzlcmachinery.com\/it\/wp-json\/wp\/v2\/product"}],"about":[{"href":"https:\/\/zzlcmachinery.com\/it\/wp-json\/wp\/v2\/types\/product"}],"version-history":[{"count":0,"href":"https:\/\/zzlcmachinery.com\/it\/wp-json\/wp\/v2\/product\/653\/revisions"}],"wp:featuredmedia":[{"embeddable":true,"href":"https:\/\/zzlcmachinery.com\/it\/wp-json\/wp\/v2\/media\/659"}],"wp:attachment":[{"href":"https:\/\/zzlcmachinery.com\/it\/wp-json\/wp\/v2\/media?parent=653"}],"wp:term":[{"taxonomy":"product_brand","embeddable":true,"href":"https:\/\/zzlcmachinery.com\/it\/wp-json\/wp\/v2\/product_brand?post=653"},{"taxonomy":"product_cat","embeddable":true,"href":"https:\/\/zzlcmachinery.com\/it\/wp-json\/wp\/v2\/product_cat?post=653"},{"taxonomy":"product_tag","embeddable":true,"href":"https:\/\/zzlcmachinery.com\/it\/wp-json\/wp\/v2\/product_tag?post=653"}],"curies":[{"name":"wp","href":"https:\/\/api.w.org\/{rel}","templated":true}]}}