{"id":618,"date":"2022-10-19T15:15:26","date_gmt":"2022-10-19T07:15:26","guid":{"rendered":"https:\/\/zzlcmachinery.com\/?post_type=product&#038;p=618"},"modified":"2022-11-22T15:59:15","modified_gmt":"2022-11-22T07:59:15","slug":"lc-gp40-high-frequency-metal-induction-heater-for-sale","status":"publish","type":"product","link":"https:\/\/zzlcmachinery.com\/it\/prodotto\/riscaldatore-a-induzione-in-metallo-ad-alta-frequenza-lc-gp40-in-vendita\/","title":{"rendered":"Riscaldatore a induzione in metallo ad alta frequenza LC-GP40 in vendita"},"content":{"rendered":"","protected":false},"excerpt":{"rendered":"<p><strong>LC-GP40 Riscaldatore a induzione in metallo ad alta frequenza in vendita.<\/strong><br \/>\nLa nuova generazione di riscaldatori ad alta frequenza \u00e8 composta da due parti: host di riscaldamento e dispositivo di raffreddamento. Il serbatoio dell&#039;acqua ingrandito e quattro ventole possono far funzionare la macchina pi\u00f9 a lungo, anche in Africa, dove la temperatura \u00e8 molto alta nel mondo, pu\u00f2 essere utilizzata a lungo.<br \/>\nQuesta macchina per il riscaldamento rapido in metallo. L&#039;alimentazione della macchina \u00e8 regolabile in continuo da 2KW a 20KW. \u00c8 possibile selezionare diversi KW in base alle diverse dimensioni dei materiali, il che consente di risparmiare molto energia. Di solito, la macchina \u00e8 in uno stato di standby senza riscaldamento e non spreca elettricit\u00e0. Il design del risparmio energetico \u00e8 molto intuitivo.<br \/>\nInoltre, la macchina di riscaldamento ad alta frequenza \u00e8 dotata di un interruttore a pedale per liberare le mani del lavoratore. Una persona inesperta pu\u00f2 apprendere e utilizzare questa macchina entro 10 minuti,<br \/>\nBassi costi di manutenzione, necessitano solo di acqua pura e olio lubrificante,<br \/>\nLa macchina pu\u00f2 essere utilizzata non solo per riscaldare il normale ferro da stiro ma anche per fondere oro e argento.<br \/>\nServizio online 24 ore su 24, facci sapere se hai qualche domanda!<br \/>\n<strong>PARAMETRO TECNICO<br \/>\n<\/strong><strong>Modello: LC-GPIV36<br \/>\nAbilit\u00e0 massima del lavoro:<\/strong> Ferro piatto\u22646x50mm<br \/>\nAcciaio quadrato \u226420X20mm<br \/>\nAcciaio tondo\u226420mm<br \/>\n<strong>Energia:<\/strong>corrente elettrica di picco in uscita: 300A-1400A<br \/>\nCorrente elettrica in ingresso: 5-36A<br \/>\n<strong>voltaggio:<\/strong> La gamma di tensione in ingresso: 320-420v 50HZ<br \/>\n<strong>Dimensione dell&#039;imballaggio:<\/strong> 500x700x700mm +1200x600x800mm<br \/>\n<strong>NO (kg):<\/strong> 180\u00a0 \u00a0 <strong>PE (kg):<\/strong> 200<\/p>","protected":false},"featured_media":626,"template":"","meta":{"_kad_post_transparent":"default","_kad_post_title":"","_kad_post_layout":"default","_kad_post_sidebar_id":"","_kad_post_content_style":"default","_kad_post_vertical_padding":"default","_kad_post_feature":"","_kad_post_feature_position":"","_kad_post_header":false,"_kad_post_footer":false},"product_brand":[],"product_cat":[29,32],"product_tag":[149,147,150,145,146,151,148],"class_list":{"0":"post-618","1":"product","2":"type-product","3":"status-publish","4":"has-post-thumbnail","6":"product_cat-electric-wrought-iron-processing-machine","7":"product_cat-power-of-iron-effcient-heater","8":"product_tag-application-of-high-frequency-metal-induction-heater-for-sale","9":"product_tag-featured-metal-induction-heater-for-sale","10":"product_tag-high-frequency-metal-induction-heater-for-sale","11":"product_tag-induction-heating-equipment","12":"product_tag-induction-heating-machine-for-metal-forging","13":"product_tag-the-power-of-iron-effcient-heater","14":"product_tag-wrought-iron-machine-induction-heating-forging-equipment","16":"first","17":"instock","18":"shipping-taxable","19":"product-type-simple","20":"entry","21":"content-bg","22":"loop-entry"},"_links":{"self":[{"href":"https:\/\/zzlcmachinery.com\/it\/wp-json\/wp\/v2\/product\/618","targetHints":{"allow":["GET"]}}],"collection":[{"href":"https:\/\/zzlcmachinery.com\/it\/wp-json\/wp\/v2\/product"}],"about":[{"href":"https:\/\/zzlcmachinery.com\/it\/wp-json\/wp\/v2\/types\/product"}],"version-history":[{"count":0,"href":"https:\/\/zzlcmachinery.com\/it\/wp-json\/wp\/v2\/product\/618\/revisions"}],"wp:featuredmedia":[{"embeddable":true,"href":"https:\/\/zzlcmachinery.com\/it\/wp-json\/wp\/v2\/media\/626"}],"wp:attachment":[{"href":"https:\/\/zzlcmachinery.com\/it\/wp-json\/wp\/v2\/media?parent=618"}],"wp:term":[{"taxonomy":"product_brand","embeddable":true,"href":"https:\/\/zzlcmachinery.com\/it\/wp-json\/wp\/v2\/product_brand?post=618"},{"taxonomy":"product_cat","embeddable":true,"href":"https:\/\/zzlcmachinery.com\/it\/wp-json\/wp\/v2\/product_cat?post=618"},{"taxonomy":"product_tag","embeddable":true,"href":"https:\/\/zzlcmachinery.com\/it\/wp-json\/wp\/v2\/product_tag?post=618"}],"curies":[{"name":"wp","href":"https:\/\/api.w.org\/{rel}","templated":true}]}}