{"id":608,"date":"2022-10-18T17:16:42","date_gmt":"2022-10-18T09:16:42","guid":{"rendered":"https:\/\/zzlcmachinery.com\/?post_type=product&#038;p=608"},"modified":"2022-11-22T17:02:01","modified_gmt":"2022-11-22T09:02:01","slug":"iron-efficient-power-heater-for-wrought-iron","status":"publish","type":"product","link":"https:\/\/zzlcmachinery.com\/it\/prodotto\/iron-efficient-power-heater-for-wrought-iron\/","title":{"rendered":"Riscaldatore di potenza efficiente in ferro per ferro battuto"},"content":{"rendered":"","protected":false},"excerpt":{"rendered":"<p>Riscaldatore di potenza efficiente in ferro per ferro battuto dalla fabbrica per artigianato in metallo.<br \/>\nIl riscaldatore a induzione in metallo \u00e8 un metodo di riscaldamento rapido, sicuro ed efficiente ampiamente utilizzato nell&#039;industria della lavorazione dei metalli e della forgiatura. L&#039;apparecchiatura adotta il riscaldamento a induzione ad alta frequenza, il raffreddamento ad acqua circolante, il raffreddamento della ventola e altre tecnologie per consentire alla macchina di riscaldarsi continuamente per lungo tempo. La macchina di riscaldamento ad alta frequenza \u00e8 ampiamente utilizzata nella forgiatura dei metalli, come il riscaldamento di ferro piatto, acciaio quadrato, acciaio tondo nell&#039;ingegneria del riscaldamento dell&#039;arte del ferro, riscaldamento di parti nel processo di tempra,<br \/>\nIl pi\u00f9 grande vantaggio di questa macchina \u00e8 che pu\u00f2 completare il riscaldamento dell&#039;acciaio quadrato 16x16mm in 5 secondi, con minor consumo energetico, riscaldamento rapido, protezione di sicurezza e bobine di riscaldamento di ricambio. \u00c8 molto amato dai fabbri e dalle fabbriche di lavorazione dei serramenti<br \/>\nServizio online 24 ore su 24, facci sapere se hai qualche domanda!<br \/>\n<strong>PARAMETRO TECNICO<br \/>\n<\/strong><strong>Modello: LC-GPIV36<br \/>\nAbilit\u00e0 massima del lavoro:<\/strong> Ferro piatto\u226410x50mm<br \/>\nAcciaio quadrato \u226420X20mm<br \/>\nAltro diametro del pezzo da lavorare\u226430mm<br \/>\n<strong>Energia:<\/strong>corrente elettrica di picco in uscita: 300A-1400A<br \/>\nCorrente elettrica in ingresso: 4-36A<br \/>\n<strong>voltaggio:<\/strong> La gamma di tensione in ingresso: 320-420v 50HZ<br \/>\n<strong>Dimensione dell&#039;imballaggio:<\/strong> 1050\u00d7680\u00d71520mm<br \/>\n<strong>NO (kg):<\/strong> 230\u00a0 \u00a0 \u00a0<strong>PE (kg):<\/strong> 260<\/p>","protected":false},"featured_media":610,"template":"","meta":{"_kad_post_transparent":"default","_kad_post_title":"","_kad_post_layout":"default","_kad_post_sidebar_id":"","_kad_post_content_style":"default","_kad_post_vertical_padding":"default","_kad_post_feature":"","_kad_post_feature_position":"","_kad_post_header":false,"_kad_post_footer":false},"product_brand":[],"product_cat":[29,32],"product_tag":[140,136,138,142,137,144,139,141,143],"class_list":{"0":"post-608","1":"product","2":"type-product","3":"status-publish","4":"has-post-thumbnail","6":"product_cat-electric-wrought-iron-processing-machine","7":"product_cat-power-of-iron-effcient-heater","8":"product_tag-china-the-power-of-iron-efficient-heate","9":"product_tag-high-frequency-heating-machine","10":"product_tag-iron-efficient-power-heater","11":"product_tag-metal-craft-machines","12":"product_tag-ornamental-iron-machine","13":"product_tag-reliable-quality-iron-effcient-heater","14":"product_tag-the-power-of-iron-efficienet-heater","15":"product_tag-wholesale-el-gp-iv-36-the-power-machine-of-iron-efficient-heater","16":"product_tag-wrought-iron-heating-machine","18":"first","19":"instock","20":"shipping-taxable","21":"product-type-simple","22":"entry","23":"content-bg","24":"loop-entry"},"_links":{"self":[{"href":"https:\/\/zzlcmachinery.com\/it\/wp-json\/wp\/v2\/product\/608","targetHints":{"allow":["GET"]}}],"collection":[{"href":"https:\/\/zzlcmachinery.com\/it\/wp-json\/wp\/v2\/product"}],"about":[{"href":"https:\/\/zzlcmachinery.com\/it\/wp-json\/wp\/v2\/types\/product"}],"version-history":[{"count":0,"href":"https:\/\/zzlcmachinery.com\/it\/wp-json\/wp\/v2\/product\/608\/revisions"}],"wp:featuredmedia":[{"embeddable":true,"href":"https:\/\/zzlcmachinery.com\/it\/wp-json\/wp\/v2\/media\/610"}],"wp:attachment":[{"href":"https:\/\/zzlcmachinery.com\/it\/wp-json\/wp\/v2\/media?parent=608"}],"wp:term":[{"taxonomy":"product_brand","embeddable":true,"href":"https:\/\/zzlcmachinery.com\/it\/wp-json\/wp\/v2\/product_brand?post=608"},{"taxonomy":"product_cat","embeddable":true,"href":"https:\/\/zzlcmachinery.com\/it\/wp-json\/wp\/v2\/product_cat?post=608"},{"taxonomy":"product_tag","embeddable":true,"href":"https:\/\/zzlcmachinery.com\/it\/wp-json\/wp\/v2\/product_tag?post=608"}],"curies":[{"name":"wp","href":"https:\/\/api.w.org\/{rel}","templated":true}]}}