{"id":573,"date":"2022-10-15T19:38:39","date_gmt":"2022-10-15T11:38:39","guid":{"rendered":"https:\/\/zzlcmachinery.com\/?post_type=product&#038;p=573"},"modified":"2022-11-22T16:46:50","modified_gmt":"2022-11-22T08:46:50","slug":"lc-dn25d-program-controlled-metal-twisting-wrought-iron-machine","status":"publish","type":"product","link":"https:\/\/zzlcmachinery.com\/it\/prodotto\/lc-dn25d-program-controlled-metal-twisting-wrought-iron-machine\/","title":{"rendered":"LC-DN25D Macchina per ferro battuto a torsione in metallo controllata da programma"},"content":{"rendered":"","protected":false},"excerpt":{"rendered":"<p>Il vantaggio pi\u00f9 importante di LC-DN25D La macchina per la torsione del ferro battuto in metallo controllata dal programma \u00e8 che non solo ha la funzione di torsione, ma pu\u00f2 anche elaborare fiori di gabbia per uccelli.<br \/>\nLa macchina viene utilizzata per porte, finestre, corrimano e lavorazioni di ferro in stile artistico in stile europeo. I materiali di lavorazione includono ferro piatto, acciaio tondo e acciaio quadrato di dimensioni comuni internazionali. La macchina ha gi\u00e0 impostato il programma di lavorazione e i clienti possono anche passare ai propri programmi. impostare.<br \/>\nLa macchina fornir\u00e0 13 set di stampi gratuiti a caso e un nuovo stampo pu\u00f2 essere sostituito in 5 minuti.<\/p>\n<p>Le torsioni con una lunghezza di 200-800 mm possono essere attorcigliate e quelle con una lunghezza superiore a 800 mm possono essere attorcigliate in sezioni. alta produttivit\u00e0.<\/p>\n<p>Servizio online 24 ore su 24, facci sapere se hai qualche domanda!<br \/>\n<strong>PARAMETRO TECNICO<br \/>\n<\/strong><strong>Modello:LC-DN25C<br \/>\nAbilit\u00e0 massima del lavoro:<\/strong> Lunghezza\u2264200-800 mm<br \/>\n<strong>Acciaio quadrato<\/strong> \u226425\u00d725 mm<br \/>\n<strong>Ferro da stiro<\/strong> \u226430x8mm<br \/>\n<strong>Energia:<\/strong> 4KW<br \/>\n<strong>Per matrici gratuite:<\/strong>6 set di stampi quadrati in acciaio, 3 set di stampi in ferro piatto<br \/>\n<strong>voltaggio:<\/strong>\u00a0220V\/380V\/415V<br \/>\n<strong>Dimensione dell&#039;imballaggio:<\/strong> 1400\u00d7620\u00d71100 mm<br \/>\n<strong>NO (kg):<\/strong> 550\u00a0 \u00a0 \u00a0 <strong>PE (kg):<\/strong> 600<\/p>","protected":false},"featured_media":583,"template":"","meta":{"_kad_post_transparent":"default","_kad_post_title":"","_kad_post_layout":"default","_kad_post_sidebar_id":"","_kad_post_content_style":"default","_kad_post_vertical_padding":"default","_kad_post_feature":"","_kad_post_feature_position":"","_kad_post_header":false,"_kad_post_footer":false},"product_brand":[],"product_cat":[20,29],"product_tag":[122,123,121,119,120,115,114,116,117,118,111],"class_list":{"0":"post-573","1":"product","2":"type-product","3":"status-publish","4":"has-post-thumbnail","6":"product_cat-wrought-iron-twisting-machine","7":"product_cat-electric-wrought-iron-processing-machine","8":"product_tag-basket-flower-making-machine-for-wrought-iron","9":"product_tag-basket-twister-machine","10":"product_tag-buy-iron-twisting-machine-at-best-price","11":"product_tag-electric-wrought-iron-square-bar-twisting-machine","12":"product_tag-finished-product-of-metal-twister","13":"product_tag-lanchen-wrought-iron-machine-for-twist-square-steel-and-flat-iron","14":"product_tag-lc-dn25d-program-controlled-metal-twisting-wrought-iron-machine","15":"product_tag-metal-twisting-machine-for-sale","16":"product_tag-metal-twisting-wrought-iron-machine","17":"product_tag-twisting-mchine-for-metal-craft-precessing","18":"product_tag-wrought-iron-machine","20":"first","21":"instock","22":"shipping-taxable","23":"product-type-simple","24":"entry","25":"content-bg","26":"loop-entry"},"_links":{"self":[{"href":"https:\/\/zzlcmachinery.com\/it\/wp-json\/wp\/v2\/product\/573","targetHints":{"allow":["GET"]}}],"collection":[{"href":"https:\/\/zzlcmachinery.com\/it\/wp-json\/wp\/v2\/product"}],"about":[{"href":"https:\/\/zzlcmachinery.com\/it\/wp-json\/wp\/v2\/types\/product"}],"version-history":[{"count":0,"href":"https:\/\/zzlcmachinery.com\/it\/wp-json\/wp\/v2\/product\/573\/revisions"}],"wp:featuredmedia":[{"embeddable":true,"href":"https:\/\/zzlcmachinery.com\/it\/wp-json\/wp\/v2\/media\/583"}],"wp:attachment":[{"href":"https:\/\/zzlcmachinery.com\/it\/wp-json\/wp\/v2\/media?parent=573"}],"wp:term":[{"taxonomy":"product_brand","embeddable":true,"href":"https:\/\/zzlcmachinery.com\/it\/wp-json\/wp\/v2\/product_brand?post=573"},{"taxonomy":"product_cat","embeddable":true,"href":"https:\/\/zzlcmachinery.com\/it\/wp-json\/wp\/v2\/product_cat?post=573"},{"taxonomy":"product_tag","embeddable":true,"href":"https:\/\/zzlcmachinery.com\/it\/wp-json\/wp\/v2\/product_tag?post=573"}],"curies":[{"name":"wp","href":"https:\/\/api.w.org\/{rel}","templated":true}]}}