{"id":552,"date":"2022-09-26T18:37:04","date_gmt":"2022-09-26T10:37:04","guid":{"rendered":"https:\/\/zzlcmachinery.com\/?post_type=product&#038;p=552"},"modified":"2022-11-22T16:42:46","modified_gmt":"2022-11-22T08:42:46","slug":"lc-dn25c-metal-processing-equipment-steel-bar-twisting-machine-for-wrought-iron","status":"publish","type":"product","link":"https:\/\/zzlcmachinery.com\/it\/prodotto\/lc-dn25c-attrezzature-per-la-lavorazione-del-metallo-torcitrice-per-barre-in-acciaio-per-ferro-battuto\/","title":{"rendered":"Macchina di torsione della barra d&#039;acciaio dell&#039;attrezzatura per la lavorazione dei metalli LC-DN25C per ferro battuto"},"content":{"rendered":"","protected":false},"excerpt":{"rendered":"<p>LC-DN25C attrezzature per la lavorazione dei metalli torcitrice per barre d&#039;acciaio per ferro battuto utilizzata principalmente per la lavorazione dei metalli ferrosi, come ferro piatto, acciaio tondo, acciaio quadrato, la macchina ha impostazioni manuali e funzioni di elaborazione ripetuta automatica, che possono garantire l&#039;uniformit\u00e0 della lavorazione del prodotto , ridurre il tempo di lavoro e l&#039;intensit\u00e0 del lavoro, \u00e8 semplice eseguire la lavorazione del metallo delle stesse specifiche in lotti.<br \/>\nLa velocit\u00e0 del mandrino \u00e8 uniforme, la flessione grossolana e garantisce che il profilo pi\u00f9 piccolo e la macchina possano esercitare la massima capacit\u00e0 di lavoro. La torcitrice fornisce in modo casuale 9 set di stampi gratuiti e 5 minuti sono sufficienti per sostituire un nuovo stampo. La capacit\u00e0 massima di lavorazione della torcitrice matel \u00e8 in acciaio quadrato 25x25mm, ferro piatto 30x8mm.<br \/>\nTwist con una lunghezza di 200-800 mm matel pu\u00f2 essere attorcigliato e quelli con una lunghezza superiore a 800 mm possono essere attorcigliati in sezioni. Alta efficienza produttiva, 600 pezzi di acciaio quadrato 12x12mm possono essere attorcigliati all&#039;ora.<br \/>\nServizio online 24 ore su 24, facci sapere se hai qualche domanda!<br \/>\n<strong>PARAMETRO TECNICO<br \/>\n<\/strong><strong>Modello:LC-DN25C<br \/>\nAbilit\u00e0 massima del lavoro:<\/strong> Lunghezza\u2264200-800 mm<br \/>\n<strong>Acciaio quadrato<\/strong> \u226425\u00d725 mm<br \/>\n<strong>Ferro da stiro<\/strong> \u226430x8mm<br \/>\n<strong>Energia:<\/strong> 4KW<br \/>\n<strong>Per matrici gratuite:<\/strong>6 set di stampi quadrati in acciaio, 3 set di stampi in ferro piatto<br \/>\n<strong>voltaggio:<\/strong>\u00a0220V\/380V\/415V<br \/>\n<strong>Dimensione dell&#039;imballaggio:<\/strong> 1400\u00d7620\u00d71100 mm<br \/>\n<strong>NO (kg):<\/strong> 550\u00a0 \u00a0 \u00a0 <strong>PE (kg):<\/strong> 600<\/p>","protected":false},"featured_media":572,"template":"","meta":{"_kad_post_transparent":"default","_kad_post_title":"","_kad_post_layout":"default","_kad_post_sidebar_id":"","_kad_post_content_style":"default","_kad_post_vertical_padding":"default","_kad_post_feature":"","_kad_post_feature_position":"","_kad_post_header":false,"_kad_post_footer":false},"product_brand":[],"product_cat":[20,29],"product_tag":[113,112,107,108,109,110,111,106],"class_list":{"0":"post-552","1":"product","2":"type-product","3":"status-publish","4":"has-post-thumbnail","6":"product_cat-wrought-iron-twisting-machine","7":"product_cat-electric-wrought-iron-processing-machine","8":"product_tag-basket-iron-metal-twisting-machine","9":"product_tag-electric-twist-machine","10":"product_tag-electric-wrought-iron-end-folding-machine-for-sale","11":"product_tag-iron-bar-twisting-machine","12":"product_tag-torsion-and-twisting-machine","13":"product_tag-twisting-bending-machine","14":"product_tag-wrought-iron-machine","15":"product_tag-wrought-iron-picket-basket-twister-machine","17":"first","18":"instock","19":"shipping-taxable","20":"product-type-simple","21":"entry","22":"content-bg","23":"loop-entry"},"_links":{"self":[{"href":"https:\/\/zzlcmachinery.com\/it\/wp-json\/wp\/v2\/product\/552","targetHints":{"allow":["GET"]}}],"collection":[{"href":"https:\/\/zzlcmachinery.com\/it\/wp-json\/wp\/v2\/product"}],"about":[{"href":"https:\/\/zzlcmachinery.com\/it\/wp-json\/wp\/v2\/types\/product"}],"version-history":[{"count":0,"href":"https:\/\/zzlcmachinery.com\/it\/wp-json\/wp\/v2\/product\/552\/revisions"}],"wp:featuredmedia":[{"embeddable":true,"href":"https:\/\/zzlcmachinery.com\/it\/wp-json\/wp\/v2\/media\/572"}],"wp:attachment":[{"href":"https:\/\/zzlcmachinery.com\/it\/wp-json\/wp\/v2\/media?parent=552"}],"wp:term":[{"taxonomy":"product_brand","embeddable":true,"href":"https:\/\/zzlcmachinery.com\/it\/wp-json\/wp\/v2\/product_brand?post=552"},{"taxonomy":"product_cat","embeddable":true,"href":"https:\/\/zzlcmachinery.com\/it\/wp-json\/wp\/v2\/product_cat?post=552"},{"taxonomy":"product_tag","embeddable":true,"href":"https:\/\/zzlcmachinery.com\/it\/wp-json\/wp\/v2\/product_tag?post=552"}],"curies":[{"name":"wp","href":"https:\/\/api.w.org\/{rel}","templated":true}]}}