{"id":518,"date":"2022-09-21T19:15:14","date_gmt":"2022-09-21T11:15:14","guid":{"rendered":"https:\/\/zzlcmachinery.com\/?post_type=product&#038;p=518"},"modified":"2022-11-22T16:37:52","modified_gmt":"2022-11-22T08:37:52","slug":"lc-f4-electric-multifunction-flat-steel-fishtail-end-forming-machine-for-metal-craft","status":"publish","type":"product","link":"https:\/\/zzlcmachinery.com\/it\/prodotto\/lc-f4-electric-multifunction-flat-steel-fishtail-end-forming-machine-for-metal-craft\/","title":{"rendered":"Macchina per la formatura di estremit\u00e0 a coda di pesce in acciaio piatto multifunzionale elettrico LC-F4 per imbarcazioni in metallo"},"content":{"rendered":"","protected":false},"excerpt":{"rendered":"<p>Questa macchina per la formatura di estremit\u00e0 a coda di pesce in acciaio piatto multifunzione LC-F4 per imbarcazioni in metallo \u00e8 una macchina per la lavorazione a coda di pesce multifunzione, che non solo pu\u00f2 lavorare ferro piatto, acciaio tondo, acciaio quadrato a forma di coda di pesce (coda di pesce con motivo fine o coda di pesce con modello spesso), ma pu\u00f2 anche estrudere modelli appuntiti e piatti. Questa macchina \u00e8 molto conveniente nell&#039;acquisto di macchine per la lavorazione della coda di pesce! Va notato che questa macchina per la lavorazione della coda di pesce LC-F4 deve prima riscaldare il materiale e poi elaborarlo, che \u00e8 una pressa a caldo.<br \/>\nQuesta macchina \u00e8 progettata con uno speciale stampo ad albero eccentrico, la vita \u00e8 tre volte quella della macchina a coda di pesce F3.<br \/>\nServizio online 24 ore su 24, facci sapere se hai qualche domanda!<br \/>\n<strong>PARAMETRO TECNICO<br \/>\n<\/strong><strong>Modello: LC-F4<br \/>\nFerro da stiro:<\/strong> \u22648\u00d750 mm<br \/>\n<strong>Acciaio tondo:<\/strong> \u00d816 mm<br \/>\n<strong>Acciaio quadrato:<\/strong> \u226416\u00d716 mm<br \/>\n<strong>Energia:<\/strong> 2,2 kW<br \/>\n<strong>voltaggio:<\/strong>\u00a0220V\/380V\/415V<br \/>\n<strong>Dimensione dell&#039;imballaggio:<\/strong> 1220\u00d7600\u00d71250 mm<br \/>\n<strong>NO (kg):<\/strong> 290<br \/>\n<strong>PE (kg):<\/strong> 340<\/p>","protected":false},"featured_media":522,"template":"","meta":{"_kad_post_transparent":"default","_kad_post_title":"","_kad_post_layout":"default","_kad_post_sidebar_id":"","_kad_post_content_style":"default","_kad_post_vertical_padding":"default","_kad_post_feature":"","_kad_post_feature_position":"","_kad_post_header":false,"_kad_post_footer":false},"product_brand":[],"product_cat":[29,24],"product_tag":[79,86,87,90,80,88,85,83,89],"class_list":{"0":"post-518","1":"product","2":"type-product","3":"status-publish","4":"has-post-thumbnail","6":"product_cat-electric-wrought-iron-processing-machine","7":"product_cat-wrought-iron-fishtail-forging-machine","8":"product_tag-blacksmith-rolling-mill-for-sale","9":"product_tag-china-hot-roll-fishtail-making-mchine","10":"product_tag-die-for-wrought-iron-fishtail-making-machine","11":"product_tag-electric-multifunction-flat-steel-fishtail-end-forming-machine-for-metal-craft","12":"product_tag-fishtail-end-forging-machine","13":"product_tag-fishtail-machine-supplier-and-manufacturer-in-china","14":"product_tag-flat-steel-fishtail-end-forming-machine","15":"product_tag-hot-roll-fishtail-mill-machine","16":"product_tag-metal-fishtail-coining-machine-wrought-iron-machine","18":"first","19":"instock","20":"shipping-taxable","21":"product-type-simple","22":"entry","23":"content-bg","24":"loop-entry"},"_links":{"self":[{"href":"https:\/\/zzlcmachinery.com\/it\/wp-json\/wp\/v2\/product\/518","targetHints":{"allow":["GET"]}}],"collection":[{"href":"https:\/\/zzlcmachinery.com\/it\/wp-json\/wp\/v2\/product"}],"about":[{"href":"https:\/\/zzlcmachinery.com\/it\/wp-json\/wp\/v2\/types\/product"}],"version-history":[{"count":0,"href":"https:\/\/zzlcmachinery.com\/it\/wp-json\/wp\/v2\/product\/518\/revisions"}],"wp:featuredmedia":[{"embeddable":true,"href":"https:\/\/zzlcmachinery.com\/it\/wp-json\/wp\/v2\/media\/522"}],"wp:attachment":[{"href":"https:\/\/zzlcmachinery.com\/it\/wp-json\/wp\/v2\/media?parent=518"}],"wp:term":[{"taxonomy":"product_brand","embeddable":true,"href":"https:\/\/zzlcmachinery.com\/it\/wp-json\/wp\/v2\/product_brand?post=518"},{"taxonomy":"product_cat","embeddable":true,"href":"https:\/\/zzlcmachinery.com\/it\/wp-json\/wp\/v2\/product_cat?post=518"},{"taxonomy":"product_tag","embeddable":true,"href":"https:\/\/zzlcmachinery.com\/it\/wp-json\/wp\/v2\/product_tag?post=518"}],"curies":[{"name":"wp","href":"https:\/\/api.w.org\/{rel}","templated":true}]}}