{"id":491,"date":"2022-09-18T23:48:30","date_gmt":"2022-09-18T15:48:30","guid":{"rendered":"https:\/\/zzlcmachinery.com\/?post_type=product&#038;p=491"},"modified":"2022-11-22T16:09:22","modified_gmt":"2022-11-22T08:09:22","slug":"lc-f3-decorative-automatic-blacksmith-fishtail-making-machine-for-sale","status":"publish","type":"product","link":"https:\/\/zzlcmachinery.com\/it\/prodotto\/lc-f3-decorative-automatic-blacksmith-fishtail-making-machine-for-sale\/","title":{"rendered":"LC-F3 Macchina per la produzione di coda di pesce automatica decorativa del fabbro in vendita"},"content":{"rendered":"","protected":false},"excerpt":{"rendered":"<p>LC-F3 Macchina per la produzione di coda di pesce automatica decorativa per fabbro in vendita, questa macchina pu\u00f2 essere utilizzata direttamente per lavorare ferro piatto, acciaio tondo e acciaio quadrato, senza la necessit\u00e0 di appiattire il materiale, perch\u00e9 il prodotto lavorato \u00e8 simile alla coda di un pesce, quindi si chiama macchina per fare la coda di pesce. Questa macchina per la lavorazione della coda di pesce \u00e8 dotata di un riduttore a ciclone, che ha una coppia elevata. Un modo speciale di trasmissione della coppia tra il cambio e l&#039;area di lavoro. Garantire un funzionamento regolare e affidabile dei macchinari. La macchina ha un dispositivo di posizionamento della pinza e la lunghezza di alimentazione pu\u00f2 essere impostata secondo necessit\u00e0. Pu\u00f2 produrre 300 code di pesce 8x40mm all&#039;ora e l&#039;elevata efficienza produttiva crea le condizioni necessarie per la produzione in serie di porte e finestre.<br \/>\nServizio online 24 ore su 24, facci sapere se hai qualche domanda!<br \/>\n<strong>PARAMETRO TECNICO<br \/>\n<\/strong><strong>Modello: LC-F3<br \/>\nFerro da stiro:<\/strong> \u22648\u00d750 mm<br \/>\n<strong>Acciaio tondo:<\/strong> \u00d816 mm<br \/>\n<strong>Acciaio quadrato:<\/strong> \u226416\u00d716 mm<br \/>\n<strong>Energia:<\/strong> 2,2 kW<br \/>\n<strong>voltaggio:<\/strong>\u00a0220V\/380V\/415V<br \/>\n<strong>Dimensione dell&#039;imballaggio:<\/strong> 1165\u00d7560\u00d71100 mm<br \/>\n<strong>NO (kg):<\/strong> 350<br \/>\n<strong>PE (kg):<\/strong> 400<\/p>","protected":false},"featured_media":507,"template":"","meta":{"_kad_post_transparent":"default","_kad_post_title":"","_kad_post_layout":"default","_kad_post_sidebar_id":"","_kad_post_content_style":"default","_kad_post_vertical_padding":"default","_kad_post_feature":"","_kad_post_feature_position":"","_kad_post_header":false,"_kad_post_footer":false},"product_brand":[],"product_cat":[29,24],"product_tag":[79,80,82,81,83,84],"class_list":{"0":"post-491","1":"product","2":"type-product","3":"status-publish","4":"has-post-thumbnail","6":"product_cat-electric-wrought-iron-processing-machine","7":"product_cat-wrought-iron-fishtail-forging-machine","8":"product_tag-blacksmith-rolling-mill-for-sale","9":"product_tag-fishtail-end-forging-machine","10":"product_tag-fishtail-machine","11":"product_tag-fishtail-machine-manufacturer-supplier","12":"product_tag-hot-roll-fishtail-mill-machine","13":"product_tag-wrought-iron-forging-fishtail-making-machine","15":"first","16":"instock","17":"shipping-taxable","18":"product-type-simple","19":"entry","20":"content-bg","21":"loop-entry"},"_links":{"self":[{"href":"https:\/\/zzlcmachinery.com\/it\/wp-json\/wp\/v2\/product\/491","targetHints":{"allow":["GET"]}}],"collection":[{"href":"https:\/\/zzlcmachinery.com\/it\/wp-json\/wp\/v2\/product"}],"about":[{"href":"https:\/\/zzlcmachinery.com\/it\/wp-json\/wp\/v2\/types\/product"}],"version-history":[{"count":0,"href":"https:\/\/zzlcmachinery.com\/it\/wp-json\/wp\/v2\/product\/491\/revisions"}],"wp:featuredmedia":[{"embeddable":true,"href":"https:\/\/zzlcmachinery.com\/it\/wp-json\/wp\/v2\/media\/507"}],"wp:attachment":[{"href":"https:\/\/zzlcmachinery.com\/it\/wp-json\/wp\/v2\/media?parent=491"}],"wp:term":[{"taxonomy":"product_brand","embeddable":true,"href":"https:\/\/zzlcmachinery.com\/it\/wp-json\/wp\/v2\/product_brand?post=491"},{"taxonomy":"product_cat","embeddable":true,"href":"https:\/\/zzlcmachinery.com\/it\/wp-json\/wp\/v2\/product_cat?post=491"},{"taxonomy":"product_tag","embeddable":true,"href":"https:\/\/zzlcmachinery.com\/it\/wp-json\/wp\/v2\/product_tag?post=491"}],"curies":[{"name":"wp","href":"https:\/\/api.w.org\/{rel}","templated":true}]}}