{"id":446,"date":"2022-09-15T15:59:08","date_gmt":"2022-09-15T07:59:08","guid":{"rendered":"https:\/\/zzlcmachinery.com\/?post_type=product&#038;p=446"},"modified":"2022-09-21T21:54:50","modified_gmt":"2022-09-21T13:54:50","slug":"lc-dl60b-metalcraft-automatic-cold-rolling-embossing-machine","status":"publish","type":"product","link":"https:\/\/zzlcmachinery.com\/it\/prodotto\/lc-dl60b-metalcraft-automatic-cold-rolling-embossing-machine\/","title":{"rendered":"LC-DL60B Metalcraft Macchina per goffratura automatica a laminazione a freddo"},"content":{"rendered":"","protected":false},"excerpt":{"rendered":"<p>La goffratrice automatica per laminazione a freddo LC-DL60B Metalcraft \u00e8 un&#039;attrezzatura professionale per la produzione di acciaio forgiato. Questa macchina \u00e8 un modo molto veloce per aggiungere valore al materiale goffrando e testurizzando le superfici metalliche. Pu\u00f2 trasformare l&#039;acciaio piatto ordinario, l&#039;acciaio quadrato, il tubo quadrato e la barra tonda in vari materiali di forgiatura cambiando diversi stampi. Consentire ai clienti di padroneggiare rapidamente l&#039;uso della macchina e occupare il mercato locale \u00e8 la chiave d&#039;oro per creare ricchezza.<br \/>\n<strong>PARAMETRO TECNICO<br \/>\n<\/strong><strong>Modello:LC-DL60B<\/strong><br \/>\n<strong>Ferro da stiro:<\/strong>\u00a0\u226410\u00d760 mm<br \/>\n<strong>Acciaio quadrato:<\/strong>\u00a0\u226425\u00d725 mm<br \/>\n<strong>Tubo quadrato:<\/strong>\u00a0\u226460\u00d760mm<br \/>\n<strong>Velocit\u00e0 di rotolamento:<\/strong> 1-408 M\/H<br \/>\n<strong>Energia:<\/strong> 7,5KW<br \/>\n<strong>voltaggio:<\/strong> 220V\/380V\/415V 50Hz<br \/>\n<strong>Dimensione dell&#039;imballaggio:<\/strong>\u00a01900\u00d7710\u00d71420 mm<br \/>\n<strong>NO (kg):<\/strong> 1180<br \/>\n<strong>PE (kg):<\/strong> 1300<\/p>","protected":false},"featured_media":453,"template":"","meta":{"_kad_post_transparent":"default","_kad_post_title":"hide","_kad_post_layout":"fullwidth","_kad_post_sidebar_id":"","_kad_post_content_style":"unboxed","_kad_post_vertical_padding":"hide","_kad_post_feature":"hide","_kad_post_feature_position":"","_kad_post_header":false,"_kad_post_footer":false},"product_brand":[],"product_cat":[29,19],"product_tag":[56,55,57,54,53],"class_list":{"0":"post-446","1":"product","2":"type-product","3":"status-publish","4":"has-post-thumbnail","6":"product_cat-electric-wrought-iron-processing-machine","7":"product_cat-cold-rolling-embossing-machine","8":"product_tag-black-smith-ornamental-iron-machine","9":"product_tag-cold-rolling-embossing-machine-in-china","10":"product_tag-metal-cold-embossing-machine-adjustable-processing-speed","11":"product_tag-roller-embosser-machine-for-sale","12":"product_tag-wrought-iron-machine-for-iron-work","14":"first","15":"instock","16":"shipping-taxable","17":"product-type-simple","18":"entry","19":"content-bg","20":"loop-entry"},"_links":{"self":[{"href":"https:\/\/zzlcmachinery.com\/it\/wp-json\/wp\/v2\/product\/446","targetHints":{"allow":["GET"]}}],"collection":[{"href":"https:\/\/zzlcmachinery.com\/it\/wp-json\/wp\/v2\/product"}],"about":[{"href":"https:\/\/zzlcmachinery.com\/it\/wp-json\/wp\/v2\/types\/product"}],"version-history":[{"count":0,"href":"https:\/\/zzlcmachinery.com\/it\/wp-json\/wp\/v2\/product\/446\/revisions"}],"wp:featuredmedia":[{"embeddable":true,"href":"https:\/\/zzlcmachinery.com\/it\/wp-json\/wp\/v2\/media\/453"}],"wp:attachment":[{"href":"https:\/\/zzlcmachinery.com\/it\/wp-json\/wp\/v2\/media?parent=446"}],"wp:term":[{"taxonomy":"product_brand","embeddable":true,"href":"https:\/\/zzlcmachinery.com\/it\/wp-json\/wp\/v2\/product_brand?post=446"},{"taxonomy":"product_cat","embeddable":true,"href":"https:\/\/zzlcmachinery.com\/it\/wp-json\/wp\/v2\/product_cat?post=446"},{"taxonomy":"product_tag","embeddable":true,"href":"https:\/\/zzlcmachinery.com\/it\/wp-json\/wp\/v2\/product_tag?post=446"}],"curies":[{"name":"wp","href":"https:\/\/api.w.org\/{rel}","templated":true}]}}