{"id":1552,"date":"2022-12-14T00:42:52","date_gmt":"2022-12-13T16:42:52","guid":{"rendered":"https:\/\/zzlcmachinery.com\/?post_type=product&#038;p=1552"},"modified":"2023-03-08T12:35:05","modified_gmt":"2023-03-08T04:35:05","slug":"jk-300-factory-directly-automatic-metal-sheet-embossing-machine","status":"publish","type":"product","link":"https:\/\/zzlcmachinery.com\/it\/prodotto\/jk-300-factory-directly-automatic-metal-sheet-embossing-machine\/","title":{"rendered":"Goffratrice per lamiere di metallo direttamente automatica in fabbrica JK-300"},"content":{"rendered":"","protected":false},"excerpt":{"rendered":"<p>Questa goffratrice automatica diretta per lamiere di fabbrica JK-300 pu\u00f2 lavorare lastre di lamiera laminate a freddo, lastre di lamiera di alluminio, lastre di lamiera di acciaio inossidabile e lastre di lamiera di rame per i modelli desiderati dai clienti. Un set di stampi viene fornito in modo casuale con la macchina. Il nostro team tecnico pu\u00f2 fornire servizi di progettazione personalizzati gratuiti per stampi. Una variet\u00e0 di scelte di modelli consentir\u00e0 sicuramente ai clienti di competere nel feroce mercato locale. Si distingue dalla concorrenza per il suo modello unico.<br \/>\nIl prodotto finito lavorato pu\u00f2 continuare a essere stampato nella forma che il cliente desidera per il telaio del telaio della porta, la griglia, il telaio della finestra, il pannello della porta, la ringhiera verde, ecc. Tutto pu\u00f2 essere utilizzato in sottili lastre di ferro con motivi.<br \/>\n<strong>PARAMETRO TECNICO<\/strong><br \/>\n<strong>Materiale:<\/strong>\u00a0Lamiera di ferro, Lamiera di alluminio, Lamiera di rame, Lamiera di acciaio inossidabile<br \/>\n<strong>Larghezza del materiale\uff1a300<\/strong>mm<br \/>\n<strong>Spessore materiale<\/strong>: massimo 2 mm<br \/>\n<strong>Energia:<\/strong> 4KW (in base alla larghezza e allo spessore del materiale laminato in base alle effettive esigenze dei clienti)<br \/>\n<strong>voltaggio:<\/strong>\u00a0220V\/380V\/415V<br \/>\n<strong>Dimensione dell&#039;imballaggio:<\/strong>\u00a01500\u00d7710\u00d7800 mm<br \/>\n<strong>NO (kg):<\/strong>\u00a0350<br \/>\n<strong>PE (kg):<\/strong>\u00a0400<\/p>","protected":false},"featured_media":1562,"template":"","meta":{"_kad_post_transparent":"default","_kad_post_title":"hide","_kad_post_layout":"fullwidth","_kad_post_sidebar_id":"","_kad_post_content_style":"unboxed","_kad_post_vertical_padding":"hide","_kad_post_feature":"hide","_kad_post_feature_position":"","_kad_post_header":false,"_kad_post_footer":false},"product_brand":[],"product_cat":[19,29],"product_tag":[537,535,533,531,530,536,532,538,534],"class_list":{"0":"post-1552","1":"product","2":"type-product","3":"status-publish","4":"has-post-thumbnail","6":"product_cat-cold-rolling-embossing-machine","7":"product_cat-electric-wrought-iron-processing-machine","8":"product_tag-aluminum-sheet-cold-embossing-machine","9":"product_tag-buy-cold-steel-sheet-embossing-machine","10":"product_tag-cold-roll-former-line","11":"product_tag-copper-sheet-embossing-machine","12":"product_tag-factory-directly-automatic-metal-sheet-embossing-machine","13":"product_tag-iron-sheet-cold-embossing-machine","14":"product_tag-roll-forming-machine-manufacturer","15":"product_tag-stainless-steel-sheet-cold-embossing-machine","16":"product_tag-steel-plate-embossing-machinery","18":"first","19":"instock","20":"shipping-taxable","21":"product-type-simple","22":"entry","23":"content-bg","24":"loop-entry"},"_links":{"self":[{"href":"https:\/\/zzlcmachinery.com\/it\/wp-json\/wp\/v2\/product\/1552","targetHints":{"allow":["GET"]}}],"collection":[{"href":"https:\/\/zzlcmachinery.com\/it\/wp-json\/wp\/v2\/product"}],"about":[{"href":"https:\/\/zzlcmachinery.com\/it\/wp-json\/wp\/v2\/types\/product"}],"version-history":[{"count":0,"href":"https:\/\/zzlcmachinery.com\/it\/wp-json\/wp\/v2\/product\/1552\/revisions"}],"wp:featuredmedia":[{"embeddable":true,"href":"https:\/\/zzlcmachinery.com\/it\/wp-json\/wp\/v2\/media\/1562"}],"wp:attachment":[{"href":"https:\/\/zzlcmachinery.com\/it\/wp-json\/wp\/v2\/media?parent=1552"}],"wp:term":[{"taxonomy":"product_brand","embeddable":true,"href":"https:\/\/zzlcmachinery.com\/it\/wp-json\/wp\/v2\/product_brand?post=1552"},{"taxonomy":"product_cat","embeddable":true,"href":"https:\/\/zzlcmachinery.com\/it\/wp-json\/wp\/v2\/product_cat?post=1552"},{"taxonomy":"product_tag","embeddable":true,"href":"https:\/\/zzlcmachinery.com\/it\/wp-json\/wp\/v2\/product_tag?post=1552"}],"curies":[{"name":"wp","href":"https:\/\/api.w.org\/{rel}","templated":true}]}}