{"id":989,"date":"2022-11-19T00:04:14","date_gmt":"2022-11-18T16:04:14","guid":{"rendered":"https:\/\/zzlcmachinery.com\/?post_type=product&#038;p=989"},"modified":"2022-11-22T14:44:07","modified_gmt":"2022-11-22T06:44:07","slug":"widely-used-wrought-iron-blacksmith-750kg-forging-power-hammer","status":"publish","type":"product","link":"https:\/\/zzlcmachinery.com\/fr\/produit\/widely-used-wrought-iron-blacksmith-750kg-forging-power-hammer\/","title":{"rendered":"Forgeron en fer forg\u00e9 largement utilis\u00e9 750 kg Marteau de puissance de forgeage"},"content":{"rendered":"","protected":false},"excerpt":{"rendered":"<p>Ce marteau de forge de 750 kg en fer forg\u00e9 largement utilis\u00e9 est une sorte d&#039;\u00e9quipement de forgeage gratuit. L&#039;air est comprim\u00e9 par le cylindre du compresseur et envoy\u00e9 au cylindre de travail \u00e0 travers la soupape de distribution pour entra\u00eener le piston et la t\u00eate du marteau \u00e0 monter et descendre pour le martelage. L&#039;op\u00e9ration est souple. Ce mod\u00e8le convient \u00e0 divers forgeages libres, tels que l&#039;extension, le refoulement, le poin\u00e7onnage, le cisaillement, le soudage par forgeage, la torsion, le pliage, etc. Il peut \u00eatre utilis\u00e9 pour divers forgeages \u00e0 matrice ouverte. Les caract\u00e9ristiques sont les suivantes :<br \/>\n1. Entra\u00een\u00e9 par l&#039;air comprim\u00e9, la force et la fr\u00e9quence de frappe peuvent \u00eatre contr\u00f4l\u00e9es en ajustant la pression d&#039;air pour r\u00e9pondre aux besoins de production de s\u00e9curit\u00e9<br \/>\n2. Le corps de la machine est en fonte et l&#039;enclume de marteau pneumatique de grand tonnage est en acier moul\u00e9<br \/>\n3. Le m\u00e9canisme est simple et difficile \u00e0 endommager<br \/>\nNous pouvons fournir 6 kg, 16 kg, 25 kg, 40 kg, 55 kg, 75 kg, 100 kg, 150 kg, 250 kg, 400 kg, 560 kg, 750 kg, 1000 kg, 2000 kg pour choisir selon les diff\u00e9rents besoins de forgeage .Vous pouvez choisir le mod\u00e8le selon les sp\u00e9cifications suivantes<\/p>\n<p><strong>PARAM\u00c8TRE TECHNIQUE<br \/>\nMod\u00e8le : C41-750KG<br \/>\nPoids des pi\u00e8ces tombantes (KG): 750<\/strong>KG<br \/>\n<strong>Type d&#039;ouvrage\u00a0:<\/strong>Marteau pneumatique fendu\u00a0<strong><br \/>\n\u00c9nergie max. Hit (KJ): 13,6<\/strong>KJ<strong><br \/>\nTaille max. forg\u00e9e (diam\u00e8tre) sur l&#039;acier rond\u00a0:<\/strong>\u03c6300mm<br \/>\n<strong>Taille max. forg\u00e9e (diam\u00e8tre) sur acier carr\u00e9\u00a0:<\/strong>270*270mm<br \/>\n<strong>Pouvoir:<\/strong> 55KW<br \/>\n<strong>tension:<\/strong>\u00a0220V\/380V<br \/>\n<strong>Dimension d&#039;emballage :<\/strong> 3095*1370*3175mm<br \/>\n<strong>Poids Anwil<\/strong>: 9,000KG<br \/>\n<strong>Total GW (kg):26 000<\/strong><\/p>","protected":false},"featured_media":999,"template":"","meta":{"_kad_post_transparent":"default","_kad_post_title":"hide","_kad_post_layout":"fullwidth","_kad_post_sidebar_id":"","_kad_post_content_style":"unboxed","_kad_post_vertical_padding":"hide","_kad_post_feature":"hide","_kad_post_feature_position":"","_kad_post_header":false,"_kad_post_footer":false},"product_brand":[],"product_cat":[28],"product_tag":[462,428,463,499,464],"class_list":{"0":"post-989","1":"product","2":"type-product","3":"status-publish","4":"has-post-thumbnail","6":"product_cat-blacksmith-power-hammer","7":"product_tag-750kg-air-hammer-metal-forging-hammer-for-sale","8":"product_tag-pneumatic-hammer-for-blacksmith","9":"product_tag-widely-used-iron-blacksmith-forging-air-hammer-machine","10":"product_tag-widely-used-wrought-iron-blacksmith-750kg-forging-power-hammer","11":"product_tag-wrought-iron-metal-forging-power-hammer-for-sale","13":"first","14":"instock","15":"shipping-taxable","16":"product-type-simple","17":"entry","18":"content-bg","19":"loop-entry"},"_links":{"self":[{"href":"https:\/\/zzlcmachinery.com\/fr\/wp-json\/wp\/v2\/product\/989","targetHints":{"allow":["GET"]}}],"collection":[{"href":"https:\/\/zzlcmachinery.com\/fr\/wp-json\/wp\/v2\/product"}],"about":[{"href":"https:\/\/zzlcmachinery.com\/fr\/wp-json\/wp\/v2\/types\/product"}],"version-history":[{"count":0,"href":"https:\/\/zzlcmachinery.com\/fr\/wp-json\/wp\/v2\/product\/989\/revisions"}],"wp:featuredmedia":[{"embeddable":true,"href":"https:\/\/zzlcmachinery.com\/fr\/wp-json\/wp\/v2\/media\/999"}],"wp:attachment":[{"href":"https:\/\/zzlcmachinery.com\/fr\/wp-json\/wp\/v2\/media?parent=989"}],"wp:term":[{"taxonomy":"product_brand","embeddable":true,"href":"https:\/\/zzlcmachinery.com\/fr\/wp-json\/wp\/v2\/product_brand?post=989"},{"taxonomy":"product_cat","embeddable":true,"href":"https:\/\/zzlcmachinery.com\/fr\/wp-json\/wp\/v2\/product_cat?post=989"},{"taxonomy":"product_tag","embeddable":true,"href":"https:\/\/zzlcmachinery.com\/fr\/wp-json\/wp\/v2\/product_tag?post=989"}],"curies":[{"name":"wp","href":"https:\/\/api.w.org\/{rel}","templated":true}]}}