{"id":987,"date":"2022-11-19T00:02:00","date_gmt":"2022-11-18T16:02:00","guid":{"rendered":"https:\/\/zzlcmachinery.com\/?post_type=product&#038;p=987"},"modified":"2022-11-22T14:41:46","modified_gmt":"2022-11-22T06:41:46","slug":"c41-560kg-heavy-duty-wrought-iron-blacksmith-forging-hammer-for-sale","status":"publish","type":"product","link":"https:\/\/zzlcmachinery.com\/fr\/produit\/c41-560kg-heavy-duty-wrought-iron-blacksmith-forging-hammer-for-sale\/","title":{"rendered":"C41-560KG Marteau de forgeage en fer forg\u00e9 robuste \u00e0 vendre"},"content":{"rendered":"","protected":false},"excerpt":{"rendered":"<p>Ce marteau de forgeage en fer forg\u00e9 robuste C41-560KG \u00e0 vendre est silencieux, de structure simple, facile \u00e0 utiliser, d&#039;action flexible et pratique \u00e0 manipuler, installer et entretenir. Ce mod\u00e8le convient \u00e0 divers forgeages libres: tels que le refoulement, l&#039;\u00e9tirage, le poin\u00e7onnage, le pliage, la torsion, le cisaillement \u00e0 chaud, la connexion terminale, etc. En m\u00eame temps, divers forgeages \u00e0 matrice ouverte peuvent \u00eatre r\u00e9alis\u00e9s \u00e0 l&#039;aide de matrices \u00e0 tampon. Il convient au forgeage libre de pi\u00e8ces de diff\u00e9rentes formes, particuli\u00e8rement adapt\u00e9 aux entreprises de canton rural et aux m\u00e9nages professionnels forgeant des faucilles, des Badin, des bovins et des fers \u00e0 cheval et des houes. Dans le m\u00eame temps, diverses usines et mines utilisent \u00e9galement des marteaux pneumatiques pour forger des billes d&#039;acier, des \u00e9chafaudages et d&#039;autres usines, mines et mat\u00e9riaux de construction. De plus, cette s\u00e9rie de marteaux pneumatiques est \u00e9galement un outil professionnel en fer forg\u00e9 couramment utilis\u00e9 par les forgerons. Il peut fabriquer diff\u00e9rents styles de moules et forger diverses fleurs, oiseaux et autres belles d\u00e9corations en fer forg\u00e9.<br \/>\nNous pouvons fournir 6 kg, 16 kg, 25 kg, 40 kg, 55 kg, 75 kg, 100 kg, 150 kg, 250 kg, 400 kg, 560 kg, 750 kg, 1000 kg, 2000 kg pour choisir selon les diff\u00e9rents besoins de forgeage .Vous pouvez choisir le mod\u00e8le selon les sp\u00e9cifications suivantes<\/p>\n<p><strong>PARAM\u00c8TRE TECHNIQUE<br \/>\nMod\u00e8le : C41-560KG<br \/>\nPoids des pi\u00e8ces tombantes (KG): 560<\/strong>KG<br \/>\n<strong>Type d&#039;ouvrage\u00a0:<\/strong>Marteau pneumatique fendu\u00a0<strong><br \/>\n\u00c9nergie max. Hit (KJ): 13,6<\/strong>KJ<strong><br \/>\nTaille max. forg\u00e9e (diam\u00e8tre) sur l&#039;acier rond\u00a0:<\/strong>\u03c6280mm<br \/>\n<strong>Taille max. forg\u00e9e (diam\u00e8tre) sur acier carr\u00e9\u00a0:<\/strong>270X270mm<br \/>\n<strong>Pouvoir:<\/strong> 45KW<br \/>\n<strong>tension:<\/strong>\u00a0220V\/380V<br \/>\n<strong>Dimension d&#039;emballage :<\/strong> 3464*1500*3157<br \/>\n<strong>GW (kg):<\/strong> 16520<\/p>","protected":false},"featured_media":1024,"template":"","meta":{"_kad_post_transparent":"default","_kad_post_title":"hide","_kad_post_layout":"fullwidth","_kad_post_sidebar_id":"","_kad_post_content_style":"unboxed","_kad_post_vertical_padding":"hide","_kad_post_feature":"hide","_kad_post_feature_position":"","_kad_post_header":false,"_kad_post_footer":false},"product_brand":[],"product_cat":[28],"product_tag":[476,498,477,478,479],"class_list":{"0":"post-987","1":"product","2":"type-product","3":"status-publish","4":"has-post-thumbnail","6":"product_cat-blacksmith-power-hammer","7":"product_tag-all-kinds-of-wrought-iron-forging-power-hammer-dies-for-sale","8":"product_tag-c41-560kg-heavy-duty-wrought-iron-blacksmith-forging-hammer-for-sale","9":"product_tag-china-the-biggest-manufacture-anyang-pneumatic-hammer-from-lanchen","10":"product_tag-heavy-duty-560kg-wrought-iron-blacksmith-forging-hammer-for-sale","11":"product_tag-high-quality-cheap-price-air-hammer-c41-560kg-for-sale","13":"first","14":"instock","15":"shipping-taxable","16":"product-type-simple","17":"entry","18":"content-bg","19":"loop-entry"},"_links":{"self":[{"href":"https:\/\/zzlcmachinery.com\/fr\/wp-json\/wp\/v2\/product\/987","targetHints":{"allow":["GET"]}}],"collection":[{"href":"https:\/\/zzlcmachinery.com\/fr\/wp-json\/wp\/v2\/product"}],"about":[{"href":"https:\/\/zzlcmachinery.com\/fr\/wp-json\/wp\/v2\/types\/product"}],"version-history":[{"count":0,"href":"https:\/\/zzlcmachinery.com\/fr\/wp-json\/wp\/v2\/product\/987\/revisions"}],"wp:featuredmedia":[{"embeddable":true,"href":"https:\/\/zzlcmachinery.com\/fr\/wp-json\/wp\/v2\/media\/1024"}],"wp:attachment":[{"href":"https:\/\/zzlcmachinery.com\/fr\/wp-json\/wp\/v2\/media?parent=987"}],"wp:term":[{"taxonomy":"product_brand","embeddable":true,"href":"https:\/\/zzlcmachinery.com\/fr\/wp-json\/wp\/v2\/product_brand?post=987"},{"taxonomy":"product_cat","embeddable":true,"href":"https:\/\/zzlcmachinery.com\/fr\/wp-json\/wp\/v2\/product_cat?post=987"},{"taxonomy":"product_tag","embeddable":true,"href":"https:\/\/zzlcmachinery.com\/fr\/wp-json\/wp\/v2\/product_tag?post=987"}],"curies":[{"name":"wp","href":"https:\/\/api.w.org\/{rel}","templated":true}]}}