{"id":985,"date":"2022-11-18T23:59:31","date_gmt":"2022-11-18T15:59:31","guid":{"rendered":"https:\/\/zzlcmachinery.com\/?post_type=product&#038;p=985"},"modified":"2022-11-22T14:22:36","modified_gmt":"2022-11-22T06:22:36","slug":"c41-400kg-china-biggest-hammer-manufacturer-provide-pneumatic-forging-hammer","status":"publish","type":"product","link":"https:\/\/zzlcmachinery.com\/fr\/produit\/c41-400kg-china-biggest-hammer-manufacturer-provide-pneumatic-forging-hammer\/","title":{"rendered":"C41-400KG Chine Le plus grand fabricant de marteaux fournit un marteau de forgeage pneumatique"},"content":{"rendered":"","protected":false},"excerpt":{"rendered":"<p>Ce plus grand fabricant de marteaux C41-400KG en Chine fournit un marteau de forgeage pneumatique qui convertit le mouvement de rotation du moteur en mouvement de piston de l&#039;air comprim\u00e9 du cylindre par le r\u00e9ducteur, le vilebrequin et le syst\u00e8me de bielle. Le marteau pneumatique est contr\u00f4l\u00e9 par le levier au pied et le dispositif de t\u00e9l\u00e9commande pour contr\u00f4ler la vitesse de frappe et la force de frappe de l&#039;enclume sup\u00e9rieure.<br \/>\nLa machine \u00e0 marteaux pneumatiques est un outil de forgeage des m\u00e9taux largement utilis\u00e9 et polyvalent, qui a de nombreuses fonctions, telles que : refoulement, extension, refoulement continu, estampage, coupe \u00e0 chaud, soudage, forgeage, torsion et pliage.<br \/>\nLes clients peuvent choisir le marteau pneumatique qui leur convient en fonction du mat\u00e9riau qu&#039;ils doivent forger et de la taille maximale du mat\u00e9riau. L&#039;application de l&#039;\u00e9nergie \u00e9lectrique et du cylindre am\u00e9liore consid\u00e9rablement l&#039;efficacit\u00e9 de travail du marteau pneumatique. Il est indispensable au fonctionnement des forges et des mines. machines de forgeage.<br \/>\nNous pouvons fournir 6 kg, 16 kg, 25 kg, 40 kg, 55 kg, 75 kg, 100 kg, 150 kg, 250 kg, 400 kg, 560 kg, 750 kg, 1000 kg, 2000 kg pour choisir selon les diff\u00e9rents besoins de forgeage .Vous pouvez choisir le mod\u00e8le selon les sp\u00e9cifications suivantes<\/p>\n<p><strong>PARAM\u00c8TRE TECHNIQUE<br \/>\nMod\u00e8le : C41-400KG<br \/>\nPoids des pi\u00e8ces tombantes (KG): 400<\/strong>KG<br \/>\n<strong>Type d&#039;ouvrage\u00a0:<\/strong>Marteau pneumatique fendu avec base<strong><br \/>\n\u00c9nergie max. Hit (KJ): 9,5<\/strong>KJ<strong><br \/>\nTaille max. forg\u00e9e (diam\u00e8tre) sur l&#039;acier rond\u00a0:<\/strong>\u03c6240mm<br \/>\n<strong>Taille max. forg\u00e9e (diam\u00e8tre) sur acier carr\u00e9\u00a0:<\/strong>220*220mm<br \/>\n<strong>Pouvoir:<\/strong> 37kW<br \/>\n<strong>tension:<\/strong>\u00a0220V\/380V<br \/>\n<strong>Dimension d&#039;emballage :<\/strong> 2785*1400*2885mm<br \/>\n<strong>Poids Navil<\/strong>:4800KG<br \/>\n<strong>Total GW (kg):<\/strong> 12800KG<\/p>","protected":false},"featured_media":1004,"template":"","meta":{"_kad_post_transparent":"default","_kad_post_title":"hide","_kad_post_layout":"fullwidth","_kad_post_sidebar_id":"","_kad_post_content_style":"unboxed","_kad_post_vertical_padding":"hide","_kad_post_feature":"hide","_kad_post_feature_position":"","_kad_post_header":false,"_kad_post_footer":false},"product_brand":[],"product_cat":[28],"product_tag":[465,497,466,467,468,428,469,470],"class_list":{"0":"post-985","1":"product","2":"type-product","3":"status-publish","4":"has-post-thumbnail","6":"product_cat-blacksmith-power-hammer","7":"product_tag-400kg-air-hammer-metal-forging-hammer-for-sale","8":"product_tag-c41-400kg-china-biggest-hammer-manufacturer-provide-pneumatic-forging-hammer","9":"product_tag-c41-400kg-model-power-hammer-machine-for-iron-forging","10":"product_tag-china-automatic-anyang-forging-hammer-400kg","11":"product_tag-factory-direct-sale-wrought-iron-hammer-or-smith-forging-tool-for-sale","12":"product_tag-pneumatic-hammer-for-blacksmith","13":"product_tag-widely-used-wrought-iron-blacksmith-75kg-150kg-250kg-400kg-forging-power-hammer-for-hot-sale","14":"product_tag-wrought-iron-homemade-forging-hammer-machine-with-forging-hammer-dies","16":"first","17":"instock","18":"shipping-taxable","19":"product-type-simple","20":"entry","21":"content-bg","22":"loop-entry"},"_links":{"self":[{"href":"https:\/\/zzlcmachinery.com\/fr\/wp-json\/wp\/v2\/product\/985","targetHints":{"allow":["GET"]}}],"collection":[{"href":"https:\/\/zzlcmachinery.com\/fr\/wp-json\/wp\/v2\/product"}],"about":[{"href":"https:\/\/zzlcmachinery.com\/fr\/wp-json\/wp\/v2\/types\/product"}],"version-history":[{"count":0,"href":"https:\/\/zzlcmachinery.com\/fr\/wp-json\/wp\/v2\/product\/985\/revisions"}],"wp:featuredmedia":[{"embeddable":true,"href":"https:\/\/zzlcmachinery.com\/fr\/wp-json\/wp\/v2\/media\/1004"}],"wp:attachment":[{"href":"https:\/\/zzlcmachinery.com\/fr\/wp-json\/wp\/v2\/media?parent=985"}],"wp:term":[{"taxonomy":"product_brand","embeddable":true,"href":"https:\/\/zzlcmachinery.com\/fr\/wp-json\/wp\/v2\/product_brand?post=985"},{"taxonomy":"product_cat","embeddable":true,"href":"https:\/\/zzlcmachinery.com\/fr\/wp-json\/wp\/v2\/product_cat?post=985"},{"taxonomy":"product_tag","embeddable":true,"href":"https:\/\/zzlcmachinery.com\/fr\/wp-json\/wp\/v2\/product_tag?post=985"}],"curies":[{"name":"wp","href":"https:\/\/api.w.org\/{rel}","templated":true}]}}