{"id":982,"date":"2022-11-18T23:57:53","date_gmt":"2022-11-18T15:57:53","guid":{"rendered":"https:\/\/zzlcmachinery.com\/?post_type=product&#038;p=982"},"modified":"2022-11-22T14:20:16","modified_gmt":"2022-11-22T06:20:16","slug":"c41-250kg-wrought-iron-metal-forging-power-hammer-for-sale","status":"publish","type":"product","link":"https:\/\/zzlcmachinery.com\/fr\/produit\/c41-250kg-wrought-iron-metal-forging-power-hammer-for-sale\/","title":{"rendered":"C41-250KG Marteau de puissance de forgeage de m\u00e9tal en fer forg\u00e9 \u00e0 vendre"},"content":{"rendered":"","protected":false},"excerpt":{"rendered":"<p>Ce marteau de forgeage en m\u00e9tal en fer forg\u00e9 C41-250KG \u00e0 vendre est une sorte de marteau de forgeage gratuit. peut \u00eatre utilis\u00e9 pour le forgeage avec des matrices boster, mais ne peut pas \u00eatre utilis\u00e9 pour le forgeage \u00e0 matrice ferm\u00e9e, car l&#039;\u00e9nergie de coup du forgeage \u00e0 matrice ferm\u00e9e est tr\u00e8s grande, la tige de marteau, le guide, le cylindre de travail\u2026 les pi\u00e8ces principales seront endommag\u00e9es.<br \/>\nNous pouvons fournir 6 kg, 16 kg, 25 kg, 40 kg, 55 kg, 75 kg, 100 kg, 150 kg, 250 kg, 400 kg, 560 kg, 750 kg, 1000 kg, 2000 kg pour choisir selon les diff\u00e9rents besoins de forgeage .Vous pouvez choisir le mod\u00e8le selon les sp\u00e9cifications suivantes<\/p>\n<p><strong>PARAM\u00c8TRE TECHNIQUE<br \/>\nMod\u00e8le : C41-250KG<br \/>\nPoids des pi\u00e8ces tombantes (KG): 250<\/strong>KG<br \/>\n<strong>Type d&#039;ouvrage\u00a0:<\/strong>Marteau pneumatique fendu avec base<strong><br \/>\n\u00c9nergie max. Hit (KJ): 5,6<\/strong>KJ<strong><br \/>\nTaille max. forg\u00e9e (diam\u00e8tre) sur l&#039;acier rond\u00a0:<\/strong>\u03c6175mm<br \/>\n<strong>Taille max. forg\u00e9e (diam\u00e8tre) sur acier carr\u00e9\u00a0:<\/strong>145*145mm<br \/>\n<strong>Pouvoir:<\/strong> 22kW<br \/>\n<strong>tension:<\/strong>\u00a0220V\/380V<br \/>\n<strong>Dimension d&#039;emballage :<\/strong> 2875*1405*2570mm<br \/>\n<strong>Poids de l&#039;enclume\u00a0:<\/strong>2800KG<br \/>\n<strong>GW (kg):<\/strong> 8200<\/p>","protected":false},"featured_media":1016,"template":"","meta":{"_kad_post_transparent":"default","_kad_post_title":"hide","_kad_post_layout":"fullwidth","_kad_post_sidebar_id":"","_kad_post_content_style":"unboxed","_kad_post_vertical_padding":"hide","_kad_post_feature":"hide","_kad_post_feature_position":"","_kad_post_header":false,"_kad_post_footer":false},"product_brand":[],"product_cat":[28],"product_tag":[480,481,482,483,484,485,486,487],"class_list":{"0":"post-982","1":"product","2":"type-product","3":"status-publish","4":"has-post-thumbnail","6":"product_cat-blacksmith-power-hammer","7":"product_tag-16kg-2000kg-anyang-pneumatic-hammer-for-whole-world","8":"product_tag-250kg-air-planishing-hammer-for-blacksmith","9":"product_tag-blacksmith-anvil-wrought-iron-machinery-for-hammer","10":"product_tag-c41-40kg-75kg-150kg-250kg-blacksmith-air-forging-hammer-for-sale","11":"product_tag-hot-sale-250-kg-power-hammer-in-uk-usa","12":"product_tag-hot-sale-different-types-wrought-iron-metal-forging-air-hammer","13":"product_tag-hottest-sell-c41-250kg-electro-hydraulic-forging-hammer-for-sale","14":"product_tag-widely-used-iron-forging-250kg-air-pneumatic-hammer-with-ce","16":"first","17":"instock","18":"shipping-taxable","19":"product-type-simple","20":"entry","21":"content-bg","22":"loop-entry"},"_links":{"self":[{"href":"https:\/\/zzlcmachinery.com\/fr\/wp-json\/wp\/v2\/product\/982","targetHints":{"allow":["GET"]}}],"collection":[{"href":"https:\/\/zzlcmachinery.com\/fr\/wp-json\/wp\/v2\/product"}],"about":[{"href":"https:\/\/zzlcmachinery.com\/fr\/wp-json\/wp\/v2\/types\/product"}],"version-history":[{"count":0,"href":"https:\/\/zzlcmachinery.com\/fr\/wp-json\/wp\/v2\/product\/982\/revisions"}],"wp:featuredmedia":[{"embeddable":true,"href":"https:\/\/zzlcmachinery.com\/fr\/wp-json\/wp\/v2\/media\/1016"}],"wp:attachment":[{"href":"https:\/\/zzlcmachinery.com\/fr\/wp-json\/wp\/v2\/media?parent=982"}],"wp:term":[{"taxonomy":"product_brand","embeddable":true,"href":"https:\/\/zzlcmachinery.com\/fr\/wp-json\/wp\/v2\/product_brand?post=982"},{"taxonomy":"product_cat","embeddable":true,"href":"https:\/\/zzlcmachinery.com\/fr\/wp-json\/wp\/v2\/product_cat?post=982"},{"taxonomy":"product_tag","embeddable":true,"href":"https:\/\/zzlcmachinery.com\/fr\/wp-json\/wp\/v2\/product_tag?post=982"}],"curies":[{"name":"wp","href":"https:\/\/api.w.org\/{rel}","templated":true}]}}