{"id":980,"date":"2022-11-18T23:43:03","date_gmt":"2022-11-18T15:43:03","guid":{"rendered":"https:\/\/zzlcmachinery.com\/?post_type=product&#038;p=980"},"modified":"2022-11-22T14:17:32","modified_gmt":"2022-11-22T06:17:32","slug":"c41-150kg-air-hammer-metal-forging-hammer-for-sale","status":"publish","type":"product","link":"https:\/\/zzlcmachinery.com\/fr\/produit\/c41-150kg-air-hammer-metal-forging-hammer-for-sale\/","title":{"rendered":"C41-150KG Air Hammer Metal Forgeage Marteau \u00c0 Vendre"},"content":{"rendered":"","protected":false},"excerpt":{"rendered":"<p>Ce marteau de forgeage de m\u00e9tal \u00e0 marteau pneumatique C41-150KG \u00e0 vendre est largement utilis\u00e9 pour les travaux de forgeage g\u00e9n\u00e9raux, tels que l&#039;\u00e9tirage, le refoulement, le poin\u00e7onnage, le ciselage, la forge, le soudage, le pliage et la torsion, il est \u00e9galement utilis\u00e9 pour la forge dans les matrices de traversin.<br \/>\nLe marteau de forgeage pneumatique est largement utilis\u00e9 pour les travaux de forgeage g\u00e9n\u00e9raux, tels que l&#039;\u00e9tirage, le refoulement, le poin\u00e7onnage, le burinage, le forgeage, le soudage, le pliage et la torsion. Il est \u00e9galement utilis\u00e9 pour la forge dans les matrices de traversin. Le marteau pneumatique est \u00e9galement appel\u00e9 marteau de forge, marteau de forge, marteau de forge pneumatique, marteau de puissance et ainsi de suite. Poids tombant du marteau pneumatique \u00e0 6 kg, 16 kg, 20 kg, 25 kg, 40 kg, 55 kg, 75 kg, 150 kg, 250 kg principalement pour le fer forg\u00e9 artistique, le forgeage artistique, le forgeron, les outils agricoles et les petites pi\u00e8ces de forgeage \u00e0 matrice ouverte.<br \/>\nNous pouvons fournir 6 kg, 16 kg, 25 kg, 40 kg, 55 kg, 75 kg, 100 kg, 150 kg, 250 kg, 400 kg, 560 kg, 750 kg, 1000 kg, 2000 kg pour choisir selon les diff\u00e9rents besoins de forgeage .Vous pouvez choisir le mod\u00e8le selon les sp\u00e9cifications suivantes<\/p>\n<p><strong>PARAM\u00c8TRE TECHNIQUE<br \/>\nMod\u00e8le : C41-150KG<br \/>\nPoids des pi\u00e8ces tombantes (KG): 150<\/strong>KG<br \/>\n<strong>Type de structure:S\u00e9par\u00e9e<\/strong> Marteau pneumatique<strong><br \/>\n\u00c9nergie max. Hit (KJ): 2,2<\/strong>KJ<strong><br \/>\nTaille max. forg\u00e9e (diam\u00e8tre) sur l&#039;acier rond\u00a0:<\/strong>\u03c6145mm<br \/>\n<strong>Taille max. forg\u00e9e (diam\u00e8tre) sur acier carr\u00e9\u00a0:<\/strong>130*130mm<br \/>\n<strong>Pouvoir:<\/strong> 15KW<br \/>\n<strong>tension:<\/strong>\u00a0220V\/380V<br \/>\n<strong>Dimension d&#039;emballage :<\/strong> 2080*1240*2350mm<br \/>\nPoids de l&#039;enclume : 1800 kg<br \/>\n<strong>GW (kg):<\/strong> 5060KG<\/p>","protected":false},"featured_media":1023,"template":"","meta":{"_kad_post_transparent":"default","_kad_post_title":"hide","_kad_post_layout":"fullwidth","_kad_post_sidebar_id":"","_kad_post_content_style":"unboxed","_kad_post_vertical_padding":"hide","_kad_post_feature":"hide","_kad_post_feature_position":"","_kad_post_header":false,"_kad_post_footer":false},"product_brand":[],"product_cat":[28],"product_tag":[471,494,496,495,489,491,492,472,473,490,488,408,493,474,475],"class_list":{"0":"post-980","1":"product","2":"type-product","3":"status-publish","4":"has-post-thumbnail","6":"product_cat-blacksmith-power-hammer","7":"product_tag-150kg-air-planishing-hammer-for-blacksmith","8":"product_tag-250kg-mainly-for-artistic-wrought-iron","9":"product_tag-agriculture-tools-and-small-open-die-forging-parts","10":"product_tag-artistic-forging","11":"product_tag-bending-and-twisting","12":"product_tag-bending-and-twisting-it-is-also-used-for-forge-in-bolster-dies-air-hammer-is-also-called-forging-hammer","13":"product_tag-blacksmithing-hammer","14":"product_tag-c41-150kg-blacksmith-forge-pneumatic-hammer","15":"product_tag-heavy-duty-150kg-wrought-iron-blacksmith-forging-hammer-for-sale","16":"product_tag-it-is-also-used-for-forge-in-bolster-dies-pneumatic-forging-hammer-is-widely-used-for-general-forging-works","17":"product_tag-our-pneumatic-forging-hammer-is-widely-used-for-general-forging-works","18":"product_tag-pneumatic-forging-hammer","19":"product_tag-power-hammer-and-so-on-air-hammer-falling-weight-at-6kg","20":"product_tag-power-hammer-blacksmith-anvil-wrought-iron-machinery","21":"product_tag-power-hammer-for-blade-maker-c41-150","23":"first","24":"instock","25":"shipping-taxable","26":"product-type-simple","27":"entry","28":"content-bg","29":"loop-entry"},"_links":{"self":[{"href":"https:\/\/zzlcmachinery.com\/fr\/wp-json\/wp\/v2\/product\/980","targetHints":{"allow":["GET"]}}],"collection":[{"href":"https:\/\/zzlcmachinery.com\/fr\/wp-json\/wp\/v2\/product"}],"about":[{"href":"https:\/\/zzlcmachinery.com\/fr\/wp-json\/wp\/v2\/types\/product"}],"version-history":[{"count":0,"href":"https:\/\/zzlcmachinery.com\/fr\/wp-json\/wp\/v2\/product\/980\/revisions"}],"wp:featuredmedia":[{"embeddable":true,"href":"https:\/\/zzlcmachinery.com\/fr\/wp-json\/wp\/v2\/media\/1023"}],"wp:attachment":[{"href":"https:\/\/zzlcmachinery.com\/fr\/wp-json\/wp\/v2\/media?parent=980"}],"wp:term":[{"taxonomy":"product_brand","embeddable":true,"href":"https:\/\/zzlcmachinery.com\/fr\/wp-json\/wp\/v2\/product_brand?post=980"},{"taxonomy":"product_cat","embeddable":true,"href":"https:\/\/zzlcmachinery.com\/fr\/wp-json\/wp\/v2\/product_cat?post=980"},{"taxonomy":"product_tag","embeddable":true,"href":"https:\/\/zzlcmachinery.com\/fr\/wp-json\/wp\/v2\/product_tag?post=980"}],"curies":[{"name":"wp","href":"https:\/\/api.w.org\/{rel}","templated":true}]}}