{"id":961,"date":"2022-11-17T23:45:25","date_gmt":"2022-11-17T15:45:25","guid":{"rendered":"https:\/\/zzlcmachinery.com\/?post_type=product&#038;p=961"},"modified":"2022-11-22T14:13:53","modified_gmt":"2022-11-22T06:13:53","slug":"c41-55kg-wrought-iron-forging-pneumatic-hammer-for-blacksmith","status":"publish","type":"product","link":"https:\/\/zzlcmachinery.com\/fr\/produit\/c41-55kg-wrought-iron-forging-pneumatic-hammer-for-blacksmith\/","title":{"rendered":"Marteau pneumatique de forgeage en fer forg\u00e9 C41-55KG pour forgeron"},"content":{"rendered":"","protected":false},"excerpt":{"rendered":"<p>Ce marteau pneumatique forg\u00e9 en fer forg\u00e9 C41-55KG pour forgeron Le marteau pneumatique forg\u00e9 en fer forg\u00e9 C41-55KG est de petite taille, silencieux, de structure simple, pratique \u00e0 utiliser, flexible \u00e0 action, pratique \u00e0 manipuler, \u00e0 installer et \u00e0 entretenir. Cette machine est une machine \u00e0 structure monobloc elle-m\u00eame avec un socle. L&#039;avantage d&#039;un tel marteau pneumatique est qu&#039;il peut \u00eatre d\u00e9plac\u00e9 vers n&#039;importe quel site requis par le client pour le travail, et il est tr\u00e8s flexible. Le marteau pneumatique au-dessus de 55 kg peut forger des corps m\u00e9talliques plus grands. Ce mod\u00e8le convient \u00e0 divers forgeages libres: tels que le refoulement, l&#039;\u00e9tirement, le poin\u00e7onnage, le pliage, la torsion, le cisaillement \u00e0 chaud, la connexion terminale, etc., et les matrices de tampon peuvent \u00eatre utilis\u00e9es en m\u00eame temps. Effectuer divers forgeages libres. Il convient au forgeage libre de pi\u00e8ces de diff\u00e9rentes formes, en particulier pour le forgeage de faucilles, badins, fers \u00e0 cheval, houes, etc. dans les entreprises rurales des communes et les m\u00e9nages professionnels. Dans le m\u00eame temps, diverses usines et mines utilisent \u00e9galement des marteaux pneumatiques pour forger des billes d&#039;acier, des \u00e9chafaudages et d&#039;autres fournitures de construction d&#039;usines et de mines. De plus, cette s\u00e9rie de marteaux pneumatiques est \u00e9galement un outil professionnel en fer forg\u00e9 couramment utilis\u00e9 par les forgerons. Il peut fabriquer diff\u00e9rents styles de moules et forger toutes sortes de fleurs et d&#039;oiseaux en fer forg\u00e9 et d&#039;autres d\u00e9corations exquises.<br \/>\nNous pouvons fournir 6 kg, 16 kg, 25 kg, 40 kg, 55 kg, 75 kg, 100 kg, 150 kg, 250 kg, 400 kg, 560 kg, 750 kg, 1000 kg, 2000 kg pour choisir selon les diff\u00e9rents besoins de forgeage .Vous pouvez choisir le mod\u00e8le selon les sp\u00e9cifications suivantes<\/p>\n<p><strong>PARAM\u00c8TRE TECHNIQUE<br \/>\nMod\u00e8le : C41-55KG<br \/>\nPoids des pi\u00e8ces tombantes (KG): 55<\/strong>KG<br \/>\n<strong>Type d&#039;ouvrage\u00a0:<\/strong>Marteau pneumatique fendu<strong><br \/>\n\u00c9nergie Max.Hit (KJ):<\/strong>0.27KJ<strong><br \/>\nTaille max. forg\u00e9e (diam\u00e8tre) sur l&#039;acier rond\u00a0:<\/strong>\u03c645mm<br \/>\n<strong>Taille max. forg\u00e9e (diam\u00e8tre) sur acier carr\u00e9\u00a0:<\/strong>40x40mm<br \/>\n<strong>Pouvoir:<\/strong> 3KW<br \/>\n<strong>tension:<\/strong>\u00a0220V\/380V<br \/>\n<strong>Dimension d&#039;emballage :<\/strong> 980*510*1200<br \/>\n<strong>GW (kg):<\/strong> 560<\/p>","protected":false},"featured_media":967,"template":"","meta":{"_kad_post_transparent":"default","_kad_post_title":"hide","_kad_post_layout":"fullwidth","_kad_post_sidebar_id":"","_kad_post_content_style":"unboxed","_kad_post_vertical_padding":"hide","_kad_post_feature":"hide","_kad_post_feature_position":"","_kad_post_header":false,"_kad_post_footer":false},"product_brand":[],"product_cat":[28],"product_tag":[450,448,445,446,451,453,454,449,447,428,452],"class_list":{"0":"post-961","1":"product","2":"type-product","3":"status-publish","4":"has-post-thumbnail","6":"product_cat-blacksmith-power-hammer","7":"product_tag-c41-series-blacksmith-hydraulic-hammer-for-iron","8":"product_tag-c41-55kg-blacksmith-forging-hammer-for-sale","9":"product_tag-c41-55kg-hammer-strength-power-rack","10":"product_tag-c41-55kg-pneumatic-air-power-hammer-with-anvil-55kg","11":"product_tag-china-the-most-popular-c41-40kg-75kg-150kg-blacksmith-air-hammer-for-sale","12":"product_tag-factory-direct-sale-20kg-25kg-40kg-power-hammer-for-sale-south-africa","13":"product_tag-factory-direct-sale-c41-25kg-homemade-blacksmith-power-hammer","14":"product_tag-hot-sale-anyang-power-hammer-uk-from-ellsen","15":"product_tag-pneumatic-forging-hammer-for-wrought-iron-blacksmith","16":"product_tag-pneumatic-hammer-for-blacksmith","17":"product_tag-wrought-iron-air-power-hammer-for-sale","19":"first","20":"instock","21":"shipping-taxable","22":"product-type-simple","23":"entry","24":"content-bg","25":"loop-entry"},"_links":{"self":[{"href":"https:\/\/zzlcmachinery.com\/fr\/wp-json\/wp\/v2\/product\/961","targetHints":{"allow":["GET"]}}],"collection":[{"href":"https:\/\/zzlcmachinery.com\/fr\/wp-json\/wp\/v2\/product"}],"about":[{"href":"https:\/\/zzlcmachinery.com\/fr\/wp-json\/wp\/v2\/types\/product"}],"version-history":[{"count":0,"href":"https:\/\/zzlcmachinery.com\/fr\/wp-json\/wp\/v2\/product\/961\/revisions"}],"wp:featuredmedia":[{"embeddable":true,"href":"https:\/\/zzlcmachinery.com\/fr\/wp-json\/wp\/v2\/media\/967"}],"wp:attachment":[{"href":"https:\/\/zzlcmachinery.com\/fr\/wp-json\/wp\/v2\/media?parent=961"}],"wp:term":[{"taxonomy":"product_brand","embeddable":true,"href":"https:\/\/zzlcmachinery.com\/fr\/wp-json\/wp\/v2\/product_brand?post=961"},{"taxonomy":"product_cat","embeddable":true,"href":"https:\/\/zzlcmachinery.com\/fr\/wp-json\/wp\/v2\/product_cat?post=961"},{"taxonomy":"product_tag","embeddable":true,"href":"https:\/\/zzlcmachinery.com\/fr\/wp-json\/wp\/v2\/product_tag?post=961"}],"curies":[{"name":"wp","href":"https:\/\/api.w.org\/{rel}","templated":true}]}}