{"id":943,"date":"2022-11-17T19:44:01","date_gmt":"2022-11-17T11:44:01","guid":{"rendered":"https:\/\/zzlcmachinery.com\/?post_type=product&#038;p=943"},"modified":"2022-11-22T14:08:52","modified_gmt":"2022-11-22T06:08:52","slug":"factory-direct-sale-c41-25kg-homemade-blacksmith-power-hammer","status":"publish","type":"product","link":"https:\/\/zzlcmachinery.com\/fr\/produit\/factory-direct-sale-c41-25kg-homemade-blacksmith-power-hammer\/","title":{"rendered":"Vente directe d&#039;usine C41-25kg Marteau de forgeron fait maison"},"content":{"rendered":"","protected":false},"excerpt":{"rendered":"<p>Ce marteau de forgeron maison C41-25kg de vente directe d&#039;usine est de petite taille, silencieux, de structure simple, facile \u00e0 utiliser, flexible dans l&#039;action et pratique dans la manipulation, l&#039;installation et l&#039;entretien. Ce mod\u00e8le convient \u00e0 divers forgeages libres: tels que le refoulement, l&#039;\u00e9tirage, le poin\u00e7onnage, le pliage, la torsion, le cisaillement \u00e0 chaud, la connexion terminale, etc. En m\u00eame temps, divers forgeages \u00e0 matrice ouverte peuvent \u00eatre r\u00e9alis\u00e9s \u00e0 l&#039;aide de matrices \u00e0 tampon. Il convient au forgeage libre de pi\u00e8ces de diff\u00e9rentes formes, particuli\u00e8rement adapt\u00e9 aux entreprises de canton rural et aux m\u00e9nages professionnels forgeant des faucilles, des Badin, des bovins et des fers \u00e0 cheval et des houes. Dans le m\u00eame temps, diverses usines et mines utilisent \u00e9galement des marteaux pneumatiques pour forger des billes d&#039;acier, des \u00e9chafaudages et d&#039;autres usines, mines et mat\u00e9riaux de construction. De plus, cette s\u00e9rie de marteaux pneumatiques est \u00e9galement un outil professionnel en fer forg\u00e9 couramment utilis\u00e9 par les forgerons. Il peut fabriquer diff\u00e9rents styles de moules et forger diverses fleurs, oiseaux et autres belles d\u00e9corations en fer forg\u00e9.<br \/>\nNous pouvons fournir 6 kg, 16 kg, 25 kg, 40 kg, 55 kg, 75 kg, 100 kg, 150 kg, 250 kg, 400 kg, 560 kg, 750 kg, 1000 kg, 2000 kg pour choisir selon les diff\u00e9rents besoins de forgeage .Vous pouvez choisir le mod\u00e8le selon les sp\u00e9cifications suivantes<\/p>\n<p><strong>PARAM\u00c8TRE TECHNIQUE<br \/>\nMod\u00e8le : C41-25KG<br \/>\nPoids des pi\u00e8ces tombantes (KG):<\/strong>25KG<br \/>\n<strong>Type d&#039;ouvrage\u00a0:<\/strong>Marteau pneumatique s\u00e9par\u00e9<strong><br \/>\n\u00c9nergie Max.Hit (KJ):<\/strong>0.27KJ<strong><br \/>\nTaille max. forg\u00e9e (diam\u00e8tre) sur l&#039;acier rond\u00a0:<\/strong>\u03c645mm<br \/>\n<strong>Taille max. forg\u00e9e (diam\u00e8tre) sur acier carr\u00e9\u00a0:<\/strong>40x40mm<br \/>\n<strong>Pouvoir:<\/strong> 3KW<br \/>\n<strong>tension:<\/strong>\u00a0220V\/380V<br \/>\n<strong>Dimension d&#039;emballage :<\/strong> 980*510*1200<br \/>\n<strong>GW (kg):<\/strong> 560<\/p>","protected":false},"featured_media":947,"template":"","meta":{"_kad_post_transparent":"default","_kad_post_title":"hide","_kad_post_layout":"fullwidth","_kad_post_sidebar_id":"","_kad_post_content_style":"unboxed","_kad_post_vertical_padding":"hide","_kad_post_feature":"hide","_kad_post_feature_position":"","_kad_post_header":false,"_kad_post_footer":false},"product_brand":[],"product_cat":[28],"product_tag":[416,432,431,430,429,428],"class_list":{"0":"post-943","1":"product","2":"type-product","3":"status-publish","4":"has-post-thumbnail","6":"product_cat-blacksmith-power-hammer","7":"product_tag-air-hammer","8":"product_tag-c41-25kg-drop-forging-hammer-for-iron-blacksmith","9":"product_tag-c41-25kg-electric-pneumatic-hammer","10":"product_tag-high-efficiency-c41-25kg-power-runner-hammer-with-ce","11":"product_tag-hottest-sale-20kg-25kg-40kg-55kg-75kg-blacksmith-pneumatic-hammer","12":"product_tag-pneumatic-hammer-for-blacksmith","14":"first","15":"instock","16":"shipping-taxable","17":"product-type-simple","18":"entry","19":"content-bg","20":"loop-entry"},"_links":{"self":[{"href":"https:\/\/zzlcmachinery.com\/fr\/wp-json\/wp\/v2\/product\/943","targetHints":{"allow":["GET"]}}],"collection":[{"href":"https:\/\/zzlcmachinery.com\/fr\/wp-json\/wp\/v2\/product"}],"about":[{"href":"https:\/\/zzlcmachinery.com\/fr\/wp-json\/wp\/v2\/types\/product"}],"version-history":[{"count":0,"href":"https:\/\/zzlcmachinery.com\/fr\/wp-json\/wp\/v2\/product\/943\/revisions"}],"wp:featuredmedia":[{"embeddable":true,"href":"https:\/\/zzlcmachinery.com\/fr\/wp-json\/wp\/v2\/media\/947"}],"wp:attachment":[{"href":"https:\/\/zzlcmachinery.com\/fr\/wp-json\/wp\/v2\/media?parent=943"}],"wp:term":[{"taxonomy":"product_brand","embeddable":true,"href":"https:\/\/zzlcmachinery.com\/fr\/wp-json\/wp\/v2\/product_brand?post=943"},{"taxonomy":"product_cat","embeddable":true,"href":"https:\/\/zzlcmachinery.com\/fr\/wp-json\/wp\/v2\/product_cat?post=943"},{"taxonomy":"product_tag","embeddable":true,"href":"https:\/\/zzlcmachinery.com\/fr\/wp-json\/wp\/v2\/product_tag?post=943"}],"curies":[{"name":"wp","href":"https:\/\/api.w.org\/{rel}","templated":true}]}}